{"id":2512,"date":"2023-07-27T02:21:42","date_gmt":"2023-07-27T00:21:42","guid":{"rendered":"https:\/\/modern-line.hr\/karijera\/"},"modified":"2024-06-10T08:05:19","modified_gmt":"2024-06-10T06:05:19","slug":"career","status":"publish","type":"page","link":"https:\/\/modern-line.hr\/en\/career\/","title":{"rendered":"Career in Modern Line"},"content":{"rendered":"<section  class=\"section no titlesec\"><div class=\"row\"><div class=\"wpb_column col-md-12 have-padding\"><div class=\"item-padd-mob section-text text-block \" ><div class=\"simple-text md\"><h1 style=\"text-align: center\">Opportunity to work in Modern Line<\/h1>\n<\/div><\/div><\/div><\/div><\/section><section  class=\"section no maxwid mt-40  vc_custom_1700851258647\"><div class=\"row\"><div class=\"wpb_column col-md-12 have-padding\"><div class=\"item-padd-mob section-text text-block \" ><div class=\"simple-text md\"><p style=\"text-align: center\">Welcome to Modern Line, a leading factory for the production of aluminum and PVC doors and windows. Join us to be part of an innovative team that uses high-tech machinery to redefine industry standards.<\/p>\n<\/div><\/div><\/div><\/div><\/section><section  class=\"section no mt-100  vc_custom_1700851205614\"><div class=\"row\"><div class=\"wpb_column col-md-6 have-padding\"><div class=\"item-padd-mob section-text text-block \" ><div class=\"simple-text md\"><h3>Advanced technology<\/h3>\n<p>Work with state-of-the-art machinery, precision cutting tools and automated assembly lines to deliver doors and windows of exceptional quality.<\/p>\n<p>&nbsp;<\/p>\n<h3>Embrace innovation<\/h3>\n<p>Contribute to our commitment to continuous improvement, research and development. Help shape the future of the industry by researching new materials and manufacturing techniques.<\/p>\n<p>&nbsp;<\/p>\n<h3>Career growth<\/h3>\n<p>Take advantage of extensive training, mentoring programs and professional development opportunities. Grow within our collaborative and supportive environment.<\/p>\n<p>&nbsp;<\/p>\n<h3>Sustainability focus<\/h3>\n<p>Join an environmentally responsible organization that prioritizes sustainable practices and environmentally friendly materials.<\/p>\n<\/div><\/div><\/div><div class=\"wpb_column col-md-6 have-padding\">[vc_single_image image=&#8221;1481&#8243; img_size=&#8221;full&#8221; alignment=&#8221;center&#8221; css_animation=&#8221;fadeIn&#8221;]<\/div><\/div><\/section><section  class=\"section no titlesec  vc_custom_1700851312221\"><div class=\"row\"><div class=\"wpb_column col-md-12 have-padding\"><div class=\"item-padd-mob section-text text-block \" ><div class=\"simple-text md\"><h2 style=\"text-align: center\">Currently open positions<\/h2>\n<\/div><\/div><\/div><\/div><\/section><section  class=\"section no  vc_custom_1700851295897\"><div class=\"row\"><div class=\"wpb_column col-md-12 have-padding\">[vc_basic_grid post_type=&#8221;post&#8221; max_items=&#8221;10&#8243; grid_id=&#8221;vc_gid:1717999343821-005c4504-9771-1&#8243; taxonomies=&#8221;39&#8243;]<\/div><\/div><\/section><section  class=\"section no mt-40  vc_custom_1717438779448\"><div class=\"row\"><div class=\"wpb_column col-md-12 no-padding\"><div class=\"item-padd-mob section-text text-block \" ><div class=\"simple-text md\"><p>You can send your open application with your contact information and basic CV by mail to our address or via email <a href=\"mailto:info@modern-line.hr\">info@modern-line.hr<\/a> with the indication <strong>&#8216;Open application for employment&#8217;<\/strong>.<\/p>\n<\/div><\/div><\/div><\/div><\/section>\n","protected":false},"excerpt":{"rendered":"Opportunity to work in Modern Line Welcome to Modern Line, a leading factory for the production of aluminum and PVC doors and windows. Join us to be part of an innovative team that uses high-tech machinery to redefine industry standards. Advanced technology Work with state-of-the-art machinery, precision cutting tools and automated assembly lines to deliver [...]","protected":false},"author":1,"featured_media":0,"parent":0,"menu_order":0,"comment_status":"closed","ping_status":"closed","template":"","meta":{"footnotes":""},"class_list":["post-2512","page","type-page","status-publish","hentry"],"yoast_head":"<!-- This site is optimized with the Yoast SEO plugin v27.1.1 - https:\/\/yoast.com\/product\/yoast-seo-wordpress\/ -->\n<title>Prilika za rad u Modern Lineu<\/title>\n<meta name=\"description\" content=\"Pridru\u017eite se na\u0161em timu. Otkrijte prilike za karijeru u proizvodnji aluminija i PVC-a. Postanite dio na\u0161e pri\u010de!\" \/>\n<meta name=\"robots\" content=\"index, follow, max-snippet:-1, max-image-preview:large, max-video-preview:-1\" \/>\n<link rel=\"canonical\" href=\"https:\/\/modern-line.hr\/en\/career\/\" \/>\n<meta property=\"og:locale\" content=\"en_US\" \/>\n<meta property=\"og:type\" content=\"article\" \/>\n<meta property=\"og:title\" content=\"Prilika za rad u Modern Lineu\" \/>\n<meta property=\"og:description\" content=\"Pridru\u017eite se na\u0161em timu. Otkrijte prilike za karijeru u proizvodnji aluminija i PVC-a. Postanite dio na\u0161e pri\u010de!\" \/>\n<meta property=\"og:url\" content=\"https:\/\/modern-line.hr\/en\/career\/\" \/>\n<meta property=\"og:site_name\" content=\"Modern Line\" \/>\n<meta property=\"article:modified_time\" content=\"2024-06-10T06:05:19+00:00\" \/>\n<meta name=\"twitter:card\" content=\"summary_large_image\" \/>\n<meta name=\"twitter:label1\" content=\"Est. reading time\" \/>\n\t<meta name=\"twitter:data1\" content=\"2 minutes\" \/>\n<script type=\"application\/ld+json\" class=\"yoast-schema-graph\">{\"@context\":\"https:\/\/schema.org\",\"@graph\":[{\"@type\":\"WebPage\",\"@id\":\"https:\/\/modern-line.hr\/en\/career\/\",\"url\":\"https:\/\/modern-line.hr\/en\/career\/\",\"name\":\"Prilika za rad u Modern Lineu\",\"isPartOf\":{\"@id\":\"https:\/\/modern-line.hr\/#website\"},\"datePublished\":\"2023-07-27T00:21:42+00:00\",\"dateModified\":\"2024-06-10T06:05:19+00:00\",\"description\":\"Pridru\u017eite se na\u0161em timu. Otkrijte prilike za karijeru u proizvodnji aluminija i PVC-a. Postanite dio na\u0161e pri\u010de!\",\"breadcrumb\":{\"@id\":\"https:\/\/modern-line.hr\/en\/career\/#breadcrumb\"},\"inLanguage\":\"en-US\",\"potentialAction\":[{\"@type\":\"ReadAction\",\"target\":[\"https:\/\/modern-line.hr\/en\/career\/\"]}]},{\"@type\":\"BreadcrumbList\",\"@id\":\"https:\/\/modern-line.hr\/en\/career\/#breadcrumb\",\"itemListElement\":[{\"@type\":\"ListItem\",\"position\":1,\"name\":\"Po\u010detna stranica\",\"item\":\"https:\/\/modern-line.hr\/en\/\"},{\"@type\":\"ListItem\",\"position\":2,\"name\":\"Career in Modern Line\"}]},{\"@type\":\"WebSite\",\"@id\":\"https:\/\/modern-line.hr\/#website\",\"url\":\"https:\/\/modern-line.hr\/\",\"name\":\"Modern Line\",\"description\":\"Tvornica prozora i vrata\",\"potentialAction\":[{\"@type\":\"SearchAction\",\"target\":{\"@type\":\"EntryPoint\",\"urlTemplate\":\"https:\/\/modern-line.hr\/?s={search_term_string}\"},\"query-input\":{\"@type\":\"PropertyValueSpecification\",\"valueRequired\":true,\"valueName\":\"search_term_string\"}}],\"inLanguage\":\"en-US\"}]}<\/script>\n<!-- \/ Yoast SEO plugin. -->","yoast_head_json":{"title":"Prilika za rad u Modern Lineu","description":"Pridru\u017eite se na\u0161em timu. Otkrijte prilike za karijeru u proizvodnji aluminija i PVC-a. Postanite dio na\u0161e pri\u010de!","robots":{"index":"index","follow":"follow","max-snippet":"max-snippet:-1","max-image-preview":"max-image-preview:large","max-video-preview":"max-video-preview:-1"},"canonical":"https:\/\/modern-line.hr\/en\/career\/","og_locale":"en_US","og_type":"article","og_title":"Prilika za rad u Modern Lineu","og_description":"Pridru\u017eite se na\u0161em timu. Otkrijte prilike za karijeru u proizvodnji aluminija i PVC-a. Postanite dio na\u0161e pri\u010de!","og_url":"https:\/\/modern-line.hr\/en\/career\/","og_site_name":"Modern Line","article_modified_time":"2024-06-10T06:05:19+00:00","twitter_card":"summary_large_image","twitter_misc":{"Est. reading time":"2 minutes"},"schema":{"@context":"https:\/\/schema.org","@graph":[{"@type":"WebPage","@id":"https:\/\/modern-line.hr\/en\/career\/","url":"https:\/\/modern-line.hr\/en\/career\/","name":"Prilika za rad u Modern Lineu","isPartOf":{"@id":"https:\/\/modern-line.hr\/#website"},"datePublished":"2023-07-27T00:21:42+00:00","dateModified":"2024-06-10T06:05:19+00:00","description":"Pridru\u017eite se na\u0161em timu. Otkrijte prilike za karijeru u proizvodnji aluminija i PVC-a. Postanite dio na\u0161e pri\u010de!","breadcrumb":{"@id":"https:\/\/modern-line.hr\/en\/career\/#breadcrumb"},"inLanguage":"en-US","potentialAction":[{"@type":"ReadAction","target":["https:\/\/modern-line.hr\/en\/career\/"]}]},{"@type":"BreadcrumbList","@id":"https:\/\/modern-line.hr\/en\/career\/#breadcrumb","itemListElement":[{"@type":"ListItem","position":1,"name":"Po\u010detna stranica","item":"https:\/\/modern-line.hr\/en\/"},{"@type":"ListItem","position":2,"name":"Career in Modern Line"}]},{"@type":"WebSite","@id":"https:\/\/modern-line.hr\/#website","url":"https:\/\/modern-line.hr\/","name":"Modern Line","description":"Tvornica prozora i vrata","potentialAction":[{"@type":"SearchAction","target":{"@type":"EntryPoint","urlTemplate":"https:\/\/modern-line.hr\/?s={search_term_string}"},"query-input":{"@type":"PropertyValueSpecification","valueRequired":true,"valueName":"search_term_string"}}],"inLanguage":"en-US"}]}},"_links":{"self":[{"href":"https:\/\/modern-line.hr\/en\/wp-json\/wp\/v2\/pages\/2512","targetHints":{"allow":["GET"]}}],"collection":[{"href":"https:\/\/modern-line.hr\/en\/wp-json\/wp\/v2\/pages"}],"about":[{"href":"https:\/\/modern-line.hr\/en\/wp-json\/wp\/v2\/types\/page"}],"author":[{"embeddable":true,"href":"https:\/\/modern-line.hr\/en\/wp-json\/wp\/v2\/users\/1"}],"replies":[{"embeddable":true,"href":"https:\/\/modern-line.hr\/en\/wp-json\/wp\/v2\/comments?post=2512"}],"version-history":[{"count":0,"href":"https:\/\/modern-line.hr\/en\/wp-json\/wp\/v2\/pages\/2512\/revisions"}],"wp:attachment":[{"href":"https:\/\/modern-line.hr\/en\/wp-json\/wp\/v2\/media?parent=2512"}],"curies":[{"name":"wp","href":"https:\/\/api.w.org\/{rel}","templated":true}]}}