{"id":2514,"date":"2023-07-26T00:21:44","date_gmt":"2023-07-25T22:21:44","guid":{"rendered":"https:\/\/modern-line.hr\/home-real\/"},"modified":"2024-07-09T14:38:30","modified_gmt":"2024-07-09T12:38:30","slug":"home-real","status":"publish","type":"page","link":"https:\/\/modern-line.hr\/en\/","title":{"rendered":"Home"},"content":{"rendered":"<section  id=\"homedt\" class=\"section full_stretch_row_content fullwidth pb-60  vc_custom_1720528042363\"><div class=\"row\"><div class=\"wpb_column col-md-12 no-padding\"><div class=\"top-baner video-bg bottom-margin\"><div class=\"block-bg top-image\"><div id=\"home\" class=\"bg-wrap video-bg-wrap overflow-hidden\"><div class=\"video-iframe\"><video loop autoplay muted poster=\"https:\/\/modern-line.hr\/wp-content\/uploads\/2023\/07\/windowshome.jpg\" class=\"bgvid\"><source type=\"video\/webm\" src=\"https:\/\/modern-line.hr\/video\/modernline.webm\"><source type=\"video\/mp4\" src=\"https:\/\/modern-line.hr\/video\/modernline.mp4\"><\/video><\/div><\/div><div class=\"title-style-1 black vertical-align white-style inside\"><div class=\"sub-title\"><h5 class=\"h5 hero-subheading\">Modern Line<\/h5><\/div><h1 class=\"h1 hero-title\">Window and door factory<\/h1><\/div><\/div><\/div><\/div><\/div><\/section><section  id=\"homemb\" class=\"section full_stretch_row_content fullwidth pb-60  vc_custom_1720528032264\"><div class=\"row\"><div class=\"wpb_column col-md-12 no-padding\">[vc_raw_html css=&#8221;&#8221;]JTNDdmlkZW8lMjBhdXRvcGxheSUyMGxvb3AlMjBtdXRlZCUyMHBsYXlzaW5saW5lJTIwc3R5bGUlM0QlMjJ3aWR0aCUzQTEwMCUyNSUzQiUyMiUzRSUwQSUyMCUyMCUyMCUyMCUyMCUyMCUyMCUyMCUyMCUyMCUyMCUyMCUyMCUyMCUyMCUyMCUyMCUyMCUyMCUyMCUyMCUyMCUyMCUyMCUyMCUyMCUyMCUyMCUyMCUyMCUzQ3NvdXJjZSUyMHNyYyUzRCUyMmh0dHBzJTNBJTJGJTJGbW9kZXJuLWxpbmUuaHIlMkZ2aWRlbyUyRm1vZGVybmxpbmUtbWIubXA0JTIyJTIwdHlwZSUzRCUyMnZpZGVvJTJGbXA0JTIyJTNFJTBBJTIwJTIwJTIwJTIwJTIwJTIwJTIwJTIwJTIwJTIwJTIwJTIwJTIwJTIwJTIwJTIwJTIwJTIwJTIwJTIwJTIwJTIwJTIwJTIwJTIwJTIwJTIwJTIwJTIwJTIwJTNDc291cmNlJTIwc3JjJTNEJTIyLmh0dHBzJTNBJTJGJTJGbW9kZXJuLWxpbmUuaHIlMkZ2aWRlbyUyRm1vZGVybmxpbmUtbWIud2VibSUyMiUyMHR5cGUlM0QlMjJ2aWRlbyUyRndlYm0lMjIlM0UlMEElMjAlMjAlMjAlMjAlMjAlMjAlMjAlMjAlMjAlMjAlMjAlMjAlMjAlMjAlMjAlMjAlMjAlMjAlMjAlMjAlMjAlMjAlMjAlMjAlMjAlMjAlMjAlMjAlMjAlMjBWYSVDNSVBMSUyMHByZWdsZWRuaWslMjBuZSUyMHBvZHIlQzUlQkVhdmElMjB2aWRlbyUyMG1hdGVyaWphbC4lMEElMjAlMjAlMjAlMjAlMjAlMjAlMjAlMjAlMjAlMjAlMjAlMjAlMjAlMjAlMjAlMjAlMjAlMjAlMjAlMjAlMjAlMjAlMjAlMjAlMjAlMjAlMjAlM0MlMkZ2aWRlbyUzRQ==[\/vc_raw_html]<\/div><\/div><\/section><section  class=\"section no titlesec mt-40  vc_custom_1700797381163\"><div class=\"row\"><div class=\"wpb_column col-md-12 have-padding\"><div class=\"item-padd-mob section-text text-block \" ><div class=\"simple-text md\"><h1 style=\"text-align: center\">Modern Line d.o.o. &#8211; Aluminum carpentry and PVC doors and windows<\/h1>\n<\/div><\/div><\/div><\/div><\/section><section  class=\"section no maxwidmax mt-40  vc_custom_1711369828366\"><div class=\"row\"><div class=\"wpb_column col-md-12 have-padding\"><div class=\"item-padd-mob section-text text-block \" ><div class=\"simple-text md\"><p style=\"text-align: center\">We are manufacturers of PVC and aluminum windows and doors, dedicated to improving the comfort and energy efficiency of residential and commercial spaces with a commitment to innovation and excellence.<\/p>\n<\/div><\/div><\/div><\/div><\/section><section  class=\"section no titlesec  vc_custom_1700862697009\"><div class=\"row\"><div class=\"wpb_column col-md-12 have-padding\"><div class=\"item-padd-mob section-text text-block \" ><div class=\"simple-text md\"><h1 style=\"text-align: center\">Our offer of products and services<\/h1>\n<\/div><\/div><\/div><\/div><\/section><section  class=\"section no\"><div class=\"row\"><div class=\"wpb_column col-md-4 have-padding\">[vc_single_image image=&#8221;1089&#8243; img_size=&#8221;full&#8221; onclick=&#8221;custom_link&#8221; css_animation=&#8221;fadeIn&#8221; css=&#8221;&#8221; link=&#8221;https:\/\/modern-line.hr\/en\/products\/aluminum-carpentry\/&#8221;]<div class=\"item-padd-mob section-text text-block \" ><div class=\"simple-text md\"><h4 style=\"text-align: center\"><a href=\"https:\/\/modern-line.hr\/en\/products\/aluminum-carpentry\/\">Aluminum carpentry<\/a><\/h4>\n<\/div><\/div><\/div><div class=\"wpb_column col-md-4 have-padding\">[vc_single_image image=&#8221;1092&#8243; img_size=&#8221;full&#8221; onclick=&#8221;custom_link&#8221; css_animation=&#8221;fadeIn&#8221; css=&#8221;&#8221; link=&#8221;https:\/\/modern-line.hr\/en\/products\/pvc-doors-and-windows\/&#8221;]<div class=\"item-padd-mob section-text text-block \" ><div class=\"simple-text md\"><h4 style=\"text-align: center\"><a href=\"https:\/\/modern-line.hr\/en\/products\/pvc-doors-and-windows\/\">PVC doors and windows<\/a><\/h4>\n<\/div><\/div><\/div><div class=\"wpb_column col-md-4 have-padding\">[vc_single_image image=&#8221;1090&#8243; img_size=&#8221;full&#8221; onclick=&#8221;custom_link&#8221; css_animation=&#8221;fadeIn&#8221; css=&#8221;&#8221; link=&#8221;https:\/\/modern-line.hr\/en\/products\/wooden-carpentry-room-doors\/&#8221;]<div class=\"item-padd-mob section-text text-block \" ><div class=\"simple-text md\"><h4 style=\"text-align: center\"><a href=\"https:\/\/modern-line.hr\/en\/products\/wooden-carpentry-room-doors\/\">Wooden carpentry &#8211; room doors<\/a><\/h4>\n<\/div><\/div><\/div><\/div><\/section><section  class=\"section no  vc_custom_1701068198545\"><div class=\"row\"><div class=\"wpb_column col-md-3 have-padding\">[vc_single_image image=&#8221;1093&#8243; img_size=&#8221;full&#8221; onclick=&#8221;custom_link&#8221; css_animation=&#8221;fadeIn&#8221; css=&#8221;&#8221; link=&#8221;https:\/\/modern-line.hr\/en\/products\/shadows\/&#8221;]<div class=\"item-padd-mob section-text text-block \" ><div class=\"simple-text md\"><h4 style=\"text-align: center\"><a href=\"https:\/\/modern-line.hr\/en\/products\/shadows\/\">Shadows<\/a><\/h4>\n<\/div><\/div><\/div><div class=\"wpb_column col-md-3 have-padding\">[vc_single_image image=&#8221;1662&#8243; img_size=&#8221;full&#8221; onclick=&#8221;custom_link&#8221; css_animation=&#8221;fadeIn&#8221; css=&#8221;&#8221; link=&#8221;https:\/\/modern-line.hr\/en\/products\/facades\/&#8221;]<div class=\"item-padd-mob section-text text-block \" ><div class=\"simple-text md\"><h4 style=\"text-align: center\"><a href=\"https:\/\/modern-line.hr\/en\/products\/facades\/\">Facades<\/a><\/h4>\n<\/div><\/div><\/div><div class=\"wpb_column col-md-3 have-padding\">[vc_single_image image=&#8221;1660&#8243; img_size=&#8221;full&#8221; onclick=&#8221;custom_link&#8221; css_animation=&#8221;fadeIn&#8221; css=&#8221;&#8221; link=&#8221;https:\/\/modern-line.hr\/en\/products\/glass-fences\/&#8221;]<div class=\"item-padd-mob section-text text-block \" ><div class=\"simple-text md\"><h4 style=\"text-align: center\"><a href=\"https:\/\/modern-line.hr\/en\/products\/glass-fences\/\">Glass fences<\/a><\/h4>\n<\/div><\/div><\/div><div class=\"wpb_column col-md-3 have-padding\">[vc_single_image image=&#8221;1658&#8243; img_size=&#8221;full&#8221; onclick=&#8221;custom_link&#8221; css_animation=&#8221;fadeIn&#8221; css=&#8221;&#8221; link=&#8221;https:\/\/modern-line.hr\/en\/products\/mosquito-nets\/&#8221;]<div class=\"item-padd-mob section-text text-block \" ><div class=\"simple-text md\"><h4 style=\"text-align: center\"><a href=\"https:\/\/modern-line.hr\/en\/products\/mosquito-nets\/\">Mosquito nets<\/a><\/h4>\n<\/div><\/div><\/div><\/div><\/section><section  class=\"section no titlesec mt-40  vc_custom_1716230262489\"><div class=\"row\"><div class=\"wpb_column col-md-12 have-padding\"><div class=\"item-padd-mob section-text text-block \" ><div class=\"simple-text md\"><h2 style=\"text-align: center\">News<\/h2>\n<\/div><\/div><\/div><\/div><\/section><section  class=\"section no pt-40 pb-100  vc_custom_1700796427487\"><div class=\"row\"><div class=\"wpb_column col-md-12 have-padding\">[vc_basic_grid post_type=&#8221;post&#8221; max_items=&#8221;3&#8243; item=&#8221;basicGrid_NoAnimation&#8221; grid_id=&#8221;vc_gid:1720528050464-f43e6c0b-3ae0-0&#8243; taxonomies=&#8221;45&#8243;][vc_btn title=&#8221;ALL NEWS&#8221; style=&#8221;outline-custom&#8221; outline_custom_color=&#8221;#666666&#8243; outline_custom_hover_background=&#8221;#666666&#8243; outline_custom_hover_text=&#8221;#ffffff&#8221; shape=&#8221;square&#8221; align=&#8221;center&#8221; css=&#8221;&#8221; link=&#8221;url:https%3A%2F%2Fmodern-line.hr%2Fen%2Fnews%2F|title:Reference&#8221;]<\/div><\/div><\/section><section  class=\"section no maxwidmax mt-40  vc_custom_1711497337059\"><div class=\"row\"><div class=\"wpb_column col-md-12 have-padding\"><div class=\"item-padd-mob section-text text-block \" ><div class=\"simple-text md\"><h5 style=\"text-align: center\">We are architects of comfort, guardians from natural disasters and advocates of aesthetic values.<\/h5>\n<p style=\"text-align: center\">We have become a trusted name in the construction industry, known for making window openings<br \/>\nwhich withstand even the most difficult weather conditions.<\/p>\n<\/div><\/div><\/div><\/div><\/section><section  class=\"section no titlesec mt-40  vc_custom_1700797381163\"><div class=\"row\"><div class=\"wpb_column col-md-12 have-padding\"><div class=\"item-padd-mob section-text text-block \" ><div class=\"simple-text md\"><h2 style=\"text-align: center\">Reference objects<\/h2>\n<\/div><\/div><\/div><\/div><\/section><section  class=\"section no pt-40 pb-100  vc_custom_1711528716563\"><div class=\"row\"><div class=\"wpb_column col-md-12 have-padding\">[vc_basic_grid post_type=&#8221;portfolio&#8221; max_items=&#8221;6&#8243; item=&#8221;basicGrid_NoAnimation&#8221; grid_id=&#8221;vc_gid:1720528050464-b4ebe7ab-c42c-0&#8243; taxonomies=&#8221;38&#8243;][vc_btn title=&#8221;ALL REFERENCES&#8221; style=&#8221;outline-custom&#8221; outline_custom_color=&#8221;#666666&#8243; outline_custom_hover_background=&#8221;#666666&#8243; outline_custom_hover_text=&#8221;#ffffff&#8221; shape=&#8221;square&#8221; align=&#8221;center&#8221; css=&#8221;&#8221; link=&#8221;url:https%3A%2F%2Fmodern-line.hr%2Fen%2Freferences%2F|title:Reference&#8221;]<\/div><\/div><\/section><section  class=\"section no titlesec mt-40  vc_custom_1711529288765\"><div class=\"row\"><div class=\"wpb_column col-md-12 have-padding\"><div class=\"item-padd-mob section-text text-block \" ><div class=\"simple-text md\"><h2 style=\"text-align: center\">Subscribe to the newsletter<\/h2>\n<\/div><\/div><\/div><\/div><\/section><section  class=\"section no titlesec mt-40  vc_custom_1711529298591\"><div class=\"row\"><div class=\"wpb_column col-md-12 have-padding\"><div class=\"item-padd-mob section-text text-block \" ><div class=\"simple-text md\"><script>(function() {\n\twindow.mc4wp = window.mc4wp || {\n\t\tlisteners: [],\n\t\tforms: {\n\t\t\ton: function(evt, cb) {\n\t\t\t\twindow.mc4wp.listeners.push(\n\t\t\t\t\t{\n\t\t\t\t\t\tevent   : evt,\n\t\t\t\t\t\tcallback: cb\n\t\t\t\t\t}\n\t\t\t\t);\n\t\t\t}\n\t\t}\n\t}\n})();\n<\/script><!-- Mailchimp for WordPress v4.12.0 - https:\/\/wordpress.org\/plugins\/mailchimp-for-wp\/ --><form id=\"mc4wp-form-1\" class=\"mc4wp-form mc4wp-form-1910\" method=\"post\" data-id=\"1910\" data-name=\"Newsletter forma\" ><div class=\"mc4wp-form-fields\"><p>\r\n\t<label>Email address\r\n\t\t<input type=\"email\" name=\"EMAIL\" placeholder=\"Your email address\" required=\"\">\r\n<\/label>\r\n<\/p>\r\n\r\n<p>\r\n\t<input type=\"submit\" value=\"Subscribe\">\r\n<\/p><\/div><label style=\"display: none !important;\">Leave this field empty if you're human: <input type=\"text\" name=\"_mc4wp_honeypot\" value=\"\" tabindex=\"-1\" autocomplete=\"off\" \/><\/label><input type=\"hidden\" name=\"_mc4wp_timestamp\" value=\"1776564462\" \/><input type=\"hidden\" name=\"_mc4wp_form_id\" value=\"1910\" \/><input type=\"hidden\" name=\"_mc4wp_form_element_id\" value=\"mc4wp-form-1\" \/><div class=\"mc4wp-response\"><\/div><\/form><!-- \/ Mailchimp for WordPress Plugin -->\n<\/div><\/div><\/div><\/div><\/section><section  class=\"section no partner-logos\"><div class=\"row\"><div class=\"wpb_column col-md-2 have-padding\"><\/div><div class=\"wpb_column col-md-2 have-padding\">[vc_single_image image=&#8221;1459&#8243; img_size=&#8221;full&#8221; onclick=&#8221;custom_link&#8221; img_link_target=&#8221;_blank&#8221; link=&#8221;https:\/\/www.schueco.com\/com\/&#8221;]<\/div><div class=\"wpb_column col-md-2 have-padding\">[vc_single_image image=&#8221;811&#8243; img_size=&#8221;full&#8221; onclick=&#8221;custom_link&#8221; img_link_target=&#8221;_blank&#8221; link=&#8221;https:\/\/www.reynaers.com\/&#8221;]<\/div><div class=\"wpb_column col-md-2 have-padding\">[vc_single_image image=&#8221;1461&#8243; img_size=&#8221;full&#8221; onclick=&#8221;custom_link&#8221; img_link_target=&#8221;_blank&#8221; link=&#8221;https:\/\/feal.ba\/&#8221;]<\/div><div class=\"wpb_column col-md-2 have-padding\">[vc_single_image image=&#8221;809&#8243; img_size=&#8221;full&#8221; onclick=&#8221;custom_link&#8221; img_link_target=&#8221;_blank&#8221; link=&#8221;https:\/\/www.koemmerling.com\/&#8221;]<\/div><div class=\"wpb_column col-md-2 have-padding\"><\/div><\/div><\/section><section  class=\"section no partner-logos\"><div class=\"row\"><div class=\"wpb_column col-md-2 have-padding\"><\/div><div class=\"wpb_column col-md-2 have-padding\">[vc_single_image image=&#8221;808&#8243; img_size=&#8221;full&#8221; onclick=&#8221;custom_link&#8221; img_link_target=&#8221;_blank&#8221; link=&#8221;https:\/\/www.klaes.de\/&#8221;]<\/div><div class=\"wpb_column col-md-2 have-padding\">[vc_single_image image=&#8221;810&#8243; img_size=&#8221;full&#8221; onclick=&#8221;custom_link&#8221; img_link_target=&#8221;_blank&#8221; link=&#8221;https:\/\/www.orgadata.com\/&#8221;]<\/div><div class=\"wpb_column col-md-2 have-padding\">[vc_single_image image=&#8221;913&#8243; img_size=&#8221;full&#8221; onclick=&#8221;custom_link&#8221; img_link_target=&#8221;_blank&#8221; link=&#8221;https:\/\/www.elumatec.com\/&#8221;]<\/div><div class=\"wpb_column col-md-2 have-padding\"><\/div><\/div><\/section>\n","protected":false},"excerpt":{"rendered":"Modern LineWindow and door factory[vc_raw_html css=\"\"]JTNDdmlkZW8lMjBhdXRvcGxheSUyMGxvb3AlMjBtdXRlZCUyMHBsYXlzaW5saW5lJTIwc3R5bGUlM0QlMjJ3aWR0aCUzQTEwMCUyNSUzQiUyMiUzRSUwQSUyMCUyMCUyMCUyMCUyMCUyMCUyMCUyMCUyMCUyMCUyMCUyMCUyMCUyMCUyMCUyMCUyMCUyMCUyMCUyMCUyMCUyMCUyMCUyMCUyMCUyMCUyMCUyMCUyMCUyMCUzQ3NvdXJjZSUyMHNyYyUzRCUyMmh0dHBzJTNBJTJGJTJGbW9kZXJuLWxpbmUuaHIlMkZ2aWRlbyUyRm1vZGVybmxpbmUtbWIubXA0JTIyJTIwdHlwZSUzRCUyMnZpZGVvJTJGbXA0JTIyJTNFJTBBJTIwJTIwJTIwJTIwJTIwJTIwJTIwJTIwJTIwJTIwJTIwJTIwJTIwJTIwJTIwJTIwJTIwJTIwJTIwJTIwJTIwJTIwJTIwJTIwJTIwJTIwJTIwJTIwJTIwJTIwJTNDc291cmNlJTIwc3JjJTNEJTIyLmh0dHBzJTNBJTJGJTJGbW9kZXJuLWxpbmUuaHIlMkZ2aWRlbyUyRm1vZGVybmxpbmUtbWIud2VibSUyMiUyMHR5cGUlM0QlMjJ2aWRlbyUyRndlYm0lMjIlM0UlMEElMjAlMjAlMjAlMjAlMjAlMjAlMjAlMjAlMjAlMjAlMjAlMjAlMjAlMjAlMjAlMjAlMjAlMjAlMjAlMjAlMjAlMjAlMjAlMjAlMjAlMjAlMjAlMjAlMjAlMjBWYSVDNSVBMSUyMHByZWdsZWRuaWslMjBuZSUyMHBvZHIlQzUlQkVhdmElMjB2aWRlbyUyMG1hdGVyaWphbC4lMEElMjAlMjAlMjAlMjAlMjAlMjAlMjAlMjAlMjAlMjAlMjAlMjAlMjAlMjAlMjAlMjAlMjAlMjAlMjAlMjAlMjAlMjAlMjAlMjAlMjAlMjAlMjAlM0MlMkZ2aWRlbyUzRQ==[\/vc_raw_html]Modern Line d.o.o. - Aluminum carpentry and PVC doors and windows We are manufacturers of PVC and aluminum windows and doors, dedicated to improving the comfort and energy efficiency of residential and commercial spaces with a commitment to innovation and excellence. Our offer of products and services [vc_single_image image=\"1089\" img_size=\"full\" [...]","protected":false},"author":1,"featured_media":0,"parent":0,"menu_order":0,"comment_status":"closed","ping_status":"closed","template":"","meta":{"footnotes":""},"class_list":["post-2514","page","type-page","status-publish","hentry"],"yoast_head":"<!-- This site is optimized with the Yoast SEO plugin v27.1.1 - https:\/\/yoast.com\/product\/yoast-seo-wordpress\/ -->\n<title>Modern Line d.o.o. - Aluminijska i PVC stolarija<\/title>\n<meta name=\"description\" content=\"Vode\u0107i proizvo\u0111a\u010d premium aluminija i PVC proizvoda. Napredna tehnologija za trajna, odr\u017eiva rje\u0161enja u gra\u0111evinarstvu. istra\u017eite na\u0161 asortiman!\" \/>\n<meta name=\"robots\" content=\"index, follow, max-snippet:-1, max-image-preview:large, max-video-preview:-1\" \/>\n<link rel=\"canonical\" href=\"https:\/\/modern-line.hr\/en\/\" \/>\n<meta property=\"og:locale\" content=\"en_US\" \/>\n<meta property=\"og:type\" content=\"article\" \/>\n<meta property=\"og:title\" content=\"Modern Line d.o.o. - Aluminijska i PVC stolarija\" \/>\n<meta property=\"og:description\" content=\"Vode\u0107i proizvo\u0111a\u010d premium aluminija i PVC proizvoda. Napredna tehnologija za trajna, odr\u017eiva rje\u0161enja u gra\u0111evinarstvu. istra\u017eite na\u0161 asortiman!\" \/>\n<meta property=\"og:url\" content=\"https:\/\/modern-line.hr\/en\/\" \/>\n<meta property=\"og:site_name\" content=\"Modern Line\" \/>\n<meta property=\"article:modified_time\" content=\"2024-07-09T12:38:30+00:00\" \/>\n<meta name=\"twitter:card\" content=\"summary_large_image\" \/>\n<meta name=\"twitter:label1\" content=\"Est. reading time\" \/>\n\t<meta name=\"twitter:data1\" content=\"2 minutes\" \/>\n<script type=\"application\/ld+json\" class=\"yoast-schema-graph\">{\"@context\":\"https:\/\/schema.org\",\"@graph\":[{\"@type\":\"WebPage\",\"@id\":\"https:\/\/modern-line.hr\/en\/\",\"url\":\"https:\/\/modern-line.hr\/en\/\",\"name\":\"Modern Line d.o.o. - Aluminijska i PVC stolarija\",\"isPartOf\":{\"@id\":\"https:\/\/modern-line.hr\/#website\"},\"datePublished\":\"2023-07-25T22:21:44+00:00\",\"dateModified\":\"2024-07-09T12:38:30+00:00\",\"description\":\"Vode\u0107i proizvo\u0111a\u010d premium aluminija i PVC proizvoda. Napredna tehnologija za trajna, odr\u017eiva rje\u0161enja u gra\u0111evinarstvu. istra\u017eite na\u0161 asortiman!\",\"breadcrumb\":{\"@id\":\"https:\/\/modern-line.hr\/en\/#breadcrumb\"},\"inLanguage\":\"en-US\",\"potentialAction\":[{\"@type\":\"ReadAction\",\"target\":[\"https:\/\/modern-line.hr\/en\/\"]}]},{\"@type\":\"BreadcrumbList\",\"@id\":\"https:\/\/modern-line.hr\/en\/#breadcrumb\",\"itemListElement\":[{\"@type\":\"ListItem\",\"position\":1,\"name\":\"Po\u010detna stranica\",\"item\":\"https:\/\/modern-line.hr\/en\/\"},{\"@type\":\"ListItem\",\"position\":2,\"name\":\"Home\"}]},{\"@type\":\"WebSite\",\"@id\":\"https:\/\/modern-line.hr\/#website\",\"url\":\"https:\/\/modern-line.hr\/\",\"name\":\"Modern Line\",\"description\":\"Tvornica prozora i vrata\",\"potentialAction\":[{\"@type\":\"SearchAction\",\"target\":{\"@type\":\"EntryPoint\",\"urlTemplate\":\"https:\/\/modern-line.hr\/?s={search_term_string}\"},\"query-input\":{\"@type\":\"PropertyValueSpecification\",\"valueRequired\":true,\"valueName\":\"search_term_string\"}}],\"inLanguage\":\"en-US\"}]}<\/script>\n<!-- \/ Yoast SEO plugin. -->","yoast_head_json":{"title":"Modern Line d.o.o. - Aluminijska i PVC stolarija","description":"Vode\u0107i proizvo\u0111a\u010d premium aluminija i PVC proizvoda. Napredna tehnologija za trajna, odr\u017eiva rje\u0161enja u gra\u0111evinarstvu. istra\u017eite na\u0161 asortiman!","robots":{"index":"index","follow":"follow","max-snippet":"max-snippet:-1","max-image-preview":"max-image-preview:large","max-video-preview":"max-video-preview:-1"},"canonical":"https:\/\/modern-line.hr\/en\/","og_locale":"en_US","og_type":"article","og_title":"Modern Line d.o.o. - Aluminijska i PVC stolarija","og_description":"Vode\u0107i proizvo\u0111a\u010d premium aluminija i PVC proizvoda. Napredna tehnologija za trajna, odr\u017eiva rje\u0161enja u gra\u0111evinarstvu. istra\u017eite na\u0161 asortiman!","og_url":"https:\/\/modern-line.hr\/en\/","og_site_name":"Modern Line","article_modified_time":"2024-07-09T12:38:30+00:00","twitter_card":"summary_large_image","twitter_misc":{"Est. reading time":"2 minutes"},"schema":{"@context":"https:\/\/schema.org","@graph":[{"@type":"WebPage","@id":"https:\/\/modern-line.hr\/en\/","url":"https:\/\/modern-line.hr\/en\/","name":"Modern Line d.o.o. - Aluminijska i PVC stolarija","isPartOf":{"@id":"https:\/\/modern-line.hr\/#website"},"datePublished":"2023-07-25T22:21:44+00:00","dateModified":"2024-07-09T12:38:30+00:00","description":"Vode\u0107i proizvo\u0111a\u010d premium aluminija i PVC proizvoda. Napredna tehnologija za trajna, odr\u017eiva rje\u0161enja u gra\u0111evinarstvu. istra\u017eite na\u0161 asortiman!","breadcrumb":{"@id":"https:\/\/modern-line.hr\/en\/#breadcrumb"},"inLanguage":"en-US","potentialAction":[{"@type":"ReadAction","target":["https:\/\/modern-line.hr\/en\/"]}]},{"@type":"BreadcrumbList","@id":"https:\/\/modern-line.hr\/en\/#breadcrumb","itemListElement":[{"@type":"ListItem","position":1,"name":"Po\u010detna stranica","item":"https:\/\/modern-line.hr\/en\/"},{"@type":"ListItem","position":2,"name":"Home"}]},{"@type":"WebSite","@id":"https:\/\/modern-line.hr\/#website","url":"https:\/\/modern-line.hr\/","name":"Modern Line","description":"Tvornica prozora i vrata","potentialAction":[{"@type":"SearchAction","target":{"@type":"EntryPoint","urlTemplate":"https:\/\/modern-line.hr\/?s={search_term_string}"},"query-input":{"@type":"PropertyValueSpecification","valueRequired":true,"valueName":"search_term_string"}}],"inLanguage":"en-US"}]}},"_links":{"self":[{"href":"https:\/\/modern-line.hr\/en\/wp-json\/wp\/v2\/pages\/2514","targetHints":{"allow":["GET"]}}],"collection":[{"href":"https:\/\/modern-line.hr\/en\/wp-json\/wp\/v2\/pages"}],"about":[{"href":"https:\/\/modern-line.hr\/en\/wp-json\/wp\/v2\/types\/page"}],"author":[{"embeddable":true,"href":"https:\/\/modern-line.hr\/en\/wp-json\/wp\/v2\/users\/1"}],"replies":[{"embeddable":true,"href":"https:\/\/modern-line.hr\/en\/wp-json\/wp\/v2\/comments?post=2514"}],"version-history":[{"count":0,"href":"https:\/\/modern-line.hr\/en\/wp-json\/wp\/v2\/pages\/2514\/revisions"}],"wp:attachment":[{"href":"https:\/\/modern-line.hr\/en\/wp-json\/wp\/v2\/media?parent=2514"}],"curies":[{"name":"wp","href":"https:\/\/api.w.org\/{rel}","templated":true}]}}