{"id":2516,"date":"2023-07-26T14:01:13","date_gmt":"2023-07-26T12:01:13","guid":{"rendered":"https:\/\/modern-line.hr\/o-nama\/"},"modified":"2025-07-21T14:30:26","modified_gmt":"2025-07-21T12:30:26","slug":"about-us","status":"publish","type":"page","link":"https:\/\/modern-line.hr\/en\/about-us\/","title":{"rendered":"About us"},"content":{"rendered":"<section  class=\"section no titlesec\"><div class=\"row\"><div class=\"wpb_column col-md-12 have-padding\"><div class=\"item-padd-mob section-text text-block \" ><div class=\"simple-text md\"><h1 style=\"text-align: center\">Information about the company Modern Line<\/h1>\n<\/div><\/div><\/div><\/div><\/section><section  class=\"section no mt-40\"><div class=\"row\"><div class=\"wpb_column col-md-12 have-padding\"><div class=\"item-padd-mob section-text text-block \" ><div class=\"simple-text md\"><div>\n<div>\n<p>We offer a wide selection of windows and doors that are not only elegant, but also durable and resistant to all weather challenges. Our solutions correspond to modern architectural trends and offer customizable options to suit individual requirements.<\/p>\n<\/div>\n<\/div>\n<\/div><\/div><\/div><\/div><\/section><section  class=\"section no  vc_custom_1717439612285\"><div class=\"row\"><section  class=\"section no  vc_custom_1717507398630\"><div class=\"row\"><div class=\"wpb_column col-sm-12 col-lg-6 col-md-6 col-xs-12 have-padding\">[vc_single_image image=&#8221;1543&#8243; img_size=&#8221;full&#8221; alignment=&#8221;center&#8221; css_animation=&#8221;fadeIn&#8221;]<\/div><div class=\"wpb_column col-sm-12 col-lg-6 col-md-6 col-xs-12 have-padding\"><div class=\"item-padd-mob section-text text-block \" ><div class=\"simple-text md\"><h3><strong style=\"color: #004c89\">Key facts<\/strong><\/h3>\n<p>\u2022 more than 30 years of business<\/p>\n<p>\u2022 4000 m<sup>2<\/sup> production plant<\/p>\n<p>\u2022 international references in Croatia, Norway, Austria, Slovenia, Germany, Italy, United Arab Emirates and Nigeria.<\/p>\n<\/div><\/div><\/div><\/div><\/section><\/div><\/section><section  class=\"section no  vc_custom_1700859629912\"><div class=\"row\"><section  class=\"section no  vc_custom_1717507535884\"><div class=\"row\"><div class=\"wpb_column col-md-6 col-xs-12 have-padding\"><div class=\"item-padd-mob section-text text-block \" ><div class=\"simple-text md\"><h3><strong style=\"color: #004c89\">Tradition<\/strong><\/h3>\n<p>Our entrepreneurial journey began with a simple and deep belief: to create a company that not only keeps up with the times, <strong>but represents the values \u200b\u200bwe believe in and live by<\/strong>. From the humble beginnings of the Lukanovi\u0107 family, our centuries-old artisanal past in masonry and carpentry, we have grown into a dynamic force that combines traditional values \u200b\u200bwith contemporary views on the world.<\/p>\n<p>&nbsp;<\/p>\n<p>The company started in 1992 with three employees, and today it is a significant regional producer of PVC and aluminum carpentry, which, in addition to Croatia, markets its products all over Europe. We have earned a good reputation in the construction industry where <strong>we deliver top quality products<\/strong> tailored to the needs of our clients.<\/p>\n<\/div><\/div><\/div><div class=\"wpb_column col-md-6 col-xs-12 have-padding\">[vc_single_image image=&#8221;2937&#8243; img_size=&#8221;full&#8221; alignment=&#8221;center&#8221; css_animation=&#8221;fadeIn&#8221; css=&#8221;&#8221;]<\/div><\/div><\/section><section  class=\"section no  vc_custom_1711386563032\"><div class=\"row\"><div class=\"wpb_column col-md-12 have-padding\"><\/div><\/div><\/section><section  class=\"section no titlesec  vc_custom_1711386455059\"><div class=\"row\"><div class=\"wpb_column col-md-12 have-padding\"><div class=\"item-padd-mob section-text text-block \" ><div class=\"simple-text md\"><h2 style=\"text-align: center\">Environmental responsibility<\/h2>\n<\/div><\/div><div class=\"item-padd-mob section-text text-block \" ><div class=\"simple-text md\"><p style=\"text-align: center\">We take our responsibility towards the environment seriously. Our commitment to sustainable manufacturing practices includes the use of environmentally friendly products and processes, as well as energy efficient manufacturing methods.<\/p>\n<\/div><\/div><\/div><\/div><\/section><section  class=\"section no titlesec  vc_custom_1711386455059\"><div class=\"row\"><div class=\"wpb_column col-md-12 have-padding\"><div class=\"item-padd-mob section-text text-block \" ><div class=\"simple-text md\"><h2 style=\"text-align: center\">Partnerships<\/h2>\n<\/div><\/div><div class=\"item-padd-mob section-text text-block \" ><div class=\"simple-text md\"><p style=\"text-align: center\">Modern Line values \u200b\u200bpartnership and collaboration with industry professionals and suppliers. By fostering strong relationships, we ensure access to the latest technology and materials, which allows us to be constantly at the source of innovation.<\/p>\n<\/div><\/div><\/div><\/div><\/section><\/div><\/section><section  class=\"section no\"><div class=\"row\"><\/div><\/section>\n","protected":false},"excerpt":{"rendered":"Information about the company Modern Line We offer a wide selection of windows and doors that are not only elegant, but also durable and resistant to all weather challenges. Our solutions correspond to modern architectural trends and offer customizable options to suit individual requirements. [vc_single_image image=\"1543\" img_size=\"full\" alignment=\"center\" css_animation=\"fadeIn\"]Key facts \u2022 more than 30 years [...]","protected":false},"author":1,"featured_media":0,"parent":0,"menu_order":0,"comment_status":"closed","ping_status":"closed","template":"","meta":{"footnotes":""},"class_list":["post-2516","page","type-page","status-publish","hentry"],"yoast_head":"<!-- This site is optimized with the Yoast SEO plugin v27.1.1 - https:\/\/yoast.com\/product\/yoast-seo-wordpress\/ -->\n<title>Informacije o tvrtki Modern Line<\/title>\n<meta name=\"description\" content=\"Inovativna proizvodnja aluminija i PVC-a. Na\u0161a pri\u010da o posve\u0107enosti kvaliteti, odr\u017eivosti i vrhunskoj tehnologiji.\" \/>\n<meta name=\"robots\" content=\"index, follow, max-snippet:-1, max-image-preview:large, max-video-preview:-1\" \/>\n<link rel=\"canonical\" href=\"https:\/\/modern-line.hr\/en\/about-us\/\" \/>\n<meta property=\"og:locale\" content=\"en_US\" \/>\n<meta property=\"og:type\" content=\"article\" \/>\n<meta property=\"og:title\" content=\"Informacije o tvrtki Modern Line\" \/>\n<meta property=\"og:description\" content=\"Inovativna proizvodnja aluminija i PVC-a. Na\u0161a pri\u010da o posve\u0107enosti kvaliteti, odr\u017eivosti i vrhunskoj tehnologiji.\" \/>\n<meta property=\"og:url\" content=\"https:\/\/modern-line.hr\/en\/about-us\/\" \/>\n<meta property=\"og:site_name\" content=\"Modern Line\" \/>\n<meta property=\"article:modified_time\" content=\"2025-07-21T12:30:26+00:00\" \/>\n<meta name=\"twitter:card\" content=\"summary_large_image\" \/>\n<meta name=\"twitter:label1\" content=\"Est. reading time\" \/>\n\t<meta name=\"twitter:data1\" content=\"3 minutes\" \/>\n<script type=\"application\/ld+json\" class=\"yoast-schema-graph\">{\"@context\":\"https:\/\/schema.org\",\"@graph\":[{\"@type\":\"WebPage\",\"@id\":\"https:\/\/modern-line.hr\/en\/about-us\/\",\"url\":\"https:\/\/modern-line.hr\/en\/about-us\/\",\"name\":\"Informacije o tvrtki Modern Line\",\"isPartOf\":{\"@id\":\"https:\/\/modern-line.hr\/#website\"},\"datePublished\":\"2023-07-26T12:01:13+00:00\",\"dateModified\":\"2025-07-21T12:30:26+00:00\",\"description\":\"Inovativna proizvodnja aluminija i PVC-a. Na\u0161a pri\u010da o posve\u0107enosti kvaliteti, odr\u017eivosti i vrhunskoj tehnologiji.\",\"breadcrumb\":{\"@id\":\"https:\/\/modern-line.hr\/en\/about-us\/#breadcrumb\"},\"inLanguage\":\"en-US\",\"potentialAction\":[{\"@type\":\"ReadAction\",\"target\":[\"https:\/\/modern-line.hr\/en\/about-us\/\"]}]},{\"@type\":\"BreadcrumbList\",\"@id\":\"https:\/\/modern-line.hr\/en\/about-us\/#breadcrumb\",\"itemListElement\":[{\"@type\":\"ListItem\",\"position\":1,\"name\":\"Po\u010detna stranica\",\"item\":\"https:\/\/modern-line.hr\/en\/\"},{\"@type\":\"ListItem\",\"position\":2,\"name\":\"About us\"}]},{\"@type\":\"WebSite\",\"@id\":\"https:\/\/modern-line.hr\/#website\",\"url\":\"https:\/\/modern-line.hr\/\",\"name\":\"Modern Line\",\"description\":\"Tvornica prozora i vrata\",\"potentialAction\":[{\"@type\":\"SearchAction\",\"target\":{\"@type\":\"EntryPoint\",\"urlTemplate\":\"https:\/\/modern-line.hr\/?s={search_term_string}\"},\"query-input\":{\"@type\":\"PropertyValueSpecification\",\"valueRequired\":true,\"valueName\":\"search_term_string\"}}],\"inLanguage\":\"en-US\"}]}<\/script>\n<!-- \/ Yoast SEO plugin. -->","yoast_head_json":{"title":"Informacije o tvrtki Modern Line","description":"Inovativna proizvodnja aluminija i PVC-a. Na\u0161a pri\u010da o posve\u0107enosti kvaliteti, odr\u017eivosti i vrhunskoj tehnologiji.","robots":{"index":"index","follow":"follow","max-snippet":"max-snippet:-1","max-image-preview":"max-image-preview:large","max-video-preview":"max-video-preview:-1"},"canonical":"https:\/\/modern-line.hr\/en\/about-us\/","og_locale":"en_US","og_type":"article","og_title":"Informacije o tvrtki Modern Line","og_description":"Inovativna proizvodnja aluminija i PVC-a. Na\u0161a pri\u010da o posve\u0107enosti kvaliteti, odr\u017eivosti i vrhunskoj tehnologiji.","og_url":"https:\/\/modern-line.hr\/en\/about-us\/","og_site_name":"Modern Line","article_modified_time":"2025-07-21T12:30:26+00:00","twitter_card":"summary_large_image","twitter_misc":{"Est. reading time":"3 minutes"},"schema":{"@context":"https:\/\/schema.org","@graph":[{"@type":"WebPage","@id":"https:\/\/modern-line.hr\/en\/about-us\/","url":"https:\/\/modern-line.hr\/en\/about-us\/","name":"Informacije o tvrtki Modern Line","isPartOf":{"@id":"https:\/\/modern-line.hr\/#website"},"datePublished":"2023-07-26T12:01:13+00:00","dateModified":"2025-07-21T12:30:26+00:00","description":"Inovativna proizvodnja aluminija i PVC-a. Na\u0161a pri\u010da o posve\u0107enosti kvaliteti, odr\u017eivosti i vrhunskoj tehnologiji.","breadcrumb":{"@id":"https:\/\/modern-line.hr\/en\/about-us\/#breadcrumb"},"inLanguage":"en-US","potentialAction":[{"@type":"ReadAction","target":["https:\/\/modern-line.hr\/en\/about-us\/"]}]},{"@type":"BreadcrumbList","@id":"https:\/\/modern-line.hr\/en\/about-us\/#breadcrumb","itemListElement":[{"@type":"ListItem","position":1,"name":"Po\u010detna stranica","item":"https:\/\/modern-line.hr\/en\/"},{"@type":"ListItem","position":2,"name":"About us"}]},{"@type":"WebSite","@id":"https:\/\/modern-line.hr\/#website","url":"https:\/\/modern-line.hr\/","name":"Modern Line","description":"Tvornica prozora i vrata","potentialAction":[{"@type":"SearchAction","target":{"@type":"EntryPoint","urlTemplate":"https:\/\/modern-line.hr\/?s={search_term_string}"},"query-input":{"@type":"PropertyValueSpecification","valueRequired":true,"valueName":"search_term_string"}}],"inLanguage":"en-US"}]}},"_links":{"self":[{"href":"https:\/\/modern-line.hr\/en\/wp-json\/wp\/v2\/pages\/2516","targetHints":{"allow":["GET"]}}],"collection":[{"href":"https:\/\/modern-line.hr\/en\/wp-json\/wp\/v2\/pages"}],"about":[{"href":"https:\/\/modern-line.hr\/en\/wp-json\/wp\/v2\/types\/page"}],"author":[{"embeddable":true,"href":"https:\/\/modern-line.hr\/en\/wp-json\/wp\/v2\/users\/1"}],"replies":[{"embeddable":true,"href":"https:\/\/modern-line.hr\/en\/wp-json\/wp\/v2\/comments?post=2516"}],"version-history":[{"count":1,"href":"https:\/\/modern-line.hr\/en\/wp-json\/wp\/v2\/pages\/2516\/revisions"}],"predecessor-version":[{"id":2942,"href":"https:\/\/modern-line.hr\/en\/wp-json\/wp\/v2\/pages\/2516\/revisions\/2942"}],"wp:attachment":[{"href":"https:\/\/modern-line.hr\/en\/wp-json\/wp\/v2\/media?parent=2516"}],"curies":[{"name":"wp","href":"https:\/\/api.w.org\/{rel}","templated":true}]}}