{"id":2521,"date":"2023-11-27T08:13:24","date_gmt":"2023-11-27T07:13:24","guid":{"rendered":"https:\/\/modern-line.hr\/proizvodi\/komarnici\/"},"modified":"2024-06-10T11:18:18","modified_gmt":"2024-06-10T09:18:18","slug":"mosquito-nets","status":"publish","type":"page","link":"https:\/\/modern-line.hr\/en\/products\/mosquito-nets\/","title":{"rendered":"Mosquito nets"},"content":{"rendered":"<section  class=\"section no\"><div class=\"row\"><div class=\"wpb_column col-md-12 have-padding\"><div class=\"item-padd-mob section-text text-block titlesec \" ><div class=\"simple-text md\"><h1 style=\"text-align: center\">Mosquito nets for protection against insects<\/h1>\n<\/div><\/div><\/div><\/div><\/section><section  class=\"section no mt-40\"><div class=\"row\"><div class=\"wpb_column col-md-12 have-padding  vc_custom_1690374891607\"><div class=\"item-padd-mob section-text text-block justf \" ><div class=\"simple-text md\"><p>Mosquito nets are suitable for residential and commercial premises, where there is a need for protection from insects with the unhindered passage of air through open windows or doors. In addition to insects, they protect against pollen and dust.<\/p>\n<p>We offer three frame systems of mosquito nets: fixed, roll and sliding. This variety allows us to choose an insect net that is suitable for all types of windows and rooms. The design of the mosquito net allows for easy mounting on window and door profiles.<\/p>\n<p>Mosquito nets are made of aluminum and are available in several colors, which allows the product to fit properly on the window frame and the facade of the building.<\/p>\n<\/div><\/div><\/div><\/div><\/section><section  class=\"section no\"><div class=\"row\"><div class=\"wpb_column col-md-12 have-padding\">[vc_gallery type=&#8221;image_grid&#8221; images=&#8221;2419,2421,2423,2425,2427&#8243; img_size=&#8221;medium&#8221; css=&#8221;&#8221;]<\/div><\/div><\/section>\n","protected":false},"excerpt":{"rendered":"Mosquito nets for protection against insects Mosquito nets are suitable for residential and commercial premises, where there is a need for protection from insects with the unhindered passage of air through open windows or doors. In addition to insects, they protect against pollen and dust. We offer three frame systems of mosquito nets: fixed, roll [...]","protected":false},"author":1,"featured_media":0,"parent":2518,"menu_order":0,"comment_status":"closed","ping_status":"closed","template":"","meta":{"footnotes":""},"class_list":["post-2521","page","type-page","status-publish","hentry"],"yoast_head":"<!-- This site is optimized with the Yoast SEO plugin v27.1.1 - https:\/\/yoast.com\/product\/yoast-seo-wordpress\/ -->\n<title>Komarnici za za\u0161titu od insekata<\/title>\n<meta name=\"description\" content=\"U\u010dinkoviti komarnici za za\u0161titu od insekata. Kvalitetna rje\u0161enja za prozore i o\u010duvanje udobnosti va\u0161eg prostora. Otkrijte na\u0161 asortiman!\" \/>\n<meta name=\"robots\" content=\"index, follow, max-snippet:-1, max-image-preview:large, max-video-preview:-1\" \/>\n<link rel=\"canonical\" href=\"https:\/\/modern-line.hr\/en\/products\/mosquito-nets\/\" \/>\n<meta property=\"og:locale\" content=\"en_US\" \/>\n<meta property=\"og:type\" content=\"article\" \/>\n<meta property=\"og:title\" content=\"Komarnici za za\u0161titu od insekata\" \/>\n<meta property=\"og:description\" content=\"U\u010dinkoviti komarnici za za\u0161titu od insekata. Kvalitetna rje\u0161enja za prozore i o\u010duvanje udobnosti va\u0161eg prostora. Otkrijte na\u0161 asortiman!\" \/>\n<meta property=\"og:url\" content=\"https:\/\/modern-line.hr\/en\/products\/mosquito-nets\/\" \/>\n<meta property=\"og:site_name\" content=\"Modern Line\" \/>\n<meta property=\"article:modified_time\" content=\"2024-06-10T09:18:18+00:00\" \/>\n<meta name=\"twitter:card\" content=\"summary_large_image\" \/>\n<meta name=\"twitter:label1\" content=\"Est. reading time\" \/>\n\t<meta name=\"twitter:data1\" content=\"2 minutes\" \/>\n<script type=\"application\/ld+json\" class=\"yoast-schema-graph\">{\"@context\":\"https:\/\/schema.org\",\"@graph\":[{\"@type\":\"WebPage\",\"@id\":\"https:\/\/modern-line.hr\/en\/products\/mosquito-nets\/\",\"url\":\"https:\/\/modern-line.hr\/en\/products\/mosquito-nets\/\",\"name\":\"Komarnici za za\u0161titu od insekata\",\"isPartOf\":{\"@id\":\"https:\/\/modern-line.hr\/#website\"},\"datePublished\":\"2023-11-27T07:13:24+00:00\",\"dateModified\":\"2024-06-10T09:18:18+00:00\",\"description\":\"U\u010dinkoviti komarnici za za\u0161titu od insekata. Kvalitetna rje\u0161enja za prozore i o\u010duvanje udobnosti va\u0161eg prostora. Otkrijte na\u0161 asortiman!\",\"breadcrumb\":{\"@id\":\"https:\/\/modern-line.hr\/en\/products\/mosquito-nets\/#breadcrumb\"},\"inLanguage\":\"en-US\",\"potentialAction\":[{\"@type\":\"ReadAction\",\"target\":[\"https:\/\/modern-line.hr\/en\/products\/mosquito-nets\/\"]}]},{\"@type\":\"BreadcrumbList\",\"@id\":\"https:\/\/modern-line.hr\/en\/products\/mosquito-nets\/#breadcrumb\",\"itemListElement\":[{\"@type\":\"ListItem\",\"position\":1,\"name\":\"Po\u010detna stranica\",\"item\":\"https:\/\/modern-line.hr\/en\/\"},{\"@type\":\"ListItem\",\"position\":2,\"name\":\"Products\",\"item\":\"https:\/\/modern-line.hr\/en\/products\/\"},{\"@type\":\"ListItem\",\"position\":3,\"name\":\"Mosquito nets\"}]},{\"@type\":\"WebSite\",\"@id\":\"https:\/\/modern-line.hr\/#website\",\"url\":\"https:\/\/modern-line.hr\/\",\"name\":\"Modern Line\",\"description\":\"Tvornica prozora i vrata\",\"potentialAction\":[{\"@type\":\"SearchAction\",\"target\":{\"@type\":\"EntryPoint\",\"urlTemplate\":\"https:\/\/modern-line.hr\/?s={search_term_string}\"},\"query-input\":{\"@type\":\"PropertyValueSpecification\",\"valueRequired\":true,\"valueName\":\"search_term_string\"}}],\"inLanguage\":\"en-US\"}]}<\/script>\n<!-- \/ Yoast SEO plugin. -->","yoast_head_json":{"title":"Komarnici za za\u0161titu od insekata","description":"U\u010dinkoviti komarnici za za\u0161titu od insekata. Kvalitetna rje\u0161enja za prozore i o\u010duvanje udobnosti va\u0161eg prostora. Otkrijte na\u0161 asortiman!","robots":{"index":"index","follow":"follow","max-snippet":"max-snippet:-1","max-image-preview":"max-image-preview:large","max-video-preview":"max-video-preview:-1"},"canonical":"https:\/\/modern-line.hr\/en\/products\/mosquito-nets\/","og_locale":"en_US","og_type":"article","og_title":"Komarnici za za\u0161titu od insekata","og_description":"U\u010dinkoviti komarnici za za\u0161titu od insekata. Kvalitetna rje\u0161enja za prozore i o\u010duvanje udobnosti va\u0161eg prostora. Otkrijte na\u0161 asortiman!","og_url":"https:\/\/modern-line.hr\/en\/products\/mosquito-nets\/","og_site_name":"Modern Line","article_modified_time":"2024-06-10T09:18:18+00:00","twitter_card":"summary_large_image","twitter_misc":{"Est. reading time":"2 minutes"},"schema":{"@context":"https:\/\/schema.org","@graph":[{"@type":"WebPage","@id":"https:\/\/modern-line.hr\/en\/products\/mosquito-nets\/","url":"https:\/\/modern-line.hr\/en\/products\/mosquito-nets\/","name":"Komarnici za za\u0161titu od insekata","isPartOf":{"@id":"https:\/\/modern-line.hr\/#website"},"datePublished":"2023-11-27T07:13:24+00:00","dateModified":"2024-06-10T09:18:18+00:00","description":"U\u010dinkoviti komarnici za za\u0161titu od insekata. Kvalitetna rje\u0161enja za prozore i o\u010duvanje udobnosti va\u0161eg prostora. Otkrijte na\u0161 asortiman!","breadcrumb":{"@id":"https:\/\/modern-line.hr\/en\/products\/mosquito-nets\/#breadcrumb"},"inLanguage":"en-US","potentialAction":[{"@type":"ReadAction","target":["https:\/\/modern-line.hr\/en\/products\/mosquito-nets\/"]}]},{"@type":"BreadcrumbList","@id":"https:\/\/modern-line.hr\/en\/products\/mosquito-nets\/#breadcrumb","itemListElement":[{"@type":"ListItem","position":1,"name":"Po\u010detna stranica","item":"https:\/\/modern-line.hr\/en\/"},{"@type":"ListItem","position":2,"name":"Products","item":"https:\/\/modern-line.hr\/en\/products\/"},{"@type":"ListItem","position":3,"name":"Mosquito nets"}]},{"@type":"WebSite","@id":"https:\/\/modern-line.hr\/#website","url":"https:\/\/modern-line.hr\/","name":"Modern Line","description":"Tvornica prozora i vrata","potentialAction":[{"@type":"SearchAction","target":{"@type":"EntryPoint","urlTemplate":"https:\/\/modern-line.hr\/?s={search_term_string}"},"query-input":{"@type":"PropertyValueSpecification","valueRequired":true,"valueName":"search_term_string"}}],"inLanguage":"en-US"}]}},"_links":{"self":[{"href":"https:\/\/modern-line.hr\/en\/wp-json\/wp\/v2\/pages\/2521","targetHints":{"allow":["GET"]}}],"collection":[{"href":"https:\/\/modern-line.hr\/en\/wp-json\/wp\/v2\/pages"}],"about":[{"href":"https:\/\/modern-line.hr\/en\/wp-json\/wp\/v2\/types\/page"}],"author":[{"embeddable":true,"href":"https:\/\/modern-line.hr\/en\/wp-json\/wp\/v2\/users\/1"}],"replies":[{"embeddable":true,"href":"https:\/\/modern-line.hr\/en\/wp-json\/wp\/v2\/comments?post=2521"}],"version-history":[{"count":0,"href":"https:\/\/modern-line.hr\/en\/wp-json\/wp\/v2\/pages\/2521\/revisions"}],"up":[{"embeddable":true,"href":"https:\/\/modern-line.hr\/en\/wp-json\/wp\/v2\/pages\/2518"}],"wp:attachment":[{"href":"https:\/\/modern-line.hr\/en\/wp-json\/wp\/v2\/media?parent=2521"}],"curies":[{"name":"wp","href":"https:\/\/api.w.org\/{rel}","templated":true}]}}