{"id":2522,"date":"2023-11-27T08:11:18","date_gmt":"2023-11-27T07:11:18","guid":{"rendered":"https:\/\/modern-line.hr\/proizvodi\/staklene-ograde\/"},"modified":"2024-06-10T11:22:11","modified_gmt":"2024-06-10T09:22:11","slug":"glass-fences","status":"publish","type":"page","link":"https:\/\/modern-line.hr\/en\/products\/glass-fences\/","title":{"rendered":"Glass fences"},"content":{"rendered":"<section  class=\"section no mt-40\"><div class=\"row\"><div class=\"wpb_column col-md-12 have-padding  vc_custom_1690374891607\"><div class=\"item-padd-mob section-text text-block titlesec \" ><div class=\"simple-text md\"><h1 style=\"text-align: center\">Safe and aesthetic Modern Line fence<\/h1>\n<\/div><\/div><\/div><\/div><\/section><section  class=\"section no mt-40\"><div class=\"row\"><div class=\"wpb_column col-md-12 have-padding  vc_custom_1690374891607\"><div class=\"item-padd-mob section-text text-block justf \" ><div class=\"simple-text md\"><p>We produce and install protective fences for terraces and balconies and French balconies.<\/p>\n<p>&nbsp;<\/p>\n<p><strong>Glass protective fence for terraces and balconies<\/strong><\/p>\n<p>Glass fences are transparent, provide a barrier and open the view. Innovative design, maximally simplified assembly and ease of maintenance and servicing make glass fences ideal for all types of buildings (residential buildings, shopping centers, stadiums, private houses, etc.) where a high level of safety and aesthetics are a priority<\/p>\n<p>&nbsp;<\/p>\n<p><strong>PROTECTIVE FENCE FOR THE FRENCH WINDOW<\/strong><\/p>\n<p><strong>VariNova protective fence system<\/strong><\/p>\n<p>The innovative integrated anti-fall guardrail system for French windows provides an expansive sense of space without compromising on safety. We divide the system of protective fences for French balconies into integrated fences and protruding fences<\/p>\n<\/div><\/div><\/div><\/div><\/section><section  class=\"section no titlesec mt-40\"><div class=\"row\"><div class=\"wpb_column col-md-12 have-padding  vc_custom_1690374891607\"><div class=\"item-padd-mob section-text text-block justf \" ><div class=\"simple-text md\"><h2 style=\"text-align: center\">Gallery<\/h2>\n<\/div><\/div><\/div><\/div><\/section><section  class=\"section no\"><div class=\"row\"><div class=\"wpb_column col-md-4 have-padding\">[vc_single_image image=&#8221;1675&#8243; img_size=&#8221;full&#8221; alignment=&#8221;center&#8221; onclick=&#8221;link_image&#8221;]<\/div><div class=\"wpb_column col-md-4 have-padding\">[vc_single_image image=&#8221;1673&#8243; img_size=&#8221;full&#8221; alignment=&#8221;center&#8221; onclick=&#8221;link_image&#8221;]<\/div><div class=\"wpb_column col-md-4 have-padding\">[vc_single_image image=&#8221;1671&#8243; img_size=&#8221;full&#8221; alignment=&#8221;center&#8221; onclick=&#8221;link_image&#8221;]<\/div><\/div><\/section>\n","protected":false},"excerpt":{"rendered":"Safe and aesthetic Modern Line fence We produce and install protective fences for terraces and balconies and French balconies. &nbsp; Glass protective fence for terraces and balconies Glass fences are transparent, provide a barrier and open the view. Innovative design, maximally simplified assembly and ease of maintenance and servicing make glass fences ideal for all [...]","protected":false},"author":1,"featured_media":0,"parent":2518,"menu_order":0,"comment_status":"closed","ping_status":"closed","template":"","meta":{"footnotes":""},"class_list":["post-2522","page","type-page","status-publish","hentry"],"yoast_head":"<!-- This site is optimized with the Yoast SEO plugin v27.1.1 - https:\/\/yoast.com\/product\/yoast-seo-wordpress\/ -->\n<title>Sigurna i estetska ograda Modern Line<\/title>\n<meta name=\"description\" content=\"Kvalitetne ograde za sigurnost i estetiku. Raznolike opcije za va\u0161 dom ili poslovni prostor. Pregledajte na\u0161u \u0161iroku ponudu!\" \/>\n<meta name=\"robots\" content=\"index, follow, max-snippet:-1, max-image-preview:large, max-video-preview:-1\" \/>\n<link rel=\"canonical\" href=\"https:\/\/modern-line.hr\/en\/products\/glass-fences\/\" \/>\n<meta property=\"og:locale\" content=\"en_US\" \/>\n<meta property=\"og:type\" content=\"article\" \/>\n<meta property=\"og:title\" content=\"Sigurna i estetska ograda Modern Line\" \/>\n<meta property=\"og:description\" content=\"Kvalitetne ograde za sigurnost i estetiku. Raznolike opcije za va\u0161 dom ili poslovni prostor. Pregledajte na\u0161u \u0161iroku ponudu!\" \/>\n<meta property=\"og:url\" content=\"https:\/\/modern-line.hr\/en\/products\/glass-fences\/\" \/>\n<meta property=\"og:site_name\" content=\"Modern Line\" \/>\n<meta property=\"article:modified_time\" content=\"2024-06-10T09:22:11+00:00\" \/>\n<meta name=\"twitter:card\" content=\"summary_large_image\" \/>\n<meta name=\"twitter:label1\" content=\"Est. reading time\" \/>\n\t<meta name=\"twitter:data1\" content=\"2 minutes\" \/>\n<script type=\"application\/ld+json\" class=\"yoast-schema-graph\">{\"@context\":\"https:\/\/schema.org\",\"@graph\":[{\"@type\":\"WebPage\",\"@id\":\"https:\/\/modern-line.hr\/en\/products\/glass-fences\/\",\"url\":\"https:\/\/modern-line.hr\/en\/products\/glass-fences\/\",\"name\":\"Sigurna i estetska ograda Modern Line\",\"isPartOf\":{\"@id\":\"https:\/\/modern-line.hr\/#website\"},\"datePublished\":\"2023-11-27T07:11:18+00:00\",\"dateModified\":\"2024-06-10T09:22:11+00:00\",\"description\":\"Kvalitetne ograde za sigurnost i estetiku. Raznolike opcije za va\u0161 dom ili poslovni prostor. Pregledajte na\u0161u \u0161iroku ponudu!\",\"breadcrumb\":{\"@id\":\"https:\/\/modern-line.hr\/en\/products\/glass-fences\/#breadcrumb\"},\"inLanguage\":\"en-US\",\"potentialAction\":[{\"@type\":\"ReadAction\",\"target\":[\"https:\/\/modern-line.hr\/en\/products\/glass-fences\/\"]}]},{\"@type\":\"BreadcrumbList\",\"@id\":\"https:\/\/modern-line.hr\/en\/products\/glass-fences\/#breadcrumb\",\"itemListElement\":[{\"@type\":\"ListItem\",\"position\":1,\"name\":\"Po\u010detna stranica\",\"item\":\"https:\/\/modern-line.hr\/en\/\"},{\"@type\":\"ListItem\",\"position\":2,\"name\":\"Products\",\"item\":\"https:\/\/modern-line.hr\/en\/products\/\"},{\"@type\":\"ListItem\",\"position\":3,\"name\":\"Glass fences\"}]},{\"@type\":\"WebSite\",\"@id\":\"https:\/\/modern-line.hr\/#website\",\"url\":\"https:\/\/modern-line.hr\/\",\"name\":\"Modern Line\",\"description\":\"Tvornica prozora i vrata\",\"potentialAction\":[{\"@type\":\"SearchAction\",\"target\":{\"@type\":\"EntryPoint\",\"urlTemplate\":\"https:\/\/modern-line.hr\/?s={search_term_string}\"},\"query-input\":{\"@type\":\"PropertyValueSpecification\",\"valueRequired\":true,\"valueName\":\"search_term_string\"}}],\"inLanguage\":\"en-US\"}]}<\/script>\n<!-- \/ Yoast SEO plugin. -->","yoast_head_json":{"title":"Sigurna i estetska ograda Modern Line","description":"Kvalitetne ograde za sigurnost i estetiku. Raznolike opcije za va\u0161 dom ili poslovni prostor. Pregledajte na\u0161u \u0161iroku ponudu!","robots":{"index":"index","follow":"follow","max-snippet":"max-snippet:-1","max-image-preview":"max-image-preview:large","max-video-preview":"max-video-preview:-1"},"canonical":"https:\/\/modern-line.hr\/en\/products\/glass-fences\/","og_locale":"en_US","og_type":"article","og_title":"Sigurna i estetska ograda Modern Line","og_description":"Kvalitetne ograde za sigurnost i estetiku. Raznolike opcije za va\u0161 dom ili poslovni prostor. Pregledajte na\u0161u \u0161iroku ponudu!","og_url":"https:\/\/modern-line.hr\/en\/products\/glass-fences\/","og_site_name":"Modern Line","article_modified_time":"2024-06-10T09:22:11+00:00","twitter_card":"summary_large_image","twitter_misc":{"Est. reading time":"2 minutes"},"schema":{"@context":"https:\/\/schema.org","@graph":[{"@type":"WebPage","@id":"https:\/\/modern-line.hr\/en\/products\/glass-fences\/","url":"https:\/\/modern-line.hr\/en\/products\/glass-fences\/","name":"Sigurna i estetska ograda Modern Line","isPartOf":{"@id":"https:\/\/modern-line.hr\/#website"},"datePublished":"2023-11-27T07:11:18+00:00","dateModified":"2024-06-10T09:22:11+00:00","description":"Kvalitetne ograde za sigurnost i estetiku. Raznolike opcije za va\u0161 dom ili poslovni prostor. Pregledajte na\u0161u \u0161iroku ponudu!","breadcrumb":{"@id":"https:\/\/modern-line.hr\/en\/products\/glass-fences\/#breadcrumb"},"inLanguage":"en-US","potentialAction":[{"@type":"ReadAction","target":["https:\/\/modern-line.hr\/en\/products\/glass-fences\/"]}]},{"@type":"BreadcrumbList","@id":"https:\/\/modern-line.hr\/en\/products\/glass-fences\/#breadcrumb","itemListElement":[{"@type":"ListItem","position":1,"name":"Po\u010detna stranica","item":"https:\/\/modern-line.hr\/en\/"},{"@type":"ListItem","position":2,"name":"Products","item":"https:\/\/modern-line.hr\/en\/products\/"},{"@type":"ListItem","position":3,"name":"Glass fences"}]},{"@type":"WebSite","@id":"https:\/\/modern-line.hr\/#website","url":"https:\/\/modern-line.hr\/","name":"Modern Line","description":"Tvornica prozora i vrata","potentialAction":[{"@type":"SearchAction","target":{"@type":"EntryPoint","urlTemplate":"https:\/\/modern-line.hr\/?s={search_term_string}"},"query-input":{"@type":"PropertyValueSpecification","valueRequired":true,"valueName":"search_term_string"}}],"inLanguage":"en-US"}]}},"_links":{"self":[{"href":"https:\/\/modern-line.hr\/en\/wp-json\/wp\/v2\/pages\/2522","targetHints":{"allow":["GET"]}}],"collection":[{"href":"https:\/\/modern-line.hr\/en\/wp-json\/wp\/v2\/pages"}],"about":[{"href":"https:\/\/modern-line.hr\/en\/wp-json\/wp\/v2\/types\/page"}],"author":[{"embeddable":true,"href":"https:\/\/modern-line.hr\/en\/wp-json\/wp\/v2\/users\/1"}],"replies":[{"embeddable":true,"href":"https:\/\/modern-line.hr\/en\/wp-json\/wp\/v2\/comments?post=2522"}],"version-history":[{"count":0,"href":"https:\/\/modern-line.hr\/en\/wp-json\/wp\/v2\/pages\/2522\/revisions"}],"up":[{"embeddable":true,"href":"https:\/\/modern-line.hr\/en\/wp-json\/wp\/v2\/pages\/2518"}],"wp:attachment":[{"href":"https:\/\/modern-line.hr\/en\/wp-json\/wp\/v2\/media?parent=2522"}],"curies":[{"name":"wp","href":"https:\/\/api.w.org\/{rel}","templated":true}]}}