{"id":2524,"date":"2023-11-25T20:28:02","date_gmt":"2023-11-25T19:28:02","guid":{"rendered":"https:\/\/modern-line.hr\/proizvodi\/pvc-stolarija\/"},"modified":"2024-06-10T10:43:47","modified_gmt":"2024-06-10T08:43:47","slug":"pvc-doors-and-windows","status":"publish","type":"page","link":"https:\/\/modern-line.hr\/en\/products\/pvc-doors-and-windows\/","title":{"rendered":"PVC doors and windows"},"content":{"rendered":"<section  class=\"section no titlesec mt-40\"><div class=\"row\"><div class=\"wpb_column col-md-12 have-padding  vc_custom_1690374891607\"><div class=\"item-padd-mob section-text text-block titlesec \" ><div class=\"simple-text md\"><h1 style=\"text-align: center\">Modern PVC carpentry &#8211; doors, windows and sliding walls<\/h1>\n<\/div><\/div><\/div><\/div><\/section><section  class=\"section no mt-40\"><div class=\"row\"><div class=\"wpb_column col-md-12 have-padding  vc_custom_1690374891607\"><div class=\"item-padd-mob section-text text-block justf \" ><div class=\"simple-text md\"><p>Joinery made of PVC profiles is easy to clean and requires very little maintenance. It is resistant to most climatic and environmental influences and provides a long service life. Openings made of multiple chambers ensure better thermal properties and reduced noise transmission.<\/p>\n<\/div><\/div><\/div><\/div><\/section><section  class=\"section no titlesec mt-40\"><div class=\"row\"><div class=\"wpb_column col-md-12 have-padding  vc_custom_1690374891607\"><div class=\"item-padd-mob section-text text-block justf \" ><div class=\"simple-text md\"><h2 style=\"text-align: center\">In offer we have<\/h2>\n<\/div><\/div><\/div><\/div><\/section><section  class=\"section no\"><div class=\"row\"><div class=\"wpb_column col-md-4 have-padding  vc_custom_1700939544256\"><section  class=\"section no  vc_custom_1700939492656\"><div class=\"row\"><div class=\"wpb_column col-md-12 have-padding\"><div class=\"item-padd-mob section-text text-block \" ><div class=\"simple-text md\"><h4 style=\"color: #004c89;text-align: center\">DOOR<\/h4>\n<\/div><\/div><\/div><\/div><\/section><\/div><div class=\"wpb_column col-md-4 have-padding  vc_custom_1700939570083\"><section  class=\"section no  vc_custom_1700939492656\"><div class=\"row\"><div class=\"wpb_column col-md-12 have-padding\"><div class=\"item-padd-mob section-text text-block \" ><div class=\"simple-text md\"><h4 style=\"color: #004c89;text-align: center\">WINDOWS<\/h4>\n<\/div><\/div><\/div><\/div><\/section><\/div><div class=\"wpb_column col-md-4 have-padding  vc_custom_1700939578854\"><section  class=\"section no  vc_custom_1700939492656\"><div class=\"row\"><div class=\"wpb_column col-md-12 have-padding\"><div class=\"item-padd-mob section-text text-block \" ><div class=\"simple-text md\"><h4 style=\"color: #004c89;text-align: center\">SLIDING ROCKS<\/h4>\n<\/div><\/div><\/div><\/div><\/section><\/div><\/div><\/section><section  class=\"section no titlesec mt-40\"><div class=\"row\"><div class=\"wpb_column col-md-12 have-padding  vc_custom_1690374891607\"><div class=\"item-padd-mob section-text text-block justf \" ><div class=\"simple-text md\"><h2 style=\"text-align: center\">Gallery<\/h2>\n<\/div><\/div><\/div><\/div><\/section><section  class=\"section no\"><div class=\"row\"><div class=\"wpb_column col-md-6 have-padding\">[vc_single_image image=&#8221;1610&#8243; img_size=&#8221;full&#8221; alignment=&#8221;center&#8221; onclick=&#8221;link_image&#8221;]<\/div><div class=\"wpb_column col-md-6 have-padding\">[vc_single_image image=&#8221;1606&#8243; img_size=&#8221;full&#8221; alignment=&#8221;center&#8221; onclick=&#8221;link_image&#8221;]<\/div><\/div><\/section><section  class=\"section no\"><div class=\"row\"><div class=\"wpb_column col-md-6 have-padding\">[vc_single_image image=&#8221;1612&#8243; img_size=&#8221;full&#8221; alignment=&#8221;center&#8221; onclick=&#8221;link_image&#8221;]<\/div><div class=\"wpb_column col-md-6 have-padding\">[vc_single_image image=&#8221;1608&#8243; img_size=&#8221;full&#8221; alignment=&#8221;center&#8221; onclick=&#8221;link_image&#8221;]<\/div><\/div><\/section><section  class=\"section no\"><div class=\"row\"><div class=\"wpb_column col-md-12 hidden-lg hidden-md hidden-sm hidden-xs have-padding\">[vc_gallery type=&#8221;image_grid&#8221; images=&#8221;1612,1610,1608,1606&#8243; img_size=&#8221;565&#8243; css=&#8221;&#8221;]<\/div><\/div><\/section>\n","protected":false},"excerpt":{"rendered":"Modern PVC carpentry - doors, windows and sliding walls Joinery made of PVC profiles is easy to clean and requires very little maintenance. It is resistant to most climatic and environmental influences and provides a long service life. Openings made of multiple chambers ensure better thermal properties and reduced noise transmission. In offer we have [...]","protected":false},"author":1,"featured_media":0,"parent":2518,"menu_order":0,"comment_status":"closed","ping_status":"closed","template":"","meta":{"footnotes":""},"class_list":["post-2524","page","type-page","status-publish","hentry"],"yoast_head":"<!-- This site is optimized with the Yoast SEO plugin v27.1.1 - https:\/\/yoast.com\/product\/yoast-seo-wordpress\/ -->\n<title>Moderna PVC stolarija - vrata, prozori i klizne stijene<\/title>\n<meta name=\"description\" content=\"Najbolji PVC prozori i vrata za va\u0161 dom ili poslovni prostor. Kvaliteta, izdr\u017eljivost i moderni dizajn po va\u0161oj mjeri.\" \/>\n<meta name=\"robots\" content=\"index, follow, max-snippet:-1, max-image-preview:large, max-video-preview:-1\" \/>\n<link rel=\"canonical\" href=\"https:\/\/modern-line.hr\/en\/products\/pvc-doors-and-windows\/\" \/>\n<meta property=\"og:locale\" content=\"en_US\" \/>\n<meta property=\"og:type\" content=\"article\" \/>\n<meta property=\"og:title\" content=\"Moderna PVC stolarija - vrata, prozori i klizne stijene\" \/>\n<meta property=\"og:description\" content=\"Najbolji PVC prozori i vrata za va\u0161 dom ili poslovni prostor. Kvaliteta, izdr\u017eljivost i moderni dizajn po va\u0161oj mjeri.\" \/>\n<meta property=\"og:url\" content=\"https:\/\/modern-line.hr\/en\/products\/pvc-doors-and-windows\/\" \/>\n<meta property=\"og:site_name\" content=\"Modern Line\" \/>\n<meta property=\"article:modified_time\" content=\"2024-06-10T08:43:47+00:00\" \/>\n<meta name=\"twitter:card\" content=\"summary_large_image\" \/>\n<meta name=\"twitter:label1\" content=\"Est. reading time\" \/>\n\t<meta name=\"twitter:data1\" content=\"3 minutes\" \/>\n<script type=\"application\/ld+json\" class=\"yoast-schema-graph\">{\"@context\":\"https:\/\/schema.org\",\"@graph\":[{\"@type\":\"WebPage\",\"@id\":\"https:\/\/modern-line.hr\/en\/products\/pvc-doors-and-windows\/\",\"url\":\"https:\/\/modern-line.hr\/en\/products\/pvc-doors-and-windows\/\",\"name\":\"Moderna PVC stolarija - vrata, prozori i klizne stijene\",\"isPartOf\":{\"@id\":\"https:\/\/modern-line.hr\/#website\"},\"datePublished\":\"2023-11-25T19:28:02+00:00\",\"dateModified\":\"2024-06-10T08:43:47+00:00\",\"description\":\"Najbolji PVC prozori i vrata za va\u0161 dom ili poslovni prostor. Kvaliteta, izdr\u017eljivost i moderni dizajn po va\u0161oj mjeri.\",\"breadcrumb\":{\"@id\":\"https:\/\/modern-line.hr\/en\/products\/pvc-doors-and-windows\/#breadcrumb\"},\"inLanguage\":\"en-US\",\"potentialAction\":[{\"@type\":\"ReadAction\",\"target\":[\"https:\/\/modern-line.hr\/en\/products\/pvc-doors-and-windows\/\"]}]},{\"@type\":\"BreadcrumbList\",\"@id\":\"https:\/\/modern-line.hr\/en\/products\/pvc-doors-and-windows\/#breadcrumb\",\"itemListElement\":[{\"@type\":\"ListItem\",\"position\":1,\"name\":\"Po\u010detna stranica\",\"item\":\"https:\/\/modern-line.hr\/en\/\"},{\"@type\":\"ListItem\",\"position\":2,\"name\":\"Products\",\"item\":\"https:\/\/modern-line.hr\/en\/products\/\"},{\"@type\":\"ListItem\",\"position\":3,\"name\":\"PVC doors and windows\"}]},{\"@type\":\"WebSite\",\"@id\":\"https:\/\/modern-line.hr\/#website\",\"url\":\"https:\/\/modern-line.hr\/\",\"name\":\"Modern Line\",\"description\":\"Tvornica prozora i vrata\",\"potentialAction\":[{\"@type\":\"SearchAction\",\"target\":{\"@type\":\"EntryPoint\",\"urlTemplate\":\"https:\/\/modern-line.hr\/?s={search_term_string}\"},\"query-input\":{\"@type\":\"PropertyValueSpecification\",\"valueRequired\":true,\"valueName\":\"search_term_string\"}}],\"inLanguage\":\"en-US\"}]}<\/script>\n<!-- \/ Yoast SEO plugin. -->","yoast_head_json":{"title":"Moderna PVC stolarija - vrata, prozori i klizne stijene","description":"Najbolji PVC prozori i vrata za va\u0161 dom ili poslovni prostor. Kvaliteta, izdr\u017eljivost i moderni dizajn po va\u0161oj mjeri.","robots":{"index":"index","follow":"follow","max-snippet":"max-snippet:-1","max-image-preview":"max-image-preview:large","max-video-preview":"max-video-preview:-1"},"canonical":"https:\/\/modern-line.hr\/en\/products\/pvc-doors-and-windows\/","og_locale":"en_US","og_type":"article","og_title":"Moderna PVC stolarija - vrata, prozori i klizne stijene","og_description":"Najbolji PVC prozori i vrata za va\u0161 dom ili poslovni prostor. Kvaliteta, izdr\u017eljivost i moderni dizajn po va\u0161oj mjeri.","og_url":"https:\/\/modern-line.hr\/en\/products\/pvc-doors-and-windows\/","og_site_name":"Modern Line","article_modified_time":"2024-06-10T08:43:47+00:00","twitter_card":"summary_large_image","twitter_misc":{"Est. reading time":"3 minutes"},"schema":{"@context":"https:\/\/schema.org","@graph":[{"@type":"WebPage","@id":"https:\/\/modern-line.hr\/en\/products\/pvc-doors-and-windows\/","url":"https:\/\/modern-line.hr\/en\/products\/pvc-doors-and-windows\/","name":"Moderna PVC stolarija - vrata, prozori i klizne stijene","isPartOf":{"@id":"https:\/\/modern-line.hr\/#website"},"datePublished":"2023-11-25T19:28:02+00:00","dateModified":"2024-06-10T08:43:47+00:00","description":"Najbolji PVC prozori i vrata za va\u0161 dom ili poslovni prostor. Kvaliteta, izdr\u017eljivost i moderni dizajn po va\u0161oj mjeri.","breadcrumb":{"@id":"https:\/\/modern-line.hr\/en\/products\/pvc-doors-and-windows\/#breadcrumb"},"inLanguage":"en-US","potentialAction":[{"@type":"ReadAction","target":["https:\/\/modern-line.hr\/en\/products\/pvc-doors-and-windows\/"]}]},{"@type":"BreadcrumbList","@id":"https:\/\/modern-line.hr\/en\/products\/pvc-doors-and-windows\/#breadcrumb","itemListElement":[{"@type":"ListItem","position":1,"name":"Po\u010detna stranica","item":"https:\/\/modern-line.hr\/en\/"},{"@type":"ListItem","position":2,"name":"Products","item":"https:\/\/modern-line.hr\/en\/products\/"},{"@type":"ListItem","position":3,"name":"PVC doors and windows"}]},{"@type":"WebSite","@id":"https:\/\/modern-line.hr\/#website","url":"https:\/\/modern-line.hr\/","name":"Modern Line","description":"Tvornica prozora i vrata","potentialAction":[{"@type":"SearchAction","target":{"@type":"EntryPoint","urlTemplate":"https:\/\/modern-line.hr\/?s={search_term_string}"},"query-input":{"@type":"PropertyValueSpecification","valueRequired":true,"valueName":"search_term_string"}}],"inLanguage":"en-US"}]}},"_links":{"self":[{"href":"https:\/\/modern-line.hr\/en\/wp-json\/wp\/v2\/pages\/2524","targetHints":{"allow":["GET"]}}],"collection":[{"href":"https:\/\/modern-line.hr\/en\/wp-json\/wp\/v2\/pages"}],"about":[{"href":"https:\/\/modern-line.hr\/en\/wp-json\/wp\/v2\/types\/page"}],"author":[{"embeddable":true,"href":"https:\/\/modern-line.hr\/en\/wp-json\/wp\/v2\/users\/1"}],"replies":[{"embeddable":true,"href":"https:\/\/modern-line.hr\/en\/wp-json\/wp\/v2\/comments?post=2524"}],"version-history":[{"count":0,"href":"https:\/\/modern-line.hr\/en\/wp-json\/wp\/v2\/pages\/2524\/revisions"}],"up":[{"embeddable":true,"href":"https:\/\/modern-line.hr\/en\/wp-json\/wp\/v2\/pages\/2518"}],"wp:attachment":[{"href":"https:\/\/modern-line.hr\/en\/wp-json\/wp\/v2\/media?parent=2524"}],"curies":[{"name":"wp","href":"https:\/\/api.w.org\/{rel}","templated":true}]}}