{"id":2526,"date":"2024-04-23T21:10:59","date_gmt":"2024-04-23T19:10:59","guid":{"rendered":"https:\/\/modern-line.hr\/proizvodi\/sjenila\/brisolei\/"},"modified":"2024-06-10T11:23:15","modified_gmt":"2024-06-10T09:23:15","slug":"brisolei","status":"publish","type":"page","link":"https:\/\/modern-line.hr\/en\/products\/shadows\/brisolei\/","title":{"rendered":"Brisolei"},"content":{"rendered":"<section  class=\"section no\"><div class=\"row\"><div class=\"wpb_column col-md-12 have-padding\"><div class=\"item-padd-mob section-text text-block titlesec \" ><div class=\"simple-text md\"><h1 style=\"text-align: center\">Brisolei are one of the best protections from the sun<\/h1>\n<\/div><\/div><\/div><\/div><\/section><section  class=\"section no mt-40\"><div class=\"row\"><div class=\"wpb_column col-md-12 have-padding  vc_custom_1690374891607\"><div class=\"item-padd-mob section-text text-block \" ><div class=\"simple-text md\"><p>Brisolei are similar in construction to blinds, but the slats of brisolei are much larger and more massive and, as a rule, immovable.<\/p>\n<p>Brisolei are permanently attached to the facade, in addition to protection from the sun and heating of the room, brisolei also have an aesthetic element of facade design. Aluminum slats can be of different widths and different distances between the slats that are placed horizontally. Lamellas are made as fixed, immovable. Depending on the shape of the slat support, the slats can be placed at various angles.<\/p>\n<p>Brisolei are most often installed on industrial and business buildings, but they also fit perfectly into residential buildings of modern architecture. They are used for shading larger areas and even entire facades of buildings. It is possible to make them in all colors.<\/p>\n<\/div><\/div><\/div><\/div><\/section>\n","protected":false},"excerpt":{"rendered":"Brisolei are one of the best protections from the sun Brisolei are similar in construction to blinds, but the slats of brisolei are much larger and more massive and, as a rule, immovable. Brisolei are permanently attached to the facade, in addition to protection from the sun and heating of the room, brisolei also have [...]","protected":false},"author":1,"featured_media":0,"parent":2525,"menu_order":0,"comment_status":"closed","ping_status":"closed","template":"","meta":{"footnotes":""},"class_list":["post-2526","page","type-page","status-publish","hentry"],"yoast_head":"<!-- This site is optimized with the Yoast SEO plugin v27.1.1 - https:\/\/yoast.com\/product\/yoast-seo-wordpress\/ -->\n<title>Brisolei su jedna od najboljih za\u0161tita od sunca<\/title>\n<meta name=\"description\" content=\"Elegantni brisolei za za\u0161titu od sunca i ki\u0161e. Kvalitetna i funkcionalna rje\u0161enja za prozore i prostore. Pregledajte na\u0161 asortiman!\" \/>\n<meta name=\"robots\" content=\"index, follow, max-snippet:-1, max-image-preview:large, max-video-preview:-1\" \/>\n<link rel=\"canonical\" href=\"https:\/\/modern-line.hr\/en\/products\/shadows\/brisolei\/\" \/>\n<meta property=\"og:locale\" content=\"en_US\" \/>\n<meta property=\"og:type\" content=\"article\" \/>\n<meta property=\"og:title\" content=\"Brisolei su jedna od najboljih za\u0161tita od sunca\" \/>\n<meta property=\"og:description\" content=\"Elegantni brisolei za za\u0161titu od sunca i ki\u0161e. Kvalitetna i funkcionalna rje\u0161enja za prozore i prostore. Pregledajte na\u0161 asortiman!\" \/>\n<meta property=\"og:url\" content=\"https:\/\/modern-line.hr\/en\/products\/shadows\/brisolei\/\" \/>\n<meta property=\"og:site_name\" content=\"Modern Line\" \/>\n<meta property=\"article:modified_time\" content=\"2024-06-10T09:23:15+00:00\" \/>\n<meta name=\"twitter:card\" content=\"summary_large_image\" \/>\n<meta name=\"twitter:label1\" content=\"Est. reading time\" \/>\n\t<meta name=\"twitter:data1\" content=\"1 minute\" \/>\n<script type=\"application\/ld+json\" class=\"yoast-schema-graph\">{\"@context\":\"https:\/\/schema.org\",\"@graph\":[{\"@type\":\"WebPage\",\"@id\":\"https:\/\/modern-line.hr\/en\/products\/shadows\/brisolei\/\",\"url\":\"https:\/\/modern-line.hr\/en\/products\/shadows\/brisolei\/\",\"name\":\"Brisolei su jedna od najboljih za\u0161tita od sunca\",\"isPartOf\":{\"@id\":\"https:\/\/modern-line.hr\/#website\"},\"datePublished\":\"2024-04-23T19:10:59+00:00\",\"dateModified\":\"2024-06-10T09:23:15+00:00\",\"description\":\"Elegantni brisolei za za\u0161titu od sunca i ki\u0161e. Kvalitetna i funkcionalna rje\u0161enja za prozore i prostore. Pregledajte na\u0161 asortiman!\",\"breadcrumb\":{\"@id\":\"https:\/\/modern-line.hr\/en\/products\/shadows\/brisolei\/#breadcrumb\"},\"inLanguage\":\"en-US\",\"potentialAction\":[{\"@type\":\"ReadAction\",\"target\":[\"https:\/\/modern-line.hr\/en\/products\/shadows\/brisolei\/\"]}]},{\"@type\":\"BreadcrumbList\",\"@id\":\"https:\/\/modern-line.hr\/en\/products\/shadows\/brisolei\/#breadcrumb\",\"itemListElement\":[{\"@type\":\"ListItem\",\"position\":1,\"name\":\"Po\u010detna stranica\",\"item\":\"https:\/\/modern-line.hr\/en\/\"},{\"@type\":\"ListItem\",\"position\":2,\"name\":\"Products\",\"item\":\"https:\/\/modern-line.hr\/en\/products\/\"},{\"@type\":\"ListItem\",\"position\":3,\"name\":\"Shadows\",\"item\":\"https:\/\/modern-line.hr\/en\/products\/shadows\/\"},{\"@type\":\"ListItem\",\"position\":4,\"name\":\"Brisolei\"}]},{\"@type\":\"WebSite\",\"@id\":\"https:\/\/modern-line.hr\/#website\",\"url\":\"https:\/\/modern-line.hr\/\",\"name\":\"Modern Line\",\"description\":\"Tvornica prozora i vrata\",\"potentialAction\":[{\"@type\":\"SearchAction\",\"target\":{\"@type\":\"EntryPoint\",\"urlTemplate\":\"https:\/\/modern-line.hr\/?s={search_term_string}\"},\"query-input\":{\"@type\":\"PropertyValueSpecification\",\"valueRequired\":true,\"valueName\":\"search_term_string\"}}],\"inLanguage\":\"en-US\"}]}<\/script>\n<!-- \/ Yoast SEO plugin. -->","yoast_head_json":{"title":"Brisolei su jedna od najboljih za\u0161tita od sunca","description":"Elegantni brisolei za za\u0161titu od sunca i ki\u0161e. Kvalitetna i funkcionalna rje\u0161enja za prozore i prostore. Pregledajte na\u0161 asortiman!","robots":{"index":"index","follow":"follow","max-snippet":"max-snippet:-1","max-image-preview":"max-image-preview:large","max-video-preview":"max-video-preview:-1"},"canonical":"https:\/\/modern-line.hr\/en\/products\/shadows\/brisolei\/","og_locale":"en_US","og_type":"article","og_title":"Brisolei su jedna od najboljih za\u0161tita od sunca","og_description":"Elegantni brisolei za za\u0161titu od sunca i ki\u0161e. Kvalitetna i funkcionalna rje\u0161enja za prozore i prostore. Pregledajte na\u0161 asortiman!","og_url":"https:\/\/modern-line.hr\/en\/products\/shadows\/brisolei\/","og_site_name":"Modern Line","article_modified_time":"2024-06-10T09:23:15+00:00","twitter_card":"summary_large_image","twitter_misc":{"Est. reading time":"1 minute"},"schema":{"@context":"https:\/\/schema.org","@graph":[{"@type":"WebPage","@id":"https:\/\/modern-line.hr\/en\/products\/shadows\/brisolei\/","url":"https:\/\/modern-line.hr\/en\/products\/shadows\/brisolei\/","name":"Brisolei su jedna od najboljih za\u0161tita od sunca","isPartOf":{"@id":"https:\/\/modern-line.hr\/#website"},"datePublished":"2024-04-23T19:10:59+00:00","dateModified":"2024-06-10T09:23:15+00:00","description":"Elegantni brisolei za za\u0161titu od sunca i ki\u0161e. Kvalitetna i funkcionalna rje\u0161enja za prozore i prostore. Pregledajte na\u0161 asortiman!","breadcrumb":{"@id":"https:\/\/modern-line.hr\/en\/products\/shadows\/brisolei\/#breadcrumb"},"inLanguage":"en-US","potentialAction":[{"@type":"ReadAction","target":["https:\/\/modern-line.hr\/en\/products\/shadows\/brisolei\/"]}]},{"@type":"BreadcrumbList","@id":"https:\/\/modern-line.hr\/en\/products\/shadows\/brisolei\/#breadcrumb","itemListElement":[{"@type":"ListItem","position":1,"name":"Po\u010detna stranica","item":"https:\/\/modern-line.hr\/en\/"},{"@type":"ListItem","position":2,"name":"Products","item":"https:\/\/modern-line.hr\/en\/products\/"},{"@type":"ListItem","position":3,"name":"Shadows","item":"https:\/\/modern-line.hr\/en\/products\/shadows\/"},{"@type":"ListItem","position":4,"name":"Brisolei"}]},{"@type":"WebSite","@id":"https:\/\/modern-line.hr\/#website","url":"https:\/\/modern-line.hr\/","name":"Modern Line","description":"Tvornica prozora i vrata","potentialAction":[{"@type":"SearchAction","target":{"@type":"EntryPoint","urlTemplate":"https:\/\/modern-line.hr\/?s={search_term_string}"},"query-input":{"@type":"PropertyValueSpecification","valueRequired":true,"valueName":"search_term_string"}}],"inLanguage":"en-US"}]}},"_links":{"self":[{"href":"https:\/\/modern-line.hr\/en\/wp-json\/wp\/v2\/pages\/2526","targetHints":{"allow":["GET"]}}],"collection":[{"href":"https:\/\/modern-line.hr\/en\/wp-json\/wp\/v2\/pages"}],"about":[{"href":"https:\/\/modern-line.hr\/en\/wp-json\/wp\/v2\/types\/page"}],"author":[{"embeddable":true,"href":"https:\/\/modern-line.hr\/en\/wp-json\/wp\/v2\/users\/1"}],"replies":[{"embeddable":true,"href":"https:\/\/modern-line.hr\/en\/wp-json\/wp\/v2\/comments?post=2526"}],"version-history":[{"count":0,"href":"https:\/\/modern-line.hr\/en\/wp-json\/wp\/v2\/pages\/2526\/revisions"}],"up":[{"embeddable":true,"href":"https:\/\/modern-line.hr\/en\/wp-json\/wp\/v2\/pages\/2525"}],"wp:attachment":[{"href":"https:\/\/modern-line.hr\/en\/wp-json\/wp\/v2\/media?parent=2526"}],"curies":[{"name":"wp","href":"https:\/\/api.w.org\/{rel}","templated":true}]}}