{"id":2528,"date":"2024-04-23T21:09:14","date_gmt":"2024-04-23T19:09:14","guid":{"rendered":"https:\/\/modern-line.hr\/proizvodi\/sjenila\/rolete\/"},"modified":"2024-06-10T11:25:15","modified_gmt":"2024-06-10T09:25:15","slug":"blinds","status":"publish","type":"page","link":"https:\/\/modern-line.hr\/en\/products\/shadows\/blinds\/","title":{"rendered":"Blinds"},"content":{"rendered":"<section  class=\"section no\"><div class=\"row\"><div class=\"wpb_column col-md-12 have-padding\"><div class=\"item-padd-mob section-text text-block titlesec \" ><div class=\"simple-text md\"><h1 style=\"text-align: center\">Functional blinds for protection<\/h1>\n<\/div><\/div><\/div><\/div><\/section><section  class=\"section no mt-40\"><div class=\"row\"><div class=\"wpb_column col-md-12 have-padding  vc_custom_1690374891607\"><div class=\"item-padd-mob section-text text-block \" ><div class=\"simple-text md\"><p>Blinds are a popular choice for windows and doors due to their practicality and aesthetics. They offer a variety of options for controlling light, privacy and room temperature. There are many types of blinds available in the market, including manual or motorized blinds. Depending on your preferences and needs, you can choose blinds that will fit into the style of your space and provide the desired level of functionality.<\/p>\n<p>One of the advantages of blinds is their adaptability. You can install them on different types of windows and doors. Blinds are easy to maintain and clean, making them a practical choice for everyday use. Their adaptability, functionality and aesthetics make them a popular choice among many households and business premises.<\/p>\n<\/div><\/div><\/div><\/div><\/section>\n","protected":false},"excerpt":{"rendered":"Functional blinds for protection Blinds are a popular choice for windows and doors due to their practicality and aesthetics. They offer a variety of options for controlling light, privacy and room temperature. There are many types of blinds available in the market, including manual or motorized blinds. Depending on your preferences and needs, you can [...]","protected":false},"author":1,"featured_media":0,"parent":2525,"menu_order":0,"comment_status":"closed","ping_status":"closed","template":"","meta":{"footnotes":""},"class_list":["post-2528","page","type-page","status-publish","hentry"],"yoast_head":"<!-- This site is optimized with the Yoast SEO plugin v27.1.1 - https:\/\/yoast.com\/product\/yoast-seo-wordpress\/ -->\n<title>Funkcionalne rolete za za\u0161titu<\/title>\n<meta name=\"description\" content=\"Prakti\u010dne rolete za za\u0161titu i privatnost. Visokokvalitetna rje\u0161enja za prozore. Pregledajte na\u0161u \u0161iroku ponudu!\" \/>\n<meta name=\"robots\" content=\"index, follow, max-snippet:-1, max-image-preview:large, max-video-preview:-1\" \/>\n<link rel=\"canonical\" href=\"https:\/\/modern-line.hr\/en\/products\/shadows\/blinds\/\" \/>\n<meta property=\"og:locale\" content=\"en_US\" \/>\n<meta property=\"og:type\" content=\"article\" \/>\n<meta property=\"og:title\" content=\"Funkcionalne rolete za za\u0161titu\" \/>\n<meta property=\"og:description\" content=\"Prakti\u010dne rolete za za\u0161titu i privatnost. Visokokvalitetna rje\u0161enja za prozore. Pregledajte na\u0161u \u0161iroku ponudu!\" \/>\n<meta property=\"og:url\" content=\"https:\/\/modern-line.hr\/en\/products\/shadows\/blinds\/\" \/>\n<meta property=\"og:site_name\" content=\"Modern Line\" \/>\n<meta property=\"article:modified_time\" content=\"2024-06-10T09:25:15+00:00\" \/>\n<meta name=\"twitter:card\" content=\"summary_large_image\" \/>\n<meta name=\"twitter:label1\" content=\"Est. reading time\" \/>\n\t<meta name=\"twitter:data1\" content=\"1 minute\" \/>\n<script type=\"application\/ld+json\" class=\"yoast-schema-graph\">{\"@context\":\"https:\/\/schema.org\",\"@graph\":[{\"@type\":\"WebPage\",\"@id\":\"https:\/\/modern-line.hr\/en\/products\/shadows\/blinds\/\",\"url\":\"https:\/\/modern-line.hr\/en\/products\/shadows\/blinds\/\",\"name\":\"Funkcionalne rolete za za\u0161titu\",\"isPartOf\":{\"@id\":\"https:\/\/modern-line.hr\/#website\"},\"datePublished\":\"2024-04-23T19:09:14+00:00\",\"dateModified\":\"2024-06-10T09:25:15+00:00\",\"description\":\"Prakti\u010dne rolete za za\u0161titu i privatnost. Visokokvalitetna rje\u0161enja za prozore. Pregledajte na\u0161u \u0161iroku ponudu!\",\"breadcrumb\":{\"@id\":\"https:\/\/modern-line.hr\/en\/products\/shadows\/blinds\/#breadcrumb\"},\"inLanguage\":\"en-US\",\"potentialAction\":[{\"@type\":\"ReadAction\",\"target\":[\"https:\/\/modern-line.hr\/en\/products\/shadows\/blinds\/\"]}]},{\"@type\":\"BreadcrumbList\",\"@id\":\"https:\/\/modern-line.hr\/en\/products\/shadows\/blinds\/#breadcrumb\",\"itemListElement\":[{\"@type\":\"ListItem\",\"position\":1,\"name\":\"Po\u010detna stranica\",\"item\":\"https:\/\/modern-line.hr\/en\/\"},{\"@type\":\"ListItem\",\"position\":2,\"name\":\"Products\",\"item\":\"https:\/\/modern-line.hr\/en\/products\/\"},{\"@type\":\"ListItem\",\"position\":3,\"name\":\"Shadows\",\"item\":\"https:\/\/modern-line.hr\/en\/products\/shadows\/\"},{\"@type\":\"ListItem\",\"position\":4,\"name\":\"Blinds\"}]},{\"@type\":\"WebSite\",\"@id\":\"https:\/\/modern-line.hr\/#website\",\"url\":\"https:\/\/modern-line.hr\/\",\"name\":\"Modern Line\",\"description\":\"Tvornica prozora i vrata\",\"potentialAction\":[{\"@type\":\"SearchAction\",\"target\":{\"@type\":\"EntryPoint\",\"urlTemplate\":\"https:\/\/modern-line.hr\/?s={search_term_string}\"},\"query-input\":{\"@type\":\"PropertyValueSpecification\",\"valueRequired\":true,\"valueName\":\"search_term_string\"}}],\"inLanguage\":\"en-US\"}]}<\/script>\n<!-- \/ Yoast SEO plugin. -->","yoast_head_json":{"title":"Funkcionalne rolete za za\u0161titu","description":"Prakti\u010dne rolete za za\u0161titu i privatnost. Visokokvalitetna rje\u0161enja za prozore. Pregledajte na\u0161u \u0161iroku ponudu!","robots":{"index":"index","follow":"follow","max-snippet":"max-snippet:-1","max-image-preview":"max-image-preview:large","max-video-preview":"max-video-preview:-1"},"canonical":"https:\/\/modern-line.hr\/en\/products\/shadows\/blinds\/","og_locale":"en_US","og_type":"article","og_title":"Funkcionalne rolete za za\u0161titu","og_description":"Prakti\u010dne rolete za za\u0161titu i privatnost. Visokokvalitetna rje\u0161enja za prozore. Pregledajte na\u0161u \u0161iroku ponudu!","og_url":"https:\/\/modern-line.hr\/en\/products\/shadows\/blinds\/","og_site_name":"Modern Line","article_modified_time":"2024-06-10T09:25:15+00:00","twitter_card":"summary_large_image","twitter_misc":{"Est. reading time":"1 minute"},"schema":{"@context":"https:\/\/schema.org","@graph":[{"@type":"WebPage","@id":"https:\/\/modern-line.hr\/en\/products\/shadows\/blinds\/","url":"https:\/\/modern-line.hr\/en\/products\/shadows\/blinds\/","name":"Funkcionalne rolete za za\u0161titu","isPartOf":{"@id":"https:\/\/modern-line.hr\/#website"},"datePublished":"2024-04-23T19:09:14+00:00","dateModified":"2024-06-10T09:25:15+00:00","description":"Prakti\u010dne rolete za za\u0161titu i privatnost. Visokokvalitetna rje\u0161enja za prozore. Pregledajte na\u0161u \u0161iroku ponudu!","breadcrumb":{"@id":"https:\/\/modern-line.hr\/en\/products\/shadows\/blinds\/#breadcrumb"},"inLanguage":"en-US","potentialAction":[{"@type":"ReadAction","target":["https:\/\/modern-line.hr\/en\/products\/shadows\/blinds\/"]}]},{"@type":"BreadcrumbList","@id":"https:\/\/modern-line.hr\/en\/products\/shadows\/blinds\/#breadcrumb","itemListElement":[{"@type":"ListItem","position":1,"name":"Po\u010detna stranica","item":"https:\/\/modern-line.hr\/en\/"},{"@type":"ListItem","position":2,"name":"Products","item":"https:\/\/modern-line.hr\/en\/products\/"},{"@type":"ListItem","position":3,"name":"Shadows","item":"https:\/\/modern-line.hr\/en\/products\/shadows\/"},{"@type":"ListItem","position":4,"name":"Blinds"}]},{"@type":"WebSite","@id":"https:\/\/modern-line.hr\/#website","url":"https:\/\/modern-line.hr\/","name":"Modern Line","description":"Tvornica prozora i vrata","potentialAction":[{"@type":"SearchAction","target":{"@type":"EntryPoint","urlTemplate":"https:\/\/modern-line.hr\/?s={search_term_string}"},"query-input":{"@type":"PropertyValueSpecification","valueRequired":true,"valueName":"search_term_string"}}],"inLanguage":"en-US"}]}},"_links":{"self":[{"href":"https:\/\/modern-line.hr\/en\/wp-json\/wp\/v2\/pages\/2528","targetHints":{"allow":["GET"]}}],"collection":[{"href":"https:\/\/modern-line.hr\/en\/wp-json\/wp\/v2\/pages"}],"about":[{"href":"https:\/\/modern-line.hr\/en\/wp-json\/wp\/v2\/types\/page"}],"author":[{"embeddable":true,"href":"https:\/\/modern-line.hr\/en\/wp-json\/wp\/v2\/users\/1"}],"replies":[{"embeddable":true,"href":"https:\/\/modern-line.hr\/en\/wp-json\/wp\/v2\/comments?post=2528"}],"version-history":[{"count":0,"href":"https:\/\/modern-line.hr\/en\/wp-json\/wp\/v2\/pages\/2528\/revisions"}],"up":[{"embeddable":true,"href":"https:\/\/modern-line.hr\/en\/wp-json\/wp\/v2\/pages\/2525"}],"wp:attachment":[{"href":"https:\/\/modern-line.hr\/en\/wp-json\/wp\/v2\/media?parent=2528"}],"curies":[{"name":"wp","href":"https:\/\/api.w.org\/{rel}","templated":true}]}}