{"id":2529,"date":"2024-04-23T21:09:50","date_gmt":"2024-04-23T19:09:50","guid":{"rendered":"https:\/\/modern-line.hr\/proizvodi\/sjenila\/zaluzine\/"},"modified":"2024-06-10T11:26:32","modified_gmt":"2024-06-10T09:26:32","slug":"sunblinds","status":"publish","type":"page","link":"https:\/\/modern-line.hr\/en\/products\/shadows\/sunblinds\/","title":{"rendered":"Sunblinds"},"content":{"rendered":"<section  class=\"section no\"><div class=\"row\"><div class=\"wpb_column col-md-12 have-padding\"><div class=\"item-padd-mob section-text text-block titlesec \" ><div class=\"simple-text md\"><h1 style=\"text-align: center\">Blinds for light control<\/h1>\n<\/div><\/div><\/div><\/div><\/section><section  class=\"section no mt-40\"><div class=\"row\"><div class=\"wpb_column col-md-12 have-padding  vc_custom_1690374891607\"><div class=\"item-padd-mob section-text text-block \" ><div class=\"simple-text md\"><p>Installation of external venetian blinds on facades is a very practical way of shading the sun and effectively protecting the interior from overheating. We are able to offer under-mesh and over-mesh blinds.<\/p>\n<p>Adjustable slats are a typical feature of these products, giving users the freedom to choose the angle and degree of shading that suits them best. At the same time, the aesthetic profile of the lamellas and the aluminum structural elements give the facades a modern, original look. Well-designed, quality-made structures enable the creation of large constructions, so they are often used for extensive glazing. As a result, external venetian blinds have been used to great effect in public buildings and residential areas.<\/p>\n<p>&nbsp;<\/p>\n<p><strong>Slats<\/strong><\/p>\n<p>They can be made flat or rounded.<\/p>\n<\/div><\/div><\/div><\/div><\/section>\n","protected":false},"excerpt":{"rendered":"Blinds for light control Installation of external venetian blinds on facades is a very practical way of shading the sun and effectively protecting the interior from overheating. We are able to offer under-mesh and over-mesh blinds. Adjustable slats are a typical feature of these products, giving users the freedom to choose the angle and degree [...]","protected":false},"author":1,"featured_media":0,"parent":2525,"menu_order":0,"comment_status":"closed","ping_status":"closed","template":"","meta":{"footnotes":""},"class_list":["post-2529","page","type-page","status-publish","hentry"],"yoast_head":"<!-- This site is optimized with the Yoast SEO plugin v27.1.1 - https:\/\/yoast.com\/product\/yoast-seo-wordpress\/ -->\n<title>\u017daluzine za kontrolu svjetlosti<\/title>\n<meta name=\"description\" content=\"Moderne \u017ealuzine za kontrolu svjetlosti i privatnost. Kvalitetna rje\u0161enja za prozore i prostore. Pogledajte na\u0161u ponudu!\" \/>\n<meta name=\"robots\" content=\"index, follow, max-snippet:-1, max-image-preview:large, max-video-preview:-1\" \/>\n<link rel=\"canonical\" href=\"https:\/\/modern-line.hr\/en\/products\/shadows\/sunblinds\/\" \/>\n<meta property=\"og:locale\" content=\"en_US\" \/>\n<meta property=\"og:type\" content=\"article\" \/>\n<meta property=\"og:title\" content=\"\u017daluzine za kontrolu svjetlosti\" \/>\n<meta property=\"og:description\" content=\"Moderne \u017ealuzine za kontrolu svjetlosti i privatnost. Kvalitetna rje\u0161enja za prozore i prostore. Pogledajte na\u0161u ponudu!\" \/>\n<meta property=\"og:url\" content=\"https:\/\/modern-line.hr\/en\/products\/shadows\/sunblinds\/\" \/>\n<meta property=\"og:site_name\" content=\"Modern Line\" \/>\n<meta property=\"article:modified_time\" content=\"2024-06-10T09:26:32+00:00\" \/>\n<meta name=\"twitter:card\" content=\"summary_large_image\" \/>\n<meta name=\"twitter:label1\" content=\"Est. reading time\" \/>\n\t<meta name=\"twitter:data1\" content=\"1 minute\" \/>\n<script type=\"application\/ld+json\" class=\"yoast-schema-graph\">{\"@context\":\"https:\/\/schema.org\",\"@graph\":[{\"@type\":\"WebPage\",\"@id\":\"https:\/\/modern-line.hr\/en\/products\/shadows\/sunblinds\/\",\"url\":\"https:\/\/modern-line.hr\/en\/products\/shadows\/sunblinds\/\",\"name\":\"\u017daluzine za kontrolu svjetlosti\",\"isPartOf\":{\"@id\":\"https:\/\/modern-line.hr\/#website\"},\"datePublished\":\"2024-04-23T19:09:50+00:00\",\"dateModified\":\"2024-06-10T09:26:32+00:00\",\"description\":\"Moderne \u017ealuzine za kontrolu svjetlosti i privatnost. Kvalitetna rje\u0161enja za prozore i prostore. Pogledajte na\u0161u ponudu!\",\"breadcrumb\":{\"@id\":\"https:\/\/modern-line.hr\/en\/products\/shadows\/sunblinds\/#breadcrumb\"},\"inLanguage\":\"en-US\",\"potentialAction\":[{\"@type\":\"ReadAction\",\"target\":[\"https:\/\/modern-line.hr\/en\/products\/shadows\/sunblinds\/\"]}]},{\"@type\":\"BreadcrumbList\",\"@id\":\"https:\/\/modern-line.hr\/en\/products\/shadows\/sunblinds\/#breadcrumb\",\"itemListElement\":[{\"@type\":\"ListItem\",\"position\":1,\"name\":\"Po\u010detna stranica\",\"item\":\"https:\/\/modern-line.hr\/en\/\"},{\"@type\":\"ListItem\",\"position\":2,\"name\":\"Products\",\"item\":\"https:\/\/modern-line.hr\/en\/products\/\"},{\"@type\":\"ListItem\",\"position\":3,\"name\":\"Shadows\",\"item\":\"https:\/\/modern-line.hr\/en\/products\/shadows\/\"},{\"@type\":\"ListItem\",\"position\":4,\"name\":\"Sunblinds\"}]},{\"@type\":\"WebSite\",\"@id\":\"https:\/\/modern-line.hr\/#website\",\"url\":\"https:\/\/modern-line.hr\/\",\"name\":\"Modern Line\",\"description\":\"Tvornica prozora i vrata\",\"potentialAction\":[{\"@type\":\"SearchAction\",\"target\":{\"@type\":\"EntryPoint\",\"urlTemplate\":\"https:\/\/modern-line.hr\/?s={search_term_string}\"},\"query-input\":{\"@type\":\"PropertyValueSpecification\",\"valueRequired\":true,\"valueName\":\"search_term_string\"}}],\"inLanguage\":\"en-US\"}]}<\/script>\n<!-- \/ Yoast SEO plugin. -->","yoast_head_json":{"title":"\u017daluzine za kontrolu svjetlosti","description":"Moderne \u017ealuzine za kontrolu svjetlosti i privatnost. Kvalitetna rje\u0161enja za prozore i prostore. Pogledajte na\u0161u ponudu!","robots":{"index":"index","follow":"follow","max-snippet":"max-snippet:-1","max-image-preview":"max-image-preview:large","max-video-preview":"max-video-preview:-1"},"canonical":"https:\/\/modern-line.hr\/en\/products\/shadows\/sunblinds\/","og_locale":"en_US","og_type":"article","og_title":"\u017daluzine za kontrolu svjetlosti","og_description":"Moderne \u017ealuzine za kontrolu svjetlosti i privatnost. Kvalitetna rje\u0161enja za prozore i prostore. Pogledajte na\u0161u ponudu!","og_url":"https:\/\/modern-line.hr\/en\/products\/shadows\/sunblinds\/","og_site_name":"Modern Line","article_modified_time":"2024-06-10T09:26:32+00:00","twitter_card":"summary_large_image","twitter_misc":{"Est. reading time":"1 minute"},"schema":{"@context":"https:\/\/schema.org","@graph":[{"@type":"WebPage","@id":"https:\/\/modern-line.hr\/en\/products\/shadows\/sunblinds\/","url":"https:\/\/modern-line.hr\/en\/products\/shadows\/sunblinds\/","name":"\u017daluzine za kontrolu svjetlosti","isPartOf":{"@id":"https:\/\/modern-line.hr\/#website"},"datePublished":"2024-04-23T19:09:50+00:00","dateModified":"2024-06-10T09:26:32+00:00","description":"Moderne \u017ealuzine za kontrolu svjetlosti i privatnost. Kvalitetna rje\u0161enja za prozore i prostore. Pogledajte na\u0161u ponudu!","breadcrumb":{"@id":"https:\/\/modern-line.hr\/en\/products\/shadows\/sunblinds\/#breadcrumb"},"inLanguage":"en-US","potentialAction":[{"@type":"ReadAction","target":["https:\/\/modern-line.hr\/en\/products\/shadows\/sunblinds\/"]}]},{"@type":"BreadcrumbList","@id":"https:\/\/modern-line.hr\/en\/products\/shadows\/sunblinds\/#breadcrumb","itemListElement":[{"@type":"ListItem","position":1,"name":"Po\u010detna stranica","item":"https:\/\/modern-line.hr\/en\/"},{"@type":"ListItem","position":2,"name":"Products","item":"https:\/\/modern-line.hr\/en\/products\/"},{"@type":"ListItem","position":3,"name":"Shadows","item":"https:\/\/modern-line.hr\/en\/products\/shadows\/"},{"@type":"ListItem","position":4,"name":"Sunblinds"}]},{"@type":"WebSite","@id":"https:\/\/modern-line.hr\/#website","url":"https:\/\/modern-line.hr\/","name":"Modern Line","description":"Tvornica prozora i vrata","potentialAction":[{"@type":"SearchAction","target":{"@type":"EntryPoint","urlTemplate":"https:\/\/modern-line.hr\/?s={search_term_string}"},"query-input":{"@type":"PropertyValueSpecification","valueRequired":true,"valueName":"search_term_string"}}],"inLanguage":"en-US"}]}},"_links":{"self":[{"href":"https:\/\/modern-line.hr\/en\/wp-json\/wp\/v2\/pages\/2529","targetHints":{"allow":["GET"]}}],"collection":[{"href":"https:\/\/modern-line.hr\/en\/wp-json\/wp\/v2\/pages"}],"about":[{"href":"https:\/\/modern-line.hr\/en\/wp-json\/wp\/v2\/types\/page"}],"author":[{"embeddable":true,"href":"https:\/\/modern-line.hr\/en\/wp-json\/wp\/v2\/users\/1"}],"replies":[{"embeddable":true,"href":"https:\/\/modern-line.hr\/en\/wp-json\/wp\/v2\/comments?post=2529"}],"version-history":[{"count":0,"href":"https:\/\/modern-line.hr\/en\/wp-json\/wp\/v2\/pages\/2529\/revisions"}],"up":[{"embeddable":true,"href":"https:\/\/modern-line.hr\/en\/wp-json\/wp\/v2\/pages\/2525"}],"wp:attachment":[{"href":"https:\/\/modern-line.hr\/en\/wp-json\/wp\/v2\/media?parent=2529"}],"curies":[{"name":"wp","href":"https:\/\/api.w.org\/{rel}","templated":true}]}}