{"id":2531,"date":"2023-07-27T08:45:24","date_gmt":"2023-07-27T06:45:24","guid":{"rendered":"https:\/\/modern-line.hr\/reference\/"},"modified":"2024-06-10T09:47:16","modified_gmt":"2024-06-10T07:47:16","slug":"references","status":"publish","type":"page","link":"https:\/\/modern-line.hr\/en\/references\/","title":{"rendered":"References"},"content":{"rendered":"<section  class=\"section no  vc_custom_1711511633844\"><div class=\"row\"><div class=\"wpb_column col-md-12 have-padding\"><div class=\"item-padd-mob section-text text-block titlesec \" ><div class=\"simple-text md\"><h1 style=\"text-align: center\">Our successful reference projects<\/h1>\n<\/div><\/div><\/div><\/div><\/section><section  class=\"section no\"><div class=\"row\"><div class=\"wpb_column col-md-4 have-padding\">[vc_single_image image=&#8221;1274&#8243; img_size=&#8221;full&#8221; onclick=&#8221;custom_link&#8221; css_animation=&#8221;fadeIn&#8221; css=&#8221;&#8221; link=&#8221;https:\/\/modern-line.hr\/en\/references\/residential-buildings\/&#8221;]<div class=\"item-padd-mob section-text text-block \" ><div class=\"simple-text md\"><h4 style=\"text-align: center\"><a href=\"https:\/\/modern-line.hr\/en\/references\/residential-buildings\/\">Residential buildings<\/a><\/h4>\n<\/div><\/div><\/div><div class=\"wpb_column col-md-4 have-padding\">[vc_single_image image=&#8221;1276&#8243; img_size=&#8221;full&#8221; onclick=&#8221;custom_link&#8221; css_animation=&#8221;fadeIn&#8221; css=&#8221;&#8221; link=&#8221;https:\/\/modern-line.hr\/en\/references\/tourist-facilities\/&#8221;]<div class=\"item-padd-mob section-text text-block \" ><div class=\"simple-text md\"><h4 style=\"text-align: center\"><a href=\"https:\/\/modern-line.hr\/en\/references\/tourist-facilities\/\">Tourist facilities<\/a><\/h4>\n<\/div><\/div><\/div><div class=\"wpb_column col-md-4 have-padding\">[vc_single_image image=&#8221;1272&#8243; img_size=&#8221;full&#8221; onclick=&#8221;custom_link&#8221; css_animation=&#8221;fadeIn&#8221; css=&#8221;&#8221; link=&#8221;https:\/\/modern-line.hr\/en\/references\/sports-and-socially-useful-facilities\/&#8221;]<div class=\"item-padd-mob section-text text-block \" ><div class=\"simple-text md\"><h4 style=\"text-align: center\"><a href=\"https:\/\/modern-line.hr\/en\/references\/sports-and-socially-useful-facilities\/\">Sports and socially useful facilities<\/a><\/h4>\n<\/div><\/div><\/div><\/div><\/section><section  class=\"section no  vc_custom_1690440253523\"><div class=\"row\"><div class=\"wpb_column col-md-4 have-padding\">[vc_single_image image=&#8221;1270&#8243; img_size=&#8221;full&#8221; onclick=&#8221;custom_link&#8221; css_animation=&#8221;fadeIn&#8221; css=&#8221;&#8221; link=&#8221;https:\/\/modern-line.hr\/en\/references\/business-commercial-facilities\/&#8221;]<div class=\"item-padd-mob section-text text-block \" ><div class=\"simple-text md\"><h4 style=\"text-align: center\"><a href=\"https:\/\/modern-line.hr\/en\/references\/business-commercial-facilities\/\">Business &#8211; shopping facilities<\/a><\/h4>\n<\/div><\/div><\/div><div class=\"wpb_column col-md-4 have-padding\">[vc_single_image image=&#8221;1268&#8243; img_size=&#8221;full&#8221; onclick=&#8221;custom_link&#8221; css_animation=&#8221;fadeIn&#8221; css=&#8221;&#8221; link=&#8221;https:\/\/modern-line.hr\/en\/references\/educational-institutions\/&#8221;]<div class=\"item-padd-mob section-text text-block \" ><div class=\"simple-text md\"><h4 style=\"text-align: center\"><a href=\"https:\/\/modern-line.hr\/en\/references\/educational-institutions\/\">Educational institutions<\/a><\/h4>\n<\/div><\/div><\/div><div class=\"wpb_column col-md-4 have-padding\">[vc_single_image image=&#8221;1278&#8243; img_size=&#8221;full&#8221; onclick=&#8221;custom_link&#8221; css_animation=&#8221;fadeIn&#8221; css=&#8221;&#8221; link=&#8221;https:\/\/modern-line.hr\/en\/references\/health-institution\/&#8221;]<div class=\"item-padd-mob section-text text-block \" ><div class=\"simple-text md\"><h4 style=\"text-align: center\"><a href=\"https:\/\/modern-line.hr\/en\/references\/health-institution\/\">Health institution<\/a><\/h4>\n<\/div><\/div><\/div><\/div><\/section>\n","protected":false},"excerpt":{"rendered":"Our successful reference projects [vc_single_image image=\"1274\" img_size=\"full\" onclick=\"custom_link\" css_animation=\"fadeIn\" css=\"\" link=\"https:\/\/modern-line.hr\/en\/references\/residential-buildings\/\"]Residential buildings [vc_single_image image=\"1276\" img_size=\"full\" onclick=\"custom_link\" css_animation=\"fadeIn\" css=\"\" link=\"https:\/\/modern-line.hr\/en\/references\/tourist-facilities\/\"]Tourist facilities [vc_single_image image=\"1272\" img_size=\"full\" onclick=\"custom_link\" css_animation=\"fadeIn\" css=\"\" link=\"https:\/\/modern-line.hr\/en\/references\/sports-and-socially-useful-facilities\/\"]Sports and socially useful facilities [vc_single_image image=\"1270\" img_size=\"full\" onclick=\"custom_link\" css_animation=\"fadeIn\" css=\"\" link=\"https:\/\/modern-line.hr\/en\/references\/business-commercial-facilities\/\"]Business - shopping facilities [vc_single_image image=\"1268\" img_size=\"full\" onclick=\"custom_link\" css_animation=\"fadeIn\" css=\"\" link=\"https:\/\/modern-line.hr\/en\/references\/educational-institutions\/\"]Educational institutions [vc_single_image image=\"1278\" img_size=\"full\" onclick=\"custom_link\" css_animation=\"fadeIn\" css=\"\" [...]","protected":false},"author":1,"featured_media":0,"parent":0,"menu_order":0,"comment_status":"closed","ping_status":"closed","template":"","meta":{"footnotes":""},"class_list":["post-2531","page","type-page","status-publish","hentry"],"yoast_head":"<!-- This site is optimized with the Yoast SEO plugin v27.1.1 - https:\/\/yoast.com\/product\/yoast-seo-wordpress\/ -->\n<title>Na\u0161i uspje\u0161ni referentni projekti<\/title>\n<meta name=\"description\" content=\"Na\u0161e uspje\u0161ne implementacije u razli\u010ditim projektima. Kvalitetni proizvodi za zadovoljne klijente. Pogledajte na\u0161e referentne primjere!\" \/>\n<meta name=\"robots\" content=\"index, follow, max-snippet:-1, max-image-preview:large, max-video-preview:-1\" \/>\n<link rel=\"canonical\" href=\"https:\/\/modern-line.hr\/en\/references\/\" \/>\n<meta property=\"og:locale\" content=\"en_US\" \/>\n<meta property=\"og:type\" content=\"article\" \/>\n<meta property=\"og:title\" content=\"Na\u0161i uspje\u0161ni referentni projekti\" \/>\n<meta property=\"og:description\" content=\"Na\u0161e uspje\u0161ne implementacije u razli\u010ditim projektima. Kvalitetni proizvodi za zadovoljne klijente. Pogledajte na\u0161e referentne primjere!\" \/>\n<meta property=\"og:url\" content=\"https:\/\/modern-line.hr\/en\/references\/\" \/>\n<meta property=\"og:site_name\" content=\"Modern Line\" \/>\n<meta property=\"article:modified_time\" content=\"2024-06-10T07:47:16+00:00\" \/>\n<meta name=\"twitter:card\" content=\"summary_large_image\" \/>\n<meta name=\"twitter:label1\" content=\"Est. reading time\" \/>\n\t<meta name=\"twitter:data1\" content=\"2 minutes\" \/>\n<script type=\"application\/ld+json\" class=\"yoast-schema-graph\">{\"@context\":\"https:\/\/schema.org\",\"@graph\":[{\"@type\":\"WebPage\",\"@id\":\"https:\/\/modern-line.hr\/en\/references\/\",\"url\":\"https:\/\/modern-line.hr\/en\/references\/\",\"name\":\"Na\u0161i uspje\u0161ni referentni projekti\",\"isPartOf\":{\"@id\":\"https:\/\/modern-line.hr\/#website\"},\"datePublished\":\"2023-07-27T06:45:24+00:00\",\"dateModified\":\"2024-06-10T07:47:16+00:00\",\"description\":\"Na\u0161e uspje\u0161ne implementacije u razli\u010ditim projektima. Kvalitetni proizvodi za zadovoljne klijente. Pogledajte na\u0161e referentne primjere!\",\"breadcrumb\":{\"@id\":\"https:\/\/modern-line.hr\/en\/references\/#breadcrumb\"},\"inLanguage\":\"en-US\",\"potentialAction\":[{\"@type\":\"ReadAction\",\"target\":[\"https:\/\/modern-line.hr\/en\/references\/\"]}]},{\"@type\":\"BreadcrumbList\",\"@id\":\"https:\/\/modern-line.hr\/en\/references\/#breadcrumb\",\"itemListElement\":[{\"@type\":\"ListItem\",\"position\":1,\"name\":\"Po\u010detna stranica\",\"item\":\"https:\/\/modern-line.hr\/en\/\"},{\"@type\":\"ListItem\",\"position\":2,\"name\":\"References\"}]},{\"@type\":\"WebSite\",\"@id\":\"https:\/\/modern-line.hr\/#website\",\"url\":\"https:\/\/modern-line.hr\/\",\"name\":\"Modern Line\",\"description\":\"Tvornica prozora i vrata\",\"potentialAction\":[{\"@type\":\"SearchAction\",\"target\":{\"@type\":\"EntryPoint\",\"urlTemplate\":\"https:\/\/modern-line.hr\/?s={search_term_string}\"},\"query-input\":{\"@type\":\"PropertyValueSpecification\",\"valueRequired\":true,\"valueName\":\"search_term_string\"}}],\"inLanguage\":\"en-US\"}]}<\/script>\n<!-- \/ Yoast SEO plugin. -->","yoast_head_json":{"title":"Na\u0161i uspje\u0161ni referentni projekti","description":"Na\u0161e uspje\u0161ne implementacije u razli\u010ditim projektima. Kvalitetni proizvodi za zadovoljne klijente. Pogledajte na\u0161e referentne primjere!","robots":{"index":"index","follow":"follow","max-snippet":"max-snippet:-1","max-image-preview":"max-image-preview:large","max-video-preview":"max-video-preview:-1"},"canonical":"https:\/\/modern-line.hr\/en\/references\/","og_locale":"en_US","og_type":"article","og_title":"Na\u0161i uspje\u0161ni referentni projekti","og_description":"Na\u0161e uspje\u0161ne implementacije u razli\u010ditim projektima. Kvalitetni proizvodi za zadovoljne klijente. Pogledajte na\u0161e referentne primjere!","og_url":"https:\/\/modern-line.hr\/en\/references\/","og_site_name":"Modern Line","article_modified_time":"2024-06-10T07:47:16+00:00","twitter_card":"summary_large_image","twitter_misc":{"Est. reading time":"2 minutes"},"schema":{"@context":"https:\/\/schema.org","@graph":[{"@type":"WebPage","@id":"https:\/\/modern-line.hr\/en\/references\/","url":"https:\/\/modern-line.hr\/en\/references\/","name":"Na\u0161i uspje\u0161ni referentni projekti","isPartOf":{"@id":"https:\/\/modern-line.hr\/#website"},"datePublished":"2023-07-27T06:45:24+00:00","dateModified":"2024-06-10T07:47:16+00:00","description":"Na\u0161e uspje\u0161ne implementacije u razli\u010ditim projektima. Kvalitetni proizvodi za zadovoljne klijente. Pogledajte na\u0161e referentne primjere!","breadcrumb":{"@id":"https:\/\/modern-line.hr\/en\/references\/#breadcrumb"},"inLanguage":"en-US","potentialAction":[{"@type":"ReadAction","target":["https:\/\/modern-line.hr\/en\/references\/"]}]},{"@type":"BreadcrumbList","@id":"https:\/\/modern-line.hr\/en\/references\/#breadcrumb","itemListElement":[{"@type":"ListItem","position":1,"name":"Po\u010detna stranica","item":"https:\/\/modern-line.hr\/en\/"},{"@type":"ListItem","position":2,"name":"References"}]},{"@type":"WebSite","@id":"https:\/\/modern-line.hr\/#website","url":"https:\/\/modern-line.hr\/","name":"Modern Line","description":"Tvornica prozora i vrata","potentialAction":[{"@type":"SearchAction","target":{"@type":"EntryPoint","urlTemplate":"https:\/\/modern-line.hr\/?s={search_term_string}"},"query-input":{"@type":"PropertyValueSpecification","valueRequired":true,"valueName":"search_term_string"}}],"inLanguage":"en-US"}]}},"_links":{"self":[{"href":"https:\/\/modern-line.hr\/en\/wp-json\/wp\/v2\/pages\/2531","targetHints":{"allow":["GET"]}}],"collection":[{"href":"https:\/\/modern-line.hr\/en\/wp-json\/wp\/v2\/pages"}],"about":[{"href":"https:\/\/modern-line.hr\/en\/wp-json\/wp\/v2\/types\/page"}],"author":[{"embeddable":true,"href":"https:\/\/modern-line.hr\/en\/wp-json\/wp\/v2\/users\/1"}],"replies":[{"embeddable":true,"href":"https:\/\/modern-line.hr\/en\/wp-json\/wp\/v2\/comments?post=2531"}],"version-history":[{"count":0,"href":"https:\/\/modern-line.hr\/en\/wp-json\/wp\/v2\/pages\/2531\/revisions"}],"wp:attachment":[{"href":"https:\/\/modern-line.hr\/en\/wp-json\/wp\/v2\/media?parent=2531"}],"curies":[{"name":"wp","href":"https:\/\/api.w.org\/{rel}","templated":true}]}}