{"id":2532,"date":"2023-07-27T08:53:06","date_gmt":"2023-07-27T06:53:06","guid":{"rendered":"https:\/\/modern-line.hr\/reference\/obrazovne-ustanove\/"},"modified":"2024-06-10T11:31:39","modified_gmt":"2024-06-10T09:31:39","slug":"educational-institutions","status":"publish","type":"page","link":"https:\/\/modern-line.hr\/en\/references\/educational-institutions\/","title":{"rendered":"Educational institutions"},"content":{"rendered":"<section  class=\"section no mt-40\"><div class=\"row\"><div class=\"wpb_column col-md-12 have-padding  vc_custom_1690374891607\"><div class=\"item-padd-mob section-text text-block justf \" ><div class=\"simple-text md\"><h3>We make extra efforts when it comes to educational institutions<\/h3>\n<p>&nbsp;<\/p>\n<p>The installation of openings in an educational institution does not mean only the installation of new openings, it is about creating a safe, inspiring and pleasant environment for children and their mentors. With this in mind, we invest extra effort, time and resources to ensure that every aspect of the product meets the school&#8217;s specific needs.<\/p>\n<p>&nbsp;<\/p>\n<p>Our team of experts carefully design and specify openings, taking into account factors such as energy efficiency, noise reduction and safety. We understand the importance of providing a conducive learning environment that would encourage concentration and provide safety during inclement weather.<\/p>\n<p>&nbsp;<\/p>\n<p>We are aware of project deadlines and budget constraints, however, we never compromise on the quality of our work. The transformation of schools and kindergartens after our commitment and delivery enables us to receive a favorable testimony from the community, every additional effort proved to be extremely valuable and justified.<\/p>\n<\/div><\/div><\/div><\/div><\/section><section  class=\"section no  vc_custom_1690440963263\"><div class=\"row\"><div class=\"wpb_column col-md-12 have-padding\">[vc_basic_grid post_type=&#8221;portfolio&#8221; max_items=&#8221;3&#8243; item=&#8221;basicGrid_NoAnimation&#8221; grid_id=&#8221;vc_gid:1718011858204-96c77bcb-6331-1&#8243; taxonomies=&#8221;40&#8243;]<\/div><\/div><\/section><section  class=\"section no  vc_custom_1690440963263\"><div class=\"row\"><div class=\"wpb_column col-md-12 have-padding\">\n  <div class=\"content \">\n    <section class=\"section pt-0\">\n      <div class=\"\">\n                    <div class=\"row\">\n\n            <div class=\"izotope-container lightgallery \">\n            <div class=\"grid-sizer\"><\/div>\n                      <div class=\"item wow zoomIn wh-25 obrazovne-ustanove-en\" data-wow-delay=\"0.3s\">\n          <div class=\"item-drid-size\">\n            <img fetchpriority=\"high\" decoding=\"async\" width=\"270\" height=\"570\" src=\"https:\/\/modern-line.hr\/wp-content\/uploads\/2016\/08\/djecji-vrtic-270x570.jpg\" class=\"resp-img wp-post-image\" alt=\"\" \/>            <a href=\"https:\/\/modern-line.hr\/en\/portfolio\/kindergarten-pehlin\/\" class=\"link-wrap item-hov\"><\/a>\n             <div class=\"item-desc\">\n              <h4 class=\"h4\">Kindergarten Pehlin<\/h4>\n                 <span>Educational institutions<\/span>\n             <\/div>\n          <\/div>\n        <\/div>\n                <div class=\"item wow zoomIn wh-25 obrazovne-ustanove-en\" data-wow-delay=\"0.5s\">\n          <div class=\"item-drid-size\">\n            <img decoding=\"async\" width=\"270\" height=\"270\" src=\"https:\/\/modern-line.hr\/wp-content\/uploads\/2023\/07\/Djecji-vrtic-Punta-Kolova-Opatija-270x270.jpg\" class=\"resp-img wp-post-image\" alt=\"\" srcset=\"https:\/\/modern-line.hr\/wp-content\/uploads\/2023\/07\/Djecji-vrtic-Punta-Kolova-Opatija-270x270.jpg 270w, https:\/\/modern-line.hr\/wp-content\/uploads\/2023\/07\/Djecji-vrtic-Punta-Kolova-Opatija-570x570.jpg 570w, https:\/\/modern-line.hr\/wp-content\/uploads\/2023\/07\/Djecji-vrtic-Punta-Kolova-Opatija-150x150.jpg 150w, https:\/\/modern-line.hr\/wp-content\/uploads\/2023\/07\/Djecji-vrtic-Punta-Kolova-Opatija-370x370.jpg 370w, https:\/\/modern-line.hr\/wp-content\/uploads\/2023\/07\/Djecji-vrtic-Punta-Kolova-Opatija-900x900.jpg 900w, https:\/\/modern-line.hr\/wp-content\/uploads\/2023\/07\/Djecji-vrtic-Punta-Kolova-Opatija-80x80.jpg 80w\" sizes=\"(max-width: 270px) 100vw, 270px\" \/>            <a href=\"https:\/\/modern-line.hr\/en\/portfolio\/kindergarten-punta-kolova-opatija\/\" class=\"link-wrap item-hov\"><\/a>\n             <div class=\"item-desc\">\n              <h4 class=\"h4\">Kindergarten Punta Kolova Opatija<\/h4>\n                 <span>Educational institutions<\/span>\n             <\/div>\n          <\/div>\n        <\/div>\n                <div class=\"item wow zoomIn wh-50 obrazovne-ustanove-en\" data-wow-delay=\"0.7s\">\n          <div class=\"item-drid-size\">\n            <img decoding=\"async\" width=\"300\" height=\"300\" src=\"https:\/\/modern-line.hr\/wp-content\/uploads\/2023\/07\/Osnovna-Skola-Fran-Krsto-Frankopan-Baska-570x570.jpg\" class=\"resp-img wp-post-image\" alt=\"\" srcset=\"https:\/\/modern-line.hr\/wp-content\/uploads\/2023\/07\/Osnovna-Skola-Fran-Krsto-Frankopan-Baska-570x570.jpg 570w, https:\/\/modern-line.hr\/wp-content\/uploads\/2023\/07\/Osnovna-Skola-Fran-Krsto-Frankopan-Baska-150x150.jpg 150w, https:\/\/modern-line.hr\/wp-content\/uploads\/2023\/07\/Osnovna-Skola-Fran-Krsto-Frankopan-Baska-270x270.jpg 270w, https:\/\/modern-line.hr\/wp-content\/uploads\/2023\/07\/Osnovna-Skola-Fran-Krsto-Frankopan-Baska-370x370.jpg 370w, https:\/\/modern-line.hr\/wp-content\/uploads\/2023\/07\/Osnovna-Skola-Fran-Krsto-Frankopan-Baska-900x900.jpg 900w, https:\/\/modern-line.hr\/wp-content\/uploads\/2023\/07\/Osnovna-Skola-Fran-Krsto-Frankopan-Baska-80x80.jpg 80w\" sizes=\"(max-width: 300px) 100vw, 300px\" \/>            <a href=\"https:\/\/modern-line.hr\/en\/portfolio\/primary-school-fran-krsto-frankopan-baska\/\" class=\"link-wrap item-hov\"><\/a>\n             <div class=\"item-desc\">\n              <h4 class=\"h4\">Primary school Fran Krsto Frankopan, Ba\u0161ka<\/h4>\n                 <span>Educational institutions<\/span>\n             <\/div>\n          <\/div>\n        <\/div>\n                   <\/div>\n          <\/div><!--row-->\n          \n\n      <\/div>\n    <\/section>\n  <\/div>\n<\/div><\/div><\/section>\n","protected":false},"excerpt":{"rendered":"project details Year 2016 Products Aluminum carpentry Wooden carpentry For the Frank Krsto Frankopan elementary school in Ba\u0161ka on the island of Krk, we delivered external wooden and aluminum joinery and internal doors. It is located near the location of the discovery of the Ba\u0161\u0107an Tablet - one of the most precious Croatian monuments: the [...]","protected":false},"author":1,"featured_media":0,"parent":2531,"menu_order":0,"comment_status":"closed","ping_status":"closed","template":"","meta":{"footnotes":""},"class_list":["post-2532","page","type-page","status-publish","hentry"],"yoast_head":"<!-- This site is optimized with the Yoast SEO plugin v27.1.1 - https:\/\/yoast.com\/product\/yoast-seo-wordpress\/ -->\n<title>Bravarija u obrazovnim ustanovama za razvoj obrazovanja<\/title>\n<meta name=\"description\" content=\"Kvalitetna stolarija za obrazovne ustanove. Estetika i sigurnost za udobnost u\u010denja. Pogledajte na\u0161u ponudu za vrti\u0107e, \u0161kole i sveu\u010dili\u0161ta!\" \/>\n<meta name=\"robots\" content=\"index, follow, max-snippet:-1, max-image-preview:large, max-video-preview:-1\" \/>\n<link rel=\"canonical\" href=\"https:\/\/modern-line.hr\/en\/references\/educational-institutions\/\" \/>\n<meta property=\"og:locale\" content=\"en_US\" \/>\n<meta property=\"og:type\" content=\"article\" \/>\n<meta property=\"og:title\" content=\"Bravarija u obrazovnim ustanovama za razvoj obrazovanja\" \/>\n<meta property=\"og:description\" content=\"Kvalitetna stolarija za obrazovne ustanove. Estetika i sigurnost za udobnost u\u010denja. Pogledajte na\u0161u ponudu za vrti\u0107e, \u0161kole i sveu\u010dili\u0161ta!\" \/>\n<meta property=\"og:url\" content=\"https:\/\/modern-line.hr\/en\/references\/educational-institutions\/\" \/>\n<meta property=\"og:site_name\" content=\"Modern Line\" \/>\n<meta property=\"article:modified_time\" content=\"2024-06-10T09:31:39+00:00\" \/>\n<meta name=\"twitter:card\" content=\"summary_large_image\" \/>\n<meta name=\"twitter:label1\" content=\"Est. reading time\" \/>\n\t<meta name=\"twitter:data1\" content=\"1 minute\" \/>\n<script type=\"application\/ld+json\" class=\"yoast-schema-graph\">{\"@context\":\"https:\/\/schema.org\",\"@graph\":[{\"@type\":\"WebPage\",\"@id\":\"https:\/\/modern-line.hr\/en\/references\/educational-institutions\/\",\"url\":\"https:\/\/modern-line.hr\/en\/references\/educational-institutions\/\",\"name\":\"Bravarija u obrazovnim ustanovama za razvoj obrazovanja\",\"isPartOf\":{\"@id\":\"https:\/\/modern-line.hr\/#website\"},\"datePublished\":\"2023-07-27T06:53:06+00:00\",\"dateModified\":\"2024-06-10T09:31:39+00:00\",\"description\":\"Kvalitetna stolarija za obrazovne ustanove. Estetika i sigurnost za udobnost u\u010denja. Pogledajte na\u0161u ponudu za vrti\u0107e, \u0161kole i sveu\u010dili\u0161ta!\",\"breadcrumb\":{\"@id\":\"https:\/\/modern-line.hr\/en\/references\/educational-institutions\/#breadcrumb\"},\"inLanguage\":\"en-US\",\"potentialAction\":[{\"@type\":\"ReadAction\",\"target\":[\"https:\/\/modern-line.hr\/en\/references\/educational-institutions\/\"]}]},{\"@type\":\"BreadcrumbList\",\"@id\":\"https:\/\/modern-line.hr\/en\/references\/educational-institutions\/#breadcrumb\",\"itemListElement\":[{\"@type\":\"ListItem\",\"position\":1,\"name\":\"Po\u010detna stranica\",\"item\":\"https:\/\/modern-line.hr\/en\/\"},{\"@type\":\"ListItem\",\"position\":2,\"name\":\"References\",\"item\":\"https:\/\/modern-line.hr\/en\/references\/\"},{\"@type\":\"ListItem\",\"position\":3,\"name\":\"Educational institutions\"}]},{\"@type\":\"WebSite\",\"@id\":\"https:\/\/modern-line.hr\/#website\",\"url\":\"https:\/\/modern-line.hr\/\",\"name\":\"Modern Line\",\"description\":\"Tvornica prozora i vrata\",\"potentialAction\":[{\"@type\":\"SearchAction\",\"target\":{\"@type\":\"EntryPoint\",\"urlTemplate\":\"https:\/\/modern-line.hr\/?s={search_term_string}\"},\"query-input\":{\"@type\":\"PropertyValueSpecification\",\"valueRequired\":true,\"valueName\":\"search_term_string\"}}],\"inLanguage\":\"en-US\"}]}<\/script>\n<!-- \/ Yoast SEO plugin. -->","yoast_head_json":{"title":"Bravarija u obrazovnim ustanovama za razvoj obrazovanja","description":"Kvalitetna stolarija za obrazovne ustanove. Estetika i sigurnost za udobnost u\u010denja. Pogledajte na\u0161u ponudu za vrti\u0107e, \u0161kole i sveu\u010dili\u0161ta!","robots":{"index":"index","follow":"follow","max-snippet":"max-snippet:-1","max-image-preview":"max-image-preview:large","max-video-preview":"max-video-preview:-1"},"canonical":"https:\/\/modern-line.hr\/en\/references\/educational-institutions\/","og_locale":"en_US","og_type":"article","og_title":"Bravarija u obrazovnim ustanovama za razvoj obrazovanja","og_description":"Kvalitetna stolarija za obrazovne ustanove. Estetika i sigurnost za udobnost u\u010denja. Pogledajte na\u0161u ponudu za vrti\u0107e, \u0161kole i sveu\u010dili\u0161ta!","og_url":"https:\/\/modern-line.hr\/en\/references\/educational-institutions\/","og_site_name":"Modern Line","article_modified_time":"2024-06-10T09:31:39+00:00","twitter_card":"summary_large_image","twitter_misc":{"Est. reading time":"1 minute"},"schema":{"@context":"https:\/\/schema.org","@graph":[{"@type":"WebPage","@id":"https:\/\/modern-line.hr\/en\/references\/educational-institutions\/","url":"https:\/\/modern-line.hr\/en\/references\/educational-institutions\/","name":"Bravarija u obrazovnim ustanovama za razvoj obrazovanja","isPartOf":{"@id":"https:\/\/modern-line.hr\/#website"},"datePublished":"2023-07-27T06:53:06+00:00","dateModified":"2024-06-10T09:31:39+00:00","description":"Kvalitetna stolarija za obrazovne ustanove. Estetika i sigurnost za udobnost u\u010denja. Pogledajte na\u0161u ponudu za vrti\u0107e, \u0161kole i sveu\u010dili\u0161ta!","breadcrumb":{"@id":"https:\/\/modern-line.hr\/en\/references\/educational-institutions\/#breadcrumb"},"inLanguage":"en-US","potentialAction":[{"@type":"ReadAction","target":["https:\/\/modern-line.hr\/en\/references\/educational-institutions\/"]}]},{"@type":"BreadcrumbList","@id":"https:\/\/modern-line.hr\/en\/references\/educational-institutions\/#breadcrumb","itemListElement":[{"@type":"ListItem","position":1,"name":"Po\u010detna stranica","item":"https:\/\/modern-line.hr\/en\/"},{"@type":"ListItem","position":2,"name":"References","item":"https:\/\/modern-line.hr\/en\/references\/"},{"@type":"ListItem","position":3,"name":"Educational institutions"}]},{"@type":"WebSite","@id":"https:\/\/modern-line.hr\/#website","url":"https:\/\/modern-line.hr\/","name":"Modern Line","description":"Tvornica prozora i vrata","potentialAction":[{"@type":"SearchAction","target":{"@type":"EntryPoint","urlTemplate":"https:\/\/modern-line.hr\/?s={search_term_string}"},"query-input":{"@type":"PropertyValueSpecification","valueRequired":true,"valueName":"search_term_string"}}],"inLanguage":"en-US"}]}},"_links":{"self":[{"href":"https:\/\/modern-line.hr\/en\/wp-json\/wp\/v2\/pages\/2532","targetHints":{"allow":["GET"]}}],"collection":[{"href":"https:\/\/modern-line.hr\/en\/wp-json\/wp\/v2\/pages"}],"about":[{"href":"https:\/\/modern-line.hr\/en\/wp-json\/wp\/v2\/types\/page"}],"author":[{"embeddable":true,"href":"https:\/\/modern-line.hr\/en\/wp-json\/wp\/v2\/users\/1"}],"replies":[{"embeddable":true,"href":"https:\/\/modern-line.hr\/en\/wp-json\/wp\/v2\/comments?post=2532"}],"version-history":[{"count":0,"href":"https:\/\/modern-line.hr\/en\/wp-json\/wp\/v2\/pages\/2532\/revisions"}],"up":[{"embeddable":true,"href":"https:\/\/modern-line.hr\/en\/wp-json\/wp\/v2\/pages\/2531"}],"wp:attachment":[{"href":"https:\/\/modern-line.hr\/en\/wp-json\/wp\/v2\/media?parent=2532"}],"curies":[{"name":"wp","href":"https:\/\/api.w.org\/{rel}","templated":true}]}}