{"id":2534,"date":"2023-07-27T09:03:41","date_gmt":"2023-07-27T07:03:41","guid":{"rendered":"https:\/\/modern-line.hr\/reference\/sportski-i-drustveno-korisni-objekti\/"},"modified":"2024-06-10T11:34:37","modified_gmt":"2024-06-10T09:34:37","slug":"sports-and-socially-useful-facilities","status":"publish","type":"page","link":"https:\/\/modern-line.hr\/en\/references\/sports-and-socially-useful-facilities\/","title":{"rendered":"Sports and socially useful facilities"},"content":{"rendered":"<section  class=\"section no mt-40\"><div class=\"row\"><div class=\"wpb_column col-md-12 have-padding  vc_custom_1690374891607\"><div class=\"item-padd-mob section-text text-block justf \" ><div class=\"simple-text md\"><h3>Improving sports facilities with dedication and expertise<\/h3>\n<p>&nbsp;<\/p>\n<p>We understand the unique requirements of sports and community facilities. It&#8217;s not just about providing functional doors and windows; It is about creating an environment that promotes health, movement, sports, safety and enjoyment for all users. With this in mind, we approach projects with dedication and excellence.<\/p>\n<p>&nbsp;<\/p>\n<p>Our products create an environment that enhances the sporting experience, supports social activities and fosters a sense of community. We witness the impact of our products on the atmosphere and functionality of the facility, which fills us with a beautiful feeling and pride.<\/p>\n<\/div><\/div><\/div><\/div><\/section><section  class=\"section no  vc_custom_1690440963263\"><div class=\"row\"><div class=\"wpb_column col-md-12 have-padding\">[vc_basic_grid post_type=&#8221;portfolio&#8221; max_items=&#8221;3&#8243; item=&#8221;basicGrid_NoAnimation&#8221; grid_id=&#8221;vc_gid:1718012041091-924c0f47-1d20-6&#8243; taxonomies=&#8221;42&#8243;]<\/div><\/div><\/section><section  class=\"section no  vc_custom_1690440963263\"><div class=\"row\"><div class=\"wpb_column col-md-12 have-padding\">\n  <div class=\"content \">\n    <section class=\"section pt-0\">\n      <div class=\"\">\n                    <div class=\"row\">\n\n            <div class=\"izotope-container lightgallery \">\n            <div class=\"grid-sizer\"><\/div>\n                      <div class=\"item wow zoomIn wh-25 sportski-i-drustveno-korisni-objekti-en\" data-wow-delay=\"0.3s\">\n          <div class=\"item-drid-size\">\n            <img fetchpriority=\"high\" decoding=\"async\" width=\"270\" height=\"570\" src=\"https:\/\/modern-line.hr\/wp-content\/uploads\/2023\/07\/Sportska-dvorana-Marino-Cvjetkovic-Opatija-270x570.jpg\" class=\"resp-img wp-post-image\" alt=\"\" \/>            <a href=\"https:\/\/modern-line.hr\/en\/portfolio\/sports-hall-marino-cvjetkovic-opatija\/\" class=\"link-wrap item-hov\"><\/a>\n             <div class=\"item-desc\">\n              <h4 class=\"h4\">Sports Hall Marino Cvjetkovi\u0107 Opatija<\/h4>\n                 <span>Sports and socially useful facilities<\/span>\n             <\/div>\n          <\/div>\n        <\/div>\n                <div class=\"item wow zoomIn wh-25 sportski-i-drustveno-korisni-objekti-en\" data-wow-delay=\"0.5s\">\n          <div class=\"item-drid-size\">\n            <img decoding=\"async\" width=\"270\" height=\"270\" src=\"https:\/\/modern-line.hr\/wp-content\/uploads\/2023\/07\/Sportska-dvorana-Hreljin-270x270.jpg\" class=\"resp-img wp-post-image\" alt=\"\" srcset=\"https:\/\/modern-line.hr\/wp-content\/uploads\/2023\/07\/Sportska-dvorana-Hreljin-270x270.jpg 270w, https:\/\/modern-line.hr\/wp-content\/uploads\/2023\/07\/Sportska-dvorana-Hreljin-570x570.jpg 570w, https:\/\/modern-line.hr\/wp-content\/uploads\/2023\/07\/Sportska-dvorana-Hreljin-150x150.jpg 150w, https:\/\/modern-line.hr\/wp-content\/uploads\/2023\/07\/Sportska-dvorana-Hreljin-370x370.jpg 370w, https:\/\/modern-line.hr\/wp-content\/uploads\/2023\/07\/Sportska-dvorana-Hreljin-900x900.jpg 900w, https:\/\/modern-line.hr\/wp-content\/uploads\/2023\/07\/Sportska-dvorana-Hreljin-80x80.jpg 80w\" sizes=\"(max-width: 270px) 100vw, 270px\" \/>            <a href=\"https:\/\/modern-line.hr\/en\/portfolio\/sports-hall-hreljin\/\" class=\"link-wrap item-hov\"><\/a>\n             <div class=\"item-desc\">\n              <h4 class=\"h4\">Sports hall Hreljin<\/h4>\n                 <span>Sports and socially useful facilities<\/span>\n             <\/div>\n          <\/div>\n        <\/div>\n                <div class=\"item wow zoomIn wh-50 sportski-i-drustveno-korisni-objekti-en\" data-wow-delay=\"0.7s\">\n          <div class=\"item-drid-size\">\n            <img decoding=\"async\" width=\"300\" height=\"300\" src=\"https:\/\/modern-line.hr\/wp-content\/uploads\/2023\/07\/Sportska-dvorana-Matulji-570x570.jpg\" class=\"resp-img wp-post-image\" alt=\"\" srcset=\"https:\/\/modern-line.hr\/wp-content\/uploads\/2023\/07\/Sportska-dvorana-Matulji-570x570.jpg 570w, https:\/\/modern-line.hr\/wp-content\/uploads\/2023\/07\/Sportska-dvorana-Matulji-150x150.jpg 150w, https:\/\/modern-line.hr\/wp-content\/uploads\/2023\/07\/Sportska-dvorana-Matulji-270x270.jpg 270w, https:\/\/modern-line.hr\/wp-content\/uploads\/2023\/07\/Sportska-dvorana-Matulji-370x370.jpg 370w, https:\/\/modern-line.hr\/wp-content\/uploads\/2023\/07\/Sportska-dvorana-Matulji-900x900.jpg 900w, https:\/\/modern-line.hr\/wp-content\/uploads\/2023\/07\/Sportska-dvorana-Matulji-80x80.jpg 80w\" sizes=\"(max-width: 300px) 100vw, 300px\" \/>            <a href=\"https:\/\/modern-line.hr\/en\/portfolio\/sports-hall-matulji\/\" class=\"link-wrap item-hov\"><\/a>\n             <div class=\"item-desc\">\n              <h4 class=\"h4\">Sports hall Matulji<\/h4>\n                 <span>Sports and socially useful facilities<\/span>\n             <\/div>\n          <\/div>\n        <\/div>\n                <div class=\"item wow zoomIn wh-25 sportski-i-drustveno-korisni-objekti-en\" data-wow-delay=\"0.9s\">\n          <div class=\"item-drid-size\">\n            <img loading=\"lazy\" decoding=\"async\" width=\"270\" height=\"270\" src=\"https:\/\/modern-line.hr\/wp-content\/uploads\/2023\/07\/Sportska-dvorana-Bale-270x270.jpg\" class=\"resp-img wp-post-image\" alt=\"\" srcset=\"https:\/\/modern-line.hr\/wp-content\/uploads\/2023\/07\/Sportska-dvorana-Bale-270x270.jpg 270w, https:\/\/modern-line.hr\/wp-content\/uploads\/2023\/07\/Sportska-dvorana-Bale-570x570.jpg 570w, https:\/\/modern-line.hr\/wp-content\/uploads\/2023\/07\/Sportska-dvorana-Bale-150x150.jpg 150w, https:\/\/modern-line.hr\/wp-content\/uploads\/2023\/07\/Sportska-dvorana-Bale-370x370.jpg 370w, https:\/\/modern-line.hr\/wp-content\/uploads\/2023\/07\/Sportska-dvorana-Bale-900x900.jpg 900w, https:\/\/modern-line.hr\/wp-content\/uploads\/2023\/07\/Sportska-dvorana-Bale-80x80.jpg 80w\" sizes=\"(max-width: 270px) 100vw, 270px\" \/>            <a href=\"https:\/\/modern-line.hr\/en\/portfolio\/bale-sports-hall\/\" class=\"link-wrap item-hov\"><\/a>\n             <div class=\"item-desc\">\n              <h4 class=\"h4\">Bale sports hall<\/h4>\n                 <span>Sports and socially useful facilities<\/span>\n             <\/div>\n          <\/div>\n        <\/div>\n                <div class=\"item wow zoomIn wh-25 sportski-i-drustveno-korisni-objekti-en\" data-wow-delay=\"1.1s\">\n          <div class=\"item-drid-size\">\n            <img loading=\"lazy\" decoding=\"async\" width=\"270\" height=\"570\" src=\"https:\/\/modern-line.hr\/wp-content\/uploads\/2023\/07\/Complex-ONNE-Port-Harcourt-Nigerija-270x570.jpg\" class=\"resp-img wp-post-image\" alt=\"\" \/>            <a href=\"https:\/\/modern-line.hr\/en\/portfolio\/complex-onne-port-harcourt-nigeria-2\/\" class=\"link-wrap item-hov\"><\/a>\n             <div class=\"item-desc\">\n              <h4 class=\"h4\">Complex ONNE Port Harcourt, Nigeria<\/h4>\n                 <span>Sports and socially useful facilities<\/span>\n             <\/div>\n          <\/div>\n        <\/div>\n                   <\/div>\n          <\/div><!--row-->\n          \n\n      <\/div>\n    <\/section>\n  <\/div>\n<\/div><\/div><\/section>\n","protected":false},"excerpt":{"rendered":"project details Year 2015 &nbsp; Designer Prodeco ltd &nbsp; Products Aluminum carpentry Facades Glass fences Used profile series ALU K 67IW\/ID, 45P, Facades SL50, Internal doors 50PI [vc_gallery type=\"image_grid\" images=\"2099,2101,2091,2093,2095,2097\" img_size=\"medium\"]","protected":false},"author":1,"featured_media":0,"parent":2531,"menu_order":0,"comment_status":"closed","ping_status":"closed","template":"","meta":{"footnotes":""},"class_list":["post-2534","page","type-page","status-publish","hentry"],"yoast_head":"<!-- This site is optimized with the Yoast SEO plugin v27.1.1 - https:\/\/yoast.com\/product\/yoast-seo-wordpress\/ -->\n<title>Sportski i dru\u0161tveno korisni objekti<\/title>\n<meta name=\"description\" content=\"Kvalitetna stolarija za sportske i dru\u0161tveno korisne objekte. Estetika i funkcionalnost za razli\u010dite potrebe prostora. Pogledajte na\u0161u ponudu!\" \/>\n<meta name=\"robots\" content=\"index, follow, max-snippet:-1, max-image-preview:large, max-video-preview:-1\" \/>\n<link rel=\"canonical\" href=\"https:\/\/modern-line.hr\/en\/references\/sports-and-socially-useful-facilities\/\" \/>\n<meta property=\"og:locale\" content=\"en_US\" \/>\n<meta property=\"og:type\" content=\"article\" \/>\n<meta property=\"og:title\" content=\"Sportski i dru\u0161tveno korisni objekti\" \/>\n<meta property=\"og:description\" content=\"Kvalitetna stolarija za sportske i dru\u0161tveno korisne objekte. Estetika i funkcionalnost za razli\u010dite potrebe prostora. Pogledajte na\u0161u ponudu!\" \/>\n<meta property=\"og:url\" content=\"https:\/\/modern-line.hr\/en\/references\/sports-and-socially-useful-facilities\/\" \/>\n<meta property=\"og:site_name\" content=\"Modern Line\" \/>\n<meta property=\"article:modified_time\" content=\"2024-06-10T09:34:37+00:00\" \/>\n<meta name=\"twitter:card\" content=\"summary_large_image\" \/>\n<meta name=\"twitter:label1\" content=\"Est. reading time\" \/>\n\t<meta name=\"twitter:data1\" content=\"1 minute\" \/>\n<script type=\"application\/ld+json\" class=\"yoast-schema-graph\">{\"@context\":\"https:\/\/schema.org\",\"@graph\":[{\"@type\":\"WebPage\",\"@id\":\"https:\/\/modern-line.hr\/en\/references\/sports-and-socially-useful-facilities\/\",\"url\":\"https:\/\/modern-line.hr\/en\/references\/sports-and-socially-useful-facilities\/\",\"name\":\"Sportski i dru\u0161tveno korisni objekti\",\"isPartOf\":{\"@id\":\"https:\/\/modern-line.hr\/#website\"},\"datePublished\":\"2023-07-27T07:03:41+00:00\",\"dateModified\":\"2024-06-10T09:34:37+00:00\",\"description\":\"Kvalitetna stolarija za sportske i dru\u0161tveno korisne objekte. Estetika i funkcionalnost za razli\u010dite potrebe prostora. Pogledajte na\u0161u ponudu!\",\"breadcrumb\":{\"@id\":\"https:\/\/modern-line.hr\/en\/references\/sports-and-socially-useful-facilities\/#breadcrumb\"},\"inLanguage\":\"en-US\",\"potentialAction\":[{\"@type\":\"ReadAction\",\"target\":[\"https:\/\/modern-line.hr\/en\/references\/sports-and-socially-useful-facilities\/\"]}]},{\"@type\":\"BreadcrumbList\",\"@id\":\"https:\/\/modern-line.hr\/en\/references\/sports-and-socially-useful-facilities\/#breadcrumb\",\"itemListElement\":[{\"@type\":\"ListItem\",\"position\":1,\"name\":\"Po\u010detna stranica\",\"item\":\"https:\/\/modern-line.hr\/en\/\"},{\"@type\":\"ListItem\",\"position\":2,\"name\":\"References\",\"item\":\"https:\/\/modern-line.hr\/en\/references\/\"},{\"@type\":\"ListItem\",\"position\":3,\"name\":\"Sports and socially useful facilities\"}]},{\"@type\":\"WebSite\",\"@id\":\"https:\/\/modern-line.hr\/#website\",\"url\":\"https:\/\/modern-line.hr\/\",\"name\":\"Modern Line\",\"description\":\"Tvornica prozora i vrata\",\"potentialAction\":[{\"@type\":\"SearchAction\",\"target\":{\"@type\":\"EntryPoint\",\"urlTemplate\":\"https:\/\/modern-line.hr\/?s={search_term_string}\"},\"query-input\":{\"@type\":\"PropertyValueSpecification\",\"valueRequired\":true,\"valueName\":\"search_term_string\"}}],\"inLanguage\":\"en-US\"}]}<\/script>\n<!-- \/ Yoast SEO plugin. -->","yoast_head_json":{"title":"Sportski i dru\u0161tveno korisni objekti","description":"Kvalitetna stolarija za sportske i dru\u0161tveno korisne objekte. Estetika i funkcionalnost za razli\u010dite potrebe prostora. Pogledajte na\u0161u ponudu!","robots":{"index":"index","follow":"follow","max-snippet":"max-snippet:-1","max-image-preview":"max-image-preview:large","max-video-preview":"max-video-preview:-1"},"canonical":"https:\/\/modern-line.hr\/en\/references\/sports-and-socially-useful-facilities\/","og_locale":"en_US","og_type":"article","og_title":"Sportski i dru\u0161tveno korisni objekti","og_description":"Kvalitetna stolarija za sportske i dru\u0161tveno korisne objekte. Estetika i funkcionalnost za razli\u010dite potrebe prostora. Pogledajte na\u0161u ponudu!","og_url":"https:\/\/modern-line.hr\/en\/references\/sports-and-socially-useful-facilities\/","og_site_name":"Modern Line","article_modified_time":"2024-06-10T09:34:37+00:00","twitter_card":"summary_large_image","twitter_misc":{"Est. reading time":"1 minute"},"schema":{"@context":"https:\/\/schema.org","@graph":[{"@type":"WebPage","@id":"https:\/\/modern-line.hr\/en\/references\/sports-and-socially-useful-facilities\/","url":"https:\/\/modern-line.hr\/en\/references\/sports-and-socially-useful-facilities\/","name":"Sportski i dru\u0161tveno korisni objekti","isPartOf":{"@id":"https:\/\/modern-line.hr\/#website"},"datePublished":"2023-07-27T07:03:41+00:00","dateModified":"2024-06-10T09:34:37+00:00","description":"Kvalitetna stolarija za sportske i dru\u0161tveno korisne objekte. Estetika i funkcionalnost za razli\u010dite potrebe prostora. Pogledajte na\u0161u ponudu!","breadcrumb":{"@id":"https:\/\/modern-line.hr\/en\/references\/sports-and-socially-useful-facilities\/#breadcrumb"},"inLanguage":"en-US","potentialAction":[{"@type":"ReadAction","target":["https:\/\/modern-line.hr\/en\/references\/sports-and-socially-useful-facilities\/"]}]},{"@type":"BreadcrumbList","@id":"https:\/\/modern-line.hr\/en\/references\/sports-and-socially-useful-facilities\/#breadcrumb","itemListElement":[{"@type":"ListItem","position":1,"name":"Po\u010detna stranica","item":"https:\/\/modern-line.hr\/en\/"},{"@type":"ListItem","position":2,"name":"References","item":"https:\/\/modern-line.hr\/en\/references\/"},{"@type":"ListItem","position":3,"name":"Sports and socially useful facilities"}]},{"@type":"WebSite","@id":"https:\/\/modern-line.hr\/#website","url":"https:\/\/modern-line.hr\/","name":"Modern Line","description":"Tvornica prozora i vrata","potentialAction":[{"@type":"SearchAction","target":{"@type":"EntryPoint","urlTemplate":"https:\/\/modern-line.hr\/?s={search_term_string}"},"query-input":{"@type":"PropertyValueSpecification","valueRequired":true,"valueName":"search_term_string"}}],"inLanguage":"en-US"}]}},"_links":{"self":[{"href":"https:\/\/modern-line.hr\/en\/wp-json\/wp\/v2\/pages\/2534","targetHints":{"allow":["GET"]}}],"collection":[{"href":"https:\/\/modern-line.hr\/en\/wp-json\/wp\/v2\/pages"}],"about":[{"href":"https:\/\/modern-line.hr\/en\/wp-json\/wp\/v2\/types\/page"}],"author":[{"embeddable":true,"href":"https:\/\/modern-line.hr\/en\/wp-json\/wp\/v2\/users\/1"}],"replies":[{"embeddable":true,"href":"https:\/\/modern-line.hr\/en\/wp-json\/wp\/v2\/comments?post=2534"}],"version-history":[{"count":0,"href":"https:\/\/modern-line.hr\/en\/wp-json\/wp\/v2\/pages\/2534\/revisions"}],"up":[{"embeddable":true,"href":"https:\/\/modern-line.hr\/en\/wp-json\/wp\/v2\/pages\/2531"}],"wp:attachment":[{"href":"https:\/\/modern-line.hr\/en\/wp-json\/wp\/v2\/media?parent=2534"}],"curies":[{"name":"wp","href":"https:\/\/api.w.org\/{rel}","templated":true}]}}