{"id":2535,"date":"2023-07-27T09:04:43","date_gmt":"2023-07-27T07:04:43","guid":{"rendered":"https:\/\/modern-line.hr\/reference\/stambeni-objekti\/"},"modified":"2024-06-10T11:27:47","modified_gmt":"2024-06-10T09:27:47","slug":"residential-buildings","status":"publish","type":"page","link":"https:\/\/modern-line.hr\/en\/references\/residential-buildings\/","title":{"rendered":"Residential buildings"},"content":{"rendered":"<section  class=\"section no mt-40\"><div class=\"row\"><div class=\"wpb_column col-md-12 have-padding  vc_custom_1690374891607\"><div class=\"item-padd-mob section-text text-block justf \" ><div class=\"simple-text md\"><h3>We turn living spaces into comfortable homes<\/h3>\n<p>&nbsp;<\/p>\n<p>Design can turn living spaces into a haven of comfort, style and safety. With careful execution and subsequent use, the living space becomes a home. Understanding the unique aspirations and preferences of homeowners, we approach projects with a deep commitment to excellence. Our team can complement or realize the architect&#8217;s architectural style or the investor&#8217;s personal vision.<\/p>\n<p>Homes require a seamless integration of form and function, ensuring that every aspect of the build meets the highest standards of quality, aesthetics and performance.<\/p>\n<\/div><\/div><\/div><\/div><\/section><section  class=\"section no  vc_custom_1690440963263\"><div class=\"row\"><div class=\"wpb_column col-md-12 have-padding\">[vc_basic_grid post_type=&#8221;portfolio&#8221; max_items=&#8221;3&#8243; item=&#8221;basicGrid_NoAnimation&#8221; grid_id=&#8221;vc_gid:1718011614531-d4776693-5739-7&#8243; taxonomies=&#8221;43&#8243;]<\/div><\/div><\/section><section  class=\"section no  vc_custom_1690440963263\"><div class=\"row\"><div class=\"wpb_column col-md-12 have-padding\">\n  <div class=\"content \">\n    <section class=\"section pt-0\">\n      <div class=\"\">\n                    <div class=\"row\">\n\n            <div class=\"izotope-container lightgallery \">\n            <div class=\"grid-sizer\"><\/div>\n                      <div class=\"item wow zoomIn wh-25 stambeni-objekti-en\" data-wow-delay=\"0.3s\">\n          <div class=\"item-drid-size\">\n            <img fetchpriority=\"high\" decoding=\"async\" width=\"270\" height=\"570\" src=\"https:\/\/modern-line.hr\/wp-content\/uploads\/2023\/07\/obiteljska-kuca-Rovinj-270x570.jpg\" class=\"resp-img wp-post-image\" alt=\"\" \/>            <a href=\"https:\/\/modern-line.hr\/en\/portfolio\/family-house-rovinj-istria\/\" class=\"link-wrap item-hov\"><\/a>\n             <div class=\"item-desc\">\n              <h4 class=\"h4\">Family house Rovinj &#8211; Istria<\/h4>\n                 <span>Residential buildings<\/span>\n             <\/div>\n          <\/div>\n        <\/div>\n                <div class=\"item wow zoomIn wh-25 stambeni-objekti-en\" data-wow-delay=\"0.5s\">\n          <div class=\"item-drid-size\">\n            <img decoding=\"async\" width=\"270\" height=\"270\" src=\"https:\/\/modern-line.hr\/wp-content\/uploads\/2023\/07\/Obiteljska-kuca-Liganj-270x270.jpg\" class=\"resp-img wp-post-image\" alt=\"\" srcset=\"https:\/\/modern-line.hr\/wp-content\/uploads\/2023\/07\/Obiteljska-kuca-Liganj-270x270.jpg 270w, https:\/\/modern-line.hr\/wp-content\/uploads\/2023\/07\/Obiteljska-kuca-Liganj-570x570.jpg 570w, https:\/\/modern-line.hr\/wp-content\/uploads\/2023\/07\/Obiteljska-kuca-Liganj-150x150.jpg 150w, https:\/\/modern-line.hr\/wp-content\/uploads\/2023\/07\/Obiteljska-kuca-Liganj-370x370.jpg 370w, https:\/\/modern-line.hr\/wp-content\/uploads\/2023\/07\/Obiteljska-kuca-Liganj-900x900.jpg 900w, https:\/\/modern-line.hr\/wp-content\/uploads\/2023\/07\/Obiteljska-kuca-Liganj-80x80.jpg 80w\" sizes=\"(max-width: 270px) 100vw, 270px\" \/>            <a href=\"https:\/\/modern-line.hr\/en\/portfolio\/family-house-liganj\/\" class=\"link-wrap item-hov\"><\/a>\n             <div class=\"item-desc\">\n              <h4 class=\"h4\">Family house Liganj<\/h4>\n                 <span>Residential buildings<\/span>\n             <\/div>\n          <\/div>\n        <\/div>\n                <div class=\"item wow zoomIn wh-50 stambeni-objekti-en\" data-wow-delay=\"0.7s\">\n          <div class=\"item-drid-size\">\n            <img decoding=\"async\" width=\"300\" height=\"300\" src=\"https:\/\/modern-line.hr\/wp-content\/uploads\/2023\/07\/Stambena-zgrada-Kastav-570x570.jpg\" class=\"resp-img wp-post-image\" alt=\"\" srcset=\"https:\/\/modern-line.hr\/wp-content\/uploads\/2023\/07\/Stambena-zgrada-Kastav-570x570.jpg 570w, https:\/\/modern-line.hr\/wp-content\/uploads\/2023\/07\/Stambena-zgrada-Kastav-150x150.jpg 150w, https:\/\/modern-line.hr\/wp-content\/uploads\/2023\/07\/Stambena-zgrada-Kastav-270x270.jpg 270w, https:\/\/modern-line.hr\/wp-content\/uploads\/2023\/07\/Stambena-zgrada-Kastav-370x370.jpg 370w, https:\/\/modern-line.hr\/wp-content\/uploads\/2023\/07\/Stambena-zgrada-Kastav-900x900.jpg 900w, https:\/\/modern-line.hr\/wp-content\/uploads\/2023\/07\/Stambena-zgrada-Kastav-80x80.jpg 80w\" sizes=\"(max-width: 300px) 100vw, 300px\" \/>            <a href=\"https:\/\/modern-line.hr\/en\/portfolio\/family-house-volosko\/\" class=\"link-wrap item-hov\"><\/a>\n             <div class=\"item-desc\">\n              <h4 class=\"h4\">Family house Volosko<\/h4>\n                 <span>Residential buildings<\/span>\n             <\/div>\n          <\/div>\n        <\/div>\n                <div class=\"item wow zoomIn wh-25 stambeni-objekti-en\" data-wow-delay=\"0.9s\">\n          <div class=\"item-drid-size\">\n            <img loading=\"lazy\" decoding=\"async\" width=\"270\" height=\"270\" src=\"https:\/\/modern-line.hr\/wp-content\/uploads\/2023\/07\/Complex-ONNE-Port-Harcourt-Nigerija-270x270.jpg\" class=\"resp-img wp-post-image\" alt=\"\" srcset=\"https:\/\/modern-line.hr\/wp-content\/uploads\/2023\/07\/Complex-ONNE-Port-Harcourt-Nigerija-270x270.jpg 270w, https:\/\/modern-line.hr\/wp-content\/uploads\/2023\/07\/Complex-ONNE-Port-Harcourt-Nigerija-570x570.jpg 570w, https:\/\/modern-line.hr\/wp-content\/uploads\/2023\/07\/Complex-ONNE-Port-Harcourt-Nigerija-150x150.jpg 150w, https:\/\/modern-line.hr\/wp-content\/uploads\/2023\/07\/Complex-ONNE-Port-Harcourt-Nigerija-370x370.jpg 370w, https:\/\/modern-line.hr\/wp-content\/uploads\/2023\/07\/Complex-ONNE-Port-Harcourt-Nigerija-900x900.jpg 900w, https:\/\/modern-line.hr\/wp-content\/uploads\/2023\/07\/Complex-ONNE-Port-Harcourt-Nigerija-80x80.jpg 80w\" sizes=\"(max-width: 270px) 100vw, 270px\" \/>            <a href=\"https:\/\/modern-line.hr\/en\/portfolio\/complex-onne-port-harcourt-nigeria\/\" class=\"link-wrap item-hov\"><\/a>\n             <div class=\"item-desc\">\n              <h4 class=\"h4\">Complex ONNE Port Harcourt, Nigeria<\/h4>\n                 <span>Residential buildings<\/span>\n             <\/div>\n          <\/div>\n        <\/div>\n                   <\/div>\n          <\/div><!--row-->\n          \n\n      <\/div>\n    <\/section>\n  <\/div>\n<\/div><\/div><\/section>\n","protected":false},"excerpt":{"rendered":"project details Year 2014 &nbsp; Designer Prodeco ltd &nbsp; Products Aluminum carpentry Facades Glass fences Camp Onne Port Harcourt is an oil service residential complex strategically located to establish a distribution hub in Nigeria and the entire sub-Saharan region to serve onshore and offshore oil and gas projects. The complex offers services helping many international [...]","protected":false},"author":1,"featured_media":0,"parent":2531,"menu_order":0,"comment_status":"closed","ping_status":"closed","template":"","meta":{"footnotes":""},"class_list":["post-2535","page","type-page","status-publish","hentry"],"yoast_head":"<!-- This site is optimized with the Yoast SEO plugin v27.1.1 - https:\/\/yoast.com\/product\/yoast-seo-wordpress\/ -->\n<title>Prozori, vrata i klizne stijene za stambene objekte<\/title>\n<meta name=\"description\" content=\"Kvalitetna stolarija za va\u0161 dom. Na\u0161e rje\u0161enje za estetiku i funkcionalnost u stambenim objektima. Pogledajte na\u0161u ponudu!\" \/>\n<meta name=\"robots\" content=\"index, follow, max-snippet:-1, max-image-preview:large, max-video-preview:-1\" \/>\n<link rel=\"canonical\" href=\"https:\/\/modern-line.hr\/en\/references\/residential-buildings\/\" \/>\n<meta property=\"og:locale\" content=\"en_US\" \/>\n<meta property=\"og:type\" content=\"article\" \/>\n<meta property=\"og:title\" content=\"Prozori, vrata i klizne stijene za stambene objekte\" \/>\n<meta property=\"og:description\" content=\"Kvalitetna stolarija za va\u0161 dom. Na\u0161e rje\u0161enje za estetiku i funkcionalnost u stambenim objektima. Pogledajte na\u0161u ponudu!\" \/>\n<meta property=\"og:url\" content=\"https:\/\/modern-line.hr\/en\/references\/residential-buildings\/\" \/>\n<meta property=\"og:site_name\" content=\"Modern Line\" \/>\n<meta property=\"article:modified_time\" content=\"2024-06-10T09:27:47+00:00\" \/>\n<meta name=\"twitter:card\" content=\"summary_large_image\" \/>\n<meta name=\"twitter:label1\" content=\"Est. reading time\" \/>\n\t<meta name=\"twitter:data1\" content=\"1 minute\" \/>\n<script type=\"application\/ld+json\" class=\"yoast-schema-graph\">{\"@context\":\"https:\/\/schema.org\",\"@graph\":[{\"@type\":\"WebPage\",\"@id\":\"https:\/\/modern-line.hr\/en\/references\/residential-buildings\/\",\"url\":\"https:\/\/modern-line.hr\/en\/references\/residential-buildings\/\",\"name\":\"Prozori, vrata i klizne stijene za stambene objekte\",\"isPartOf\":{\"@id\":\"https:\/\/modern-line.hr\/#website\"},\"datePublished\":\"2023-07-27T07:04:43+00:00\",\"dateModified\":\"2024-06-10T09:27:47+00:00\",\"description\":\"Kvalitetna stolarija za va\u0161 dom. Na\u0161e rje\u0161enje za estetiku i funkcionalnost u stambenim objektima. Pogledajte na\u0161u ponudu!\",\"breadcrumb\":{\"@id\":\"https:\/\/modern-line.hr\/en\/references\/residential-buildings\/#breadcrumb\"},\"inLanguage\":\"en-US\",\"potentialAction\":[{\"@type\":\"ReadAction\",\"target\":[\"https:\/\/modern-line.hr\/en\/references\/residential-buildings\/\"]}]},{\"@type\":\"BreadcrumbList\",\"@id\":\"https:\/\/modern-line.hr\/en\/references\/residential-buildings\/#breadcrumb\",\"itemListElement\":[{\"@type\":\"ListItem\",\"position\":1,\"name\":\"Po\u010detna stranica\",\"item\":\"https:\/\/modern-line.hr\/en\/\"},{\"@type\":\"ListItem\",\"position\":2,\"name\":\"References\",\"item\":\"https:\/\/modern-line.hr\/en\/references\/\"},{\"@type\":\"ListItem\",\"position\":3,\"name\":\"Residential buildings\"}]},{\"@type\":\"WebSite\",\"@id\":\"https:\/\/modern-line.hr\/#website\",\"url\":\"https:\/\/modern-line.hr\/\",\"name\":\"Modern Line\",\"description\":\"Tvornica prozora i vrata\",\"potentialAction\":[{\"@type\":\"SearchAction\",\"target\":{\"@type\":\"EntryPoint\",\"urlTemplate\":\"https:\/\/modern-line.hr\/?s={search_term_string}\"},\"query-input\":{\"@type\":\"PropertyValueSpecification\",\"valueRequired\":true,\"valueName\":\"search_term_string\"}}],\"inLanguage\":\"en-US\"}]}<\/script>\n<!-- \/ Yoast SEO plugin. -->","yoast_head_json":{"title":"Prozori, vrata i klizne stijene za stambene objekte","description":"Kvalitetna stolarija za va\u0161 dom. Na\u0161e rje\u0161enje za estetiku i funkcionalnost u stambenim objektima. Pogledajte na\u0161u ponudu!","robots":{"index":"index","follow":"follow","max-snippet":"max-snippet:-1","max-image-preview":"max-image-preview:large","max-video-preview":"max-video-preview:-1"},"canonical":"https:\/\/modern-line.hr\/en\/references\/residential-buildings\/","og_locale":"en_US","og_type":"article","og_title":"Prozori, vrata i klizne stijene za stambene objekte","og_description":"Kvalitetna stolarija za va\u0161 dom. Na\u0161e rje\u0161enje za estetiku i funkcionalnost u stambenim objektima. Pogledajte na\u0161u ponudu!","og_url":"https:\/\/modern-line.hr\/en\/references\/residential-buildings\/","og_site_name":"Modern Line","article_modified_time":"2024-06-10T09:27:47+00:00","twitter_card":"summary_large_image","twitter_misc":{"Est. reading time":"1 minute"},"schema":{"@context":"https:\/\/schema.org","@graph":[{"@type":"WebPage","@id":"https:\/\/modern-line.hr\/en\/references\/residential-buildings\/","url":"https:\/\/modern-line.hr\/en\/references\/residential-buildings\/","name":"Prozori, vrata i klizne stijene za stambene objekte","isPartOf":{"@id":"https:\/\/modern-line.hr\/#website"},"datePublished":"2023-07-27T07:04:43+00:00","dateModified":"2024-06-10T09:27:47+00:00","description":"Kvalitetna stolarija za va\u0161 dom. Na\u0161e rje\u0161enje za estetiku i funkcionalnost u stambenim objektima. Pogledajte na\u0161u ponudu!","breadcrumb":{"@id":"https:\/\/modern-line.hr\/en\/references\/residential-buildings\/#breadcrumb"},"inLanguage":"en-US","potentialAction":[{"@type":"ReadAction","target":["https:\/\/modern-line.hr\/en\/references\/residential-buildings\/"]}]},{"@type":"BreadcrumbList","@id":"https:\/\/modern-line.hr\/en\/references\/residential-buildings\/#breadcrumb","itemListElement":[{"@type":"ListItem","position":1,"name":"Po\u010detna stranica","item":"https:\/\/modern-line.hr\/en\/"},{"@type":"ListItem","position":2,"name":"References","item":"https:\/\/modern-line.hr\/en\/references\/"},{"@type":"ListItem","position":3,"name":"Residential buildings"}]},{"@type":"WebSite","@id":"https:\/\/modern-line.hr\/#website","url":"https:\/\/modern-line.hr\/","name":"Modern Line","description":"Tvornica prozora i vrata","potentialAction":[{"@type":"SearchAction","target":{"@type":"EntryPoint","urlTemplate":"https:\/\/modern-line.hr\/?s={search_term_string}"},"query-input":{"@type":"PropertyValueSpecification","valueRequired":true,"valueName":"search_term_string"}}],"inLanguage":"en-US"}]}},"_links":{"self":[{"href":"https:\/\/modern-line.hr\/en\/wp-json\/wp\/v2\/pages\/2535","targetHints":{"allow":["GET"]}}],"collection":[{"href":"https:\/\/modern-line.hr\/en\/wp-json\/wp\/v2\/pages"}],"about":[{"href":"https:\/\/modern-line.hr\/en\/wp-json\/wp\/v2\/types\/page"}],"author":[{"embeddable":true,"href":"https:\/\/modern-line.hr\/en\/wp-json\/wp\/v2\/users\/1"}],"replies":[{"embeddable":true,"href":"https:\/\/modern-line.hr\/en\/wp-json\/wp\/v2\/comments?post=2535"}],"version-history":[{"count":0,"href":"https:\/\/modern-line.hr\/en\/wp-json\/wp\/v2\/pages\/2535\/revisions"}],"up":[{"embeddable":true,"href":"https:\/\/modern-line.hr\/en\/wp-json\/wp\/v2\/pages\/2531"}],"wp:attachment":[{"href":"https:\/\/modern-line.hr\/en\/wp-json\/wp\/v2\/media?parent=2535"}],"curies":[{"name":"wp","href":"https:\/\/api.w.org\/{rel}","templated":true}]}}