{"id":2536,"date":"2023-07-27T09:05:47","date_gmt":"2023-07-27T07:05:47","guid":{"rendered":"https:\/\/modern-line.hr\/reference\/turisticki-objekti\/"},"modified":"2024-06-10T11:28:45","modified_gmt":"2024-06-10T09:28:45","slug":"tourist-facilities","status":"publish","type":"page","link":"https:\/\/modern-line.hr\/en\/references\/tourist-facilities\/","title":{"rendered":"Tourist facilities"},"content":{"rendered":"<section  class=\"section no mt-40\"><div class=\"row\"><div class=\"wpb_column col-md-12 have-padding  vc_custom_1690374891607\"><div class=\"item-padd-mob section-text text-block justf \" ><div class=\"simple-text md\"><h3>We are masters of elevating hospitality experiences<\/h3>\n<p>&nbsp;<\/p>\n<p>In tourist facilities, every detail is important. Visual, functional, qualitative. We create the basis for an intimate space for our clients&#8217; guests while they are staying in tourist destinations. We use premium materials and advanced technologies to ensure optimal energy efficiency, sound insulation and structural durability. Our goal is to create an attractive atmosphere with our products that gives guests a sense of luxury and comfort.<\/p>\n<\/div><\/div><\/div><\/div><\/section><section  class=\"section no  vc_custom_1690440963263\"><div class=\"row\"><div class=\"wpb_column col-md-12 have-padding\">[vc_basic_grid post_type=&#8221;portfolio&#8221; max_items=&#8221;3&#8243; item=&#8221;basicGrid_NoAnimation&#8221; grid_id=&#8221;vc_gid:1718011702526-d8370965-0ac6-5&#8243; taxonomies=&#8221;44&#8243;]<\/div><\/div><\/section><section  class=\"section no  vc_custom_1690440963263\"><div class=\"row\"><div class=\"wpb_column col-md-12 have-padding\">\n  <div class=\"content \">\n    <section class=\"section pt-0\">\n      <div class=\"\">\n                    <div class=\"row\">\n\n            <div class=\"izotope-container lightgallery \">\n            <div class=\"grid-sizer\"><\/div>\n                      <div class=\"item wow zoomIn wh-25 turisticki-objekti-en\" data-wow-delay=\"0.3s\">\n          <div class=\"item-drid-size\">\n            <img fetchpriority=\"high\" decoding=\"async\" width=\"270\" height=\"570\" src=\"https:\/\/modern-line.hr\/wp-content\/uploads\/2023\/07\/Hotel-Ikador-Lovran-270x570.jpg\" class=\"resp-img wp-post-image\" alt=\"\" \/>            <a href=\"https:\/\/modern-line.hr\/en\/portfolio\/hotel-ikador-lovran\/\" class=\"link-wrap item-hov\"><\/a>\n             <div class=\"item-desc\">\n              <h4 class=\"h4\">Hotel Ikador, Lovran<\/h4>\n                 <span>Tourist facilities<\/span>\n             <\/div>\n          <\/div>\n        <\/div>\n                <div class=\"item wow zoomIn wh-25 aluminijska-stolarija-en turisticki-objekti-en\" data-wow-delay=\"0.5s\">\n          <div class=\"item-drid-size\">\n            <img decoding=\"async\" width=\"270\" height=\"270\" src=\"https:\/\/modern-line.hr\/wp-content\/uploads\/2023\/07\/Hotel-Giorgio-II-Opatija-270x270.jpg\" class=\"resp-img wp-post-image\" alt=\"\" srcset=\"https:\/\/modern-line.hr\/wp-content\/uploads\/2023\/07\/Hotel-Giorgio-II-Opatija-270x270.jpg 270w, https:\/\/modern-line.hr\/wp-content\/uploads\/2023\/07\/Hotel-Giorgio-II-Opatija-570x570.jpg 570w, https:\/\/modern-line.hr\/wp-content\/uploads\/2023\/07\/Hotel-Giorgio-II-Opatija-150x150.jpg 150w, https:\/\/modern-line.hr\/wp-content\/uploads\/2023\/07\/Hotel-Giorgio-II-Opatija-370x370.jpg 370w, https:\/\/modern-line.hr\/wp-content\/uploads\/2023\/07\/Hotel-Giorgio-II-Opatija-900x900.jpg 900w, https:\/\/modern-line.hr\/wp-content\/uploads\/2023\/07\/Hotel-Giorgio-II-Opatija-80x80.jpg 80w\" sizes=\"(max-width: 270px) 100vw, 270px\" \/>            <a href=\"https:\/\/modern-line.hr\/en\/portfolio\/hotel-giorgio-ii-opatija\/\" class=\"link-wrap item-hov\"><\/a>\n             <div class=\"item-desc\">\n              <h4 class=\"h4\">Hotel Giorgio II, Opatija<\/h4>\n                 <span>Aluminum carpentry, Tourist facilities<\/span>\n             <\/div>\n          <\/div>\n        <\/div>\n                <div class=\"item wow zoomIn wh-50 turisticki-objekti-en\" data-wow-delay=\"0.7s\">\n          <div class=\"item-drid-size\">\n            <img decoding=\"async\" width=\"300\" height=\"300\" src=\"https:\/\/modern-line.hr\/wp-content\/uploads\/2023\/07\/Hotel-Mare-Lignano-Sabbiadoro-Italia-570x570.jpg\" class=\"resp-img wp-post-image\" alt=\"\" srcset=\"https:\/\/modern-line.hr\/wp-content\/uploads\/2023\/07\/Hotel-Mare-Lignano-Sabbiadoro-Italia-570x570.jpg 570w, https:\/\/modern-line.hr\/wp-content\/uploads\/2023\/07\/Hotel-Mare-Lignano-Sabbiadoro-Italia-1024x1024.jpg 1024w, https:\/\/modern-line.hr\/wp-content\/uploads\/2023\/07\/Hotel-Mare-Lignano-Sabbiadoro-Italia-150x150.jpg 150w, https:\/\/modern-line.hr\/wp-content\/uploads\/2023\/07\/Hotel-Mare-Lignano-Sabbiadoro-Italia-768x768.jpg 768w, https:\/\/modern-line.hr\/wp-content\/uploads\/2023\/07\/Hotel-Mare-Lignano-Sabbiadoro-Italia-1536x1536.jpg 1536w, https:\/\/modern-line.hr\/wp-content\/uploads\/2023\/07\/Hotel-Mare-Lignano-Sabbiadoro-Italia-270x270.jpg 270w, https:\/\/modern-line.hr\/wp-content\/uploads\/2023\/07\/Hotel-Mare-Lignano-Sabbiadoro-Italia-370x370.jpg 370w, https:\/\/modern-line.hr\/wp-content\/uploads\/2023\/07\/Hotel-Mare-Lignano-Sabbiadoro-Italia-900x900.jpg 900w, https:\/\/modern-line.hr\/wp-content\/uploads\/2023\/07\/Hotel-Mare-Lignano-Sabbiadoro-Italia-80x80.jpg 80w, https:\/\/modern-line.hr\/wp-content\/uploads\/2023\/07\/Hotel-Mare-Lignano-Sabbiadoro-Italia.jpg 1920w\" sizes=\"(max-width: 300px) 100vw, 300px\" \/>            <a href=\"https:\/\/modern-line.hr\/en\/portfolio\/hotel-mare-lignano-sabbiadoro-italy\/\" class=\"link-wrap item-hov\"><\/a>\n             <div class=\"item-desc\">\n              <h4 class=\"h4\">Hotel Mare Lignano Sabbiadoro, Italy<\/h4>\n                 <span>Tourist facilities<\/span>\n             <\/div>\n          <\/div>\n        <\/div>\n                   <\/div>\n          <\/div><!--row-->\n          \n\n      <\/div>\n    <\/section>\n  <\/div>\n<\/div><\/div><\/section>\n","protected":false},"excerpt":{"rendered":"project details Year 2019 &nbsp; Products Aluminum carpentry Facades Glass fences There can be no better way to start your day in Lignano than with breakfast overlooking the Adriatic Sea and the Marano Lagoon; Hotel Mare oga. Hotel Mare is located in the heart of Lignano Sabbiadoro, opposite the old marina, and just a short [...]","protected":false},"author":1,"featured_media":0,"parent":2531,"menu_order":0,"comment_status":"closed","ping_status":"closed","template":"","meta":{"footnotes":""},"class_list":["post-2536","page","type-page","status-publish","hentry"],"yoast_head":"<!-- This site is optimized with the Yoast SEO plugin v27.1.1 - https:\/\/yoast.com\/product\/yoast-seo-wordpress\/ -->\n<title>Ugodni turisti\u010dki objekti<\/title>\n<meta name=\"description\" content=\"Estetski i funkcionalni proizvodi za turisti\u010dke objekte. Kvalitetna stolarija za udobnost gostiju. Pogledajte na\u0161u ponudu!\" \/>\n<meta name=\"robots\" content=\"index, follow, max-snippet:-1, max-image-preview:large, max-video-preview:-1\" \/>\n<link rel=\"canonical\" href=\"https:\/\/modern-line.hr\/en\/references\/tourist-facilities\/\" \/>\n<meta property=\"og:locale\" content=\"en_US\" \/>\n<meta property=\"og:type\" content=\"article\" \/>\n<meta property=\"og:title\" content=\"Ugodni turisti\u010dki objekti\" \/>\n<meta property=\"og:description\" content=\"Estetski i funkcionalni proizvodi za turisti\u010dke objekte. Kvalitetna stolarija za udobnost gostiju. Pogledajte na\u0161u ponudu!\" \/>\n<meta property=\"og:url\" content=\"https:\/\/modern-line.hr\/en\/references\/tourist-facilities\/\" \/>\n<meta property=\"og:site_name\" content=\"Modern Line\" \/>\n<meta property=\"article:modified_time\" content=\"2024-06-10T09:28:45+00:00\" \/>\n<meta name=\"twitter:card\" content=\"summary_large_image\" \/>\n<meta name=\"twitter:label1\" content=\"Est. reading time\" \/>\n\t<meta name=\"twitter:data1\" content=\"1 minute\" \/>\n<script type=\"application\/ld+json\" class=\"yoast-schema-graph\">{\"@context\":\"https:\/\/schema.org\",\"@graph\":[{\"@type\":\"WebPage\",\"@id\":\"https:\/\/modern-line.hr\/en\/references\/tourist-facilities\/\",\"url\":\"https:\/\/modern-line.hr\/en\/references\/tourist-facilities\/\",\"name\":\"Ugodni turisti\u010dki objekti\",\"isPartOf\":{\"@id\":\"https:\/\/modern-line.hr\/#website\"},\"datePublished\":\"2023-07-27T07:05:47+00:00\",\"dateModified\":\"2024-06-10T09:28:45+00:00\",\"description\":\"Estetski i funkcionalni proizvodi za turisti\u010dke objekte. Kvalitetna stolarija za udobnost gostiju. Pogledajte na\u0161u ponudu!\",\"breadcrumb\":{\"@id\":\"https:\/\/modern-line.hr\/en\/references\/tourist-facilities\/#breadcrumb\"},\"inLanguage\":\"en-US\",\"potentialAction\":[{\"@type\":\"ReadAction\",\"target\":[\"https:\/\/modern-line.hr\/en\/references\/tourist-facilities\/\"]}]},{\"@type\":\"BreadcrumbList\",\"@id\":\"https:\/\/modern-line.hr\/en\/references\/tourist-facilities\/#breadcrumb\",\"itemListElement\":[{\"@type\":\"ListItem\",\"position\":1,\"name\":\"Po\u010detna stranica\",\"item\":\"https:\/\/modern-line.hr\/en\/\"},{\"@type\":\"ListItem\",\"position\":2,\"name\":\"References\",\"item\":\"https:\/\/modern-line.hr\/en\/references\/\"},{\"@type\":\"ListItem\",\"position\":3,\"name\":\"Tourist facilities\"}]},{\"@type\":\"WebSite\",\"@id\":\"https:\/\/modern-line.hr\/#website\",\"url\":\"https:\/\/modern-line.hr\/\",\"name\":\"Modern Line\",\"description\":\"Tvornica prozora i vrata\",\"potentialAction\":[{\"@type\":\"SearchAction\",\"target\":{\"@type\":\"EntryPoint\",\"urlTemplate\":\"https:\/\/modern-line.hr\/?s={search_term_string}\"},\"query-input\":{\"@type\":\"PropertyValueSpecification\",\"valueRequired\":true,\"valueName\":\"search_term_string\"}}],\"inLanguage\":\"en-US\"}]}<\/script>\n<!-- \/ Yoast SEO plugin. -->","yoast_head_json":{"title":"Ugodni turisti\u010dki objekti","description":"Estetski i funkcionalni proizvodi za turisti\u010dke objekte. Kvalitetna stolarija za udobnost gostiju. Pogledajte na\u0161u ponudu!","robots":{"index":"index","follow":"follow","max-snippet":"max-snippet:-1","max-image-preview":"max-image-preview:large","max-video-preview":"max-video-preview:-1"},"canonical":"https:\/\/modern-line.hr\/en\/references\/tourist-facilities\/","og_locale":"en_US","og_type":"article","og_title":"Ugodni turisti\u010dki objekti","og_description":"Estetski i funkcionalni proizvodi za turisti\u010dke objekte. Kvalitetna stolarija za udobnost gostiju. Pogledajte na\u0161u ponudu!","og_url":"https:\/\/modern-line.hr\/en\/references\/tourist-facilities\/","og_site_name":"Modern Line","article_modified_time":"2024-06-10T09:28:45+00:00","twitter_card":"summary_large_image","twitter_misc":{"Est. reading time":"1 minute"},"schema":{"@context":"https:\/\/schema.org","@graph":[{"@type":"WebPage","@id":"https:\/\/modern-line.hr\/en\/references\/tourist-facilities\/","url":"https:\/\/modern-line.hr\/en\/references\/tourist-facilities\/","name":"Ugodni turisti\u010dki objekti","isPartOf":{"@id":"https:\/\/modern-line.hr\/#website"},"datePublished":"2023-07-27T07:05:47+00:00","dateModified":"2024-06-10T09:28:45+00:00","description":"Estetski i funkcionalni proizvodi za turisti\u010dke objekte. Kvalitetna stolarija za udobnost gostiju. Pogledajte na\u0161u ponudu!","breadcrumb":{"@id":"https:\/\/modern-line.hr\/en\/references\/tourist-facilities\/#breadcrumb"},"inLanguage":"en-US","potentialAction":[{"@type":"ReadAction","target":["https:\/\/modern-line.hr\/en\/references\/tourist-facilities\/"]}]},{"@type":"BreadcrumbList","@id":"https:\/\/modern-line.hr\/en\/references\/tourist-facilities\/#breadcrumb","itemListElement":[{"@type":"ListItem","position":1,"name":"Po\u010detna stranica","item":"https:\/\/modern-line.hr\/en\/"},{"@type":"ListItem","position":2,"name":"References","item":"https:\/\/modern-line.hr\/en\/references\/"},{"@type":"ListItem","position":3,"name":"Tourist facilities"}]},{"@type":"WebSite","@id":"https:\/\/modern-line.hr\/#website","url":"https:\/\/modern-line.hr\/","name":"Modern Line","description":"Tvornica prozora i vrata","potentialAction":[{"@type":"SearchAction","target":{"@type":"EntryPoint","urlTemplate":"https:\/\/modern-line.hr\/?s={search_term_string}"},"query-input":{"@type":"PropertyValueSpecification","valueRequired":true,"valueName":"search_term_string"}}],"inLanguage":"en-US"}]}},"_links":{"self":[{"href":"https:\/\/modern-line.hr\/en\/wp-json\/wp\/v2\/pages\/2536","targetHints":{"allow":["GET"]}}],"collection":[{"href":"https:\/\/modern-line.hr\/en\/wp-json\/wp\/v2\/pages"}],"about":[{"href":"https:\/\/modern-line.hr\/en\/wp-json\/wp\/v2\/types\/page"}],"author":[{"embeddable":true,"href":"https:\/\/modern-line.hr\/en\/wp-json\/wp\/v2\/users\/1"}],"replies":[{"embeddable":true,"href":"https:\/\/modern-line.hr\/en\/wp-json\/wp\/v2\/comments?post=2536"}],"version-history":[{"count":0,"href":"https:\/\/modern-line.hr\/en\/wp-json\/wp\/v2\/pages\/2536\/revisions"}],"up":[{"embeddable":true,"href":"https:\/\/modern-line.hr\/en\/wp-json\/wp\/v2\/pages\/2531"}],"wp:attachment":[{"href":"https:\/\/modern-line.hr\/en\/wp-json\/wp\/v2\/media?parent=2536"}],"curies":[{"name":"wp","href":"https:\/\/api.w.org\/{rel}","templated":true}]}}